{"id":4336,"date":"2018-03-30T10:03:25","date_gmt":"2018-03-30T08:03:25","guid":{"rendered":"http:\/\/castellodipralormo.com\/raten-und-vereinbarungen\/"},"modified":"2021-01-27T11:15:14","modified_gmt":"2021-01-27T10:15:14","slug":"raten-und-vereinbarungen","status":"publish","type":"page","link":"https:\/\/castellodipralormo.com\/de\/raten-und-vereinbarungen\/","title":{"rendered":"Raten und Vereinbarungen"},"content":{"rendered":"<p>[vc_row wrap_container=&#8221;yes&#8221; css=&#8221;.vc_custom_1504021655198{margin-top: -10px !important;}&#8221;][vc_column width=&#8221;3\/4&#8243;][vc_column_text]<\/p>\n<h1>Raten und Vereinbarungen<\/h1>\n<p>[\/vc_column_text][vc_row_inner][vc_column_inner width=&#8221;1\/3&#8243;][vc_column_text]<\/p>\n<h3>Preise<\/h3>\n<p>[\/vc_column_text][\/vc_column_inner][vc_column_inner width=&#8221;2\/3&#8243;][vc_column_text]<strong>PREISE 2021\u00a0<\/strong><\/p>\n<p>definiert werden<\/p>\n<p>&nbsp;<\/p>\n<p><strong>PREISE 2020<\/strong><\/p>\n<p><strong>Ausstellung MESSER TULPEN (im Monat April):<\/strong><br \/>\nErwachsene: \u20ac 10,00<br \/>\nGruppen erm\u00e4\u00dfigt (\u00fcber 15 Personen) und Konventioniert: \u20ac 8,00<br \/>\nKinder erm\u00e4\u00dfigt von 4 bis 12 Jahren und Behinderte: \u20ac 5,00<br \/>\nUnter 4 Jahre : kostenlos<\/p>\n<p>Die Eintrittskarten f\u00fcr die Ausstellung der MESSER TULPEN k\u00f6nnen auch im Vorverkauf \u00fcber folgende web- Seite erworben werden: <a href=\"https:\/\/www.ciaotickets.com\/evento\/messer-tulipano\">http:\/\/www.ciaotickets.com\/evento\/messer-tulipano<\/a><\/p>\n<p><strong>SCHLOSS VON PRALORMO (von April bis November):<\/strong><br \/>\nErwachsene: \u20ac 9,00<br \/>\nGruppen erm\u00e4\u00dfigt (\u00fcber 15 Personen) und Konventioniert: \u20ac 8,00<br \/>\nKinder erm\u00e4\u00dfigt von 4 bis 12 Jahren und Behinderte: \u20ac 5,00<br \/>\nUnter 4 Jahren kostenlos<br \/>\nDie Schlossf\u00fchrung kann in folgenden Sprachen reseviert werden: Englisch, Franz\u00f6sisch, und Deutsch; daf\u00fcr ist ein Zuschlag zu bezahlen, Info dazu, bitte im Sekretariat anfragen.<\/p>\n<p><strong>\u201cDie Modelleisenbahn des Grafen\u201d\u00a0(von April bis November)<\/strong><br \/>\n(diese Besichtigung ist f\u00fcr Gruppen gedacht, von mindestens 5 Personen bis max. 12 Personen pro Gruppo)<br \/>\n\u2013 Erwachsene: \u20ac 12,00<br \/>\n\u2013 Erm\u00e4\u00dfigt: \u20ac 10,00<br \/>\n&#8211; Erm\u00e4\u00dfigt Kinder von 6 bis 12 Jahren: \u20ac 8,00<br \/>\n(die Zugbesichtigug wird Kinder unter 6Jahren nicht empfohlen)<\/p>\n<p>Die Schlossf\u00fchrung kann in folgenden Sprachen reseviert werden: Englisch, Franz\u00f6sisch, und Deutsch; daf\u00fcr ist ein Zuschlag zu bezahlen, Info dazu, bitte im Sekretariat anfragen.<\/p>\n<p><strong>BESICHTIGUNG KOMBINIERT SCHLOSS + \u201cMODELLEISENBAHNEN DES GRAFEN\u201d\u00a0(von April bis November)<\/strong><br \/>\n(diese Besichtigung ist f\u00fcr Gruppen gedacht, von mindestens 5 Personen bis max. 12 Personen pro Gruppe)<br \/>\n\u2013 Erwachsene: \u20ac 15,00<br \/>\n\u2013 Kinder erm\u00e4\u00dfigt von 6 bis 12 Jahren: \u20ac 10,00<br \/>\n(die Besichtigung f\u00fcr Kinder unter 6 Jahren wird nicht empfohlen)<br \/>\nDie Preisnachl\u00e4sse sind nicht kumulierbar<\/p>\n<p>Die Schlossf\u00fchrung kann in folgenden Sprachen reseviert werden: Englisch, Franz\u00f6sisch, und Deutsch; daf\u00fcr ist ein Zuschlag zu bezahlen, Info dazu, bitte im Sekretariat anfragen.[\/vc_column_text][\/vc_column_inner][\/vc_row_inner][vc_row_inner][vc_column_inner][vc_separator][vc_column_text]W\u00e4hrend der Messer Tulpen Ausstellung sind die Eintrittspreise der Schlossbesichtigung f\u00fcr Erwachsene auf \u20ac 8,00 reduziert, allerdings nur mit einer Eintrittskarte f\u00fcr die Messer Tulpen Ausstellung.[\/vc_column_text][\/vc_column_inner][\/vc_row_inner][vc_empty_space][\/vc_column][vc_column width=&#8221;1\/4&#8243;]<div class=\"porto-block\"><style>.vc_custom_1504021655198{margin-top: -10px !important;}.vc_custom_1505485521375{padding-left: 30px !important;}<\/style>[vc_row wrap_container=\"yes\" css=\".vc_custom_1504021655198{margin-top: -10px !important;}\"][vc_column css=\".vc_custom_1505485521375{padding-left: 30px !important;}\"][vc_empty_space height=\"18px\"][vc_column_text]<a href=\"http:\/\/castellodipralormo.com\/de\/schlossbesichtigungen\/\"><img class=\"alignnone wp-image-3229 size-full\" src=\"http:\/\/castellodipralormo.com\/wp-content\/uploads\/2018\/04\/visite-al-castello-de.jpg\" alt=\"visite-al-castello-de\" width=\"430\" height=\"215\" \/><\/a>\r\n<a href=\"http:\/\/castellodipralormo.com\/de\/messer-tulpen\/\"><img class=\"alignnone wp-image-2001 size-full\" style=\"margin-top: 15px;\" src=\"http:\/\/castellodipralormo.com\/wp-content\/uploads\/2018\/04\/messer-tulipano-de.jpg\" alt=\"messer-tulipano-de\" width=\"430\" height=\"215\" \/><\/a>\r\n<a href=\"http:\/\/castellodipralormo.com\/de\/die-modelleisenbahnen-des-grafen\/\"><img class=\"alignnone wp-image-2010 size-full\" style=\"margin-top: 15px;\" src=\"http:\/\/castellodipralormo.com\/wp-content\/uploads\/2018\/04\/il-trenino-del-conte-de.jpg\" alt=\"il-trenino-del-conte-de\" width=\"430\" height=\"215\" \/><\/a>\r\n<a href=\"http:\/\/castellodipralormo.com\/de\/location-und-hochzeiten\/\"><img class=\"alignnone size-full wp-image-2007\" style=\"margin-top: 15px;\" src=\"http:\/\/castellodipralormo.com\/wp-content\/uploads\/2018\/04\/eventi-e-matrimoni-de.jpg\" alt=\"eventi-e-matrimoni-de\" width=\"430\" height=\"215\" \/><\/a>\r\n<a href=\"http:\/\/www.lecasedellagiardiniera.it\/de\/home\/\"><img class=\"alignnone size-full wp-image-2004\" style=\"margin-top: 15px;\" src=\"http:\/\/castellodipralormo.com\/wp-content\/uploads\/2018\/04\/ospitalita-de.jpg\" alt=\"le-case-della-giardiniera-de\" width=\"430\" height=\"215\" \/><\/a>[\/vc_column_text][\/vc_column][\/vc_row]<\/div>[\/vc_column][\/vc_row]<\/p>\n","protected":false},"excerpt":{"rendered":"<p>[vc_row wrap_container=&#8221;yes&#8221; css=&#8221;.vc_custom_1504021655198{margin-top: -10px !important;}&#8221;][vc_column width=&#8221;3\/4&#8243;][vc_column_text] Raten und Vereinbarungen [\/vc_column_text][vc_row_inner][vc_column_inner width=&#8221;1\/3&#8243;][vc_column_text] Preise [\/vc_column_text][\/vc_column_inner][vc_column_inner width=&#8221;2\/3&#8243;][vc_column_text]PREISE 2021\u00a0 definiert werden &nbsp; PREISE 2020 Ausstellung MESSER TULPEN (im Monat April): Erwachsene: \u20ac 10,00 Gruppen erm\u00e4\u00dfigt (\u00fcber 15 Personen) und Konventioniert: \u20ac 8,00 Kinder erm\u00e4\u00dfigt von 4 bis 12 Jahren und Behinderte: \u20ac 5,00 Unter 4 Jahre : kostenlos Die [&hellip;]<\/p>\n","protected":false},"author":1,"featured_media":0,"parent":0,"menu_order":0,"comment_status":"closed","ping_status":"closed","template":"","meta":[],"tags":[],"yoast_head":"<!-- This site is optimized with the Yoast SEO plugin v16.1.1 - https:\/\/yoast.com\/wordpress\/plugins\/seo\/ -->\n<title>Raten und Vereinbarungen - Castello di Pralormo<\/title>\n<link rel=\"canonical\" href=\"https:\/\/castellodipralormo.com\/de\/raten-und-vereinbarungen\/\" \/>\n<meta property=\"og:locale\" content=\"de_DE\" \/>\n<meta property=\"og:type\" content=\"article\" \/>\n<meta property=\"og:title\" content=\"Raten und Vereinbarungen - Castello di Pralormo\" \/>\n<meta property=\"og:description\" content=\"[vc_row wrap_container=&#8221;yes&#8221; css=&#8221;.vc_custom_1504021655198{margin-top: -10px !important;}&#8221;][vc_column width=&#8221;3\/4&#8243;][vc_column_text] Raten und Vereinbarungen [\/vc_column_text][vc_row_inner][vc_column_inner width=&#8221;1\/3&#8243;][vc_column_text] Preise [\/vc_column_text][\/vc_column_inner][vc_column_inner width=&#8221;2\/3&#8243;][vc_column_text]PREISE 2021\u00a0 definiert werden &nbsp; PREISE 2020 Ausstellung MESSER TULPEN (im Monat April): Erwachsene: \u20ac 10,00 Gruppen erm\u00e4\u00dfigt (\u00fcber 15 Personen) und Konventioniert: \u20ac 8,00 Kinder erm\u00e4\u00dfigt von 4 bis 12 Jahren und Behinderte: \u20ac 5,00 Unter 4 Jahre : kostenlos Die [&hellip;]\" \/>\n<meta property=\"og:url\" content=\"https:\/\/castellodipralormo.com\/de\/raten-und-vereinbarungen\/\" \/>\n<meta property=\"og:site_name\" content=\"Castello di Pralormo\" \/>\n<meta property=\"article:modified_time\" content=\"2021-01-27T10:15:14+00:00\" \/>\n<meta name=\"twitter:card\" content=\"summary\" \/>\n<meta name=\"twitter:label1\" content=\"Gesch\u00e4tzte Lesezeit\">\n\t<meta name=\"twitter:data1\" content=\"2 Minuten\">\n<script type=\"application\/ld+json\" class=\"yoast-schema-graph\">{\"@context\":\"https:\/\/schema.org\",\"@graph\":[{\"@type\":\"WebSite\",\"@id\":\"https:\/\/castellodipralormo.com\/#website\",\"url\":\"https:\/\/castellodipralormo.com\/\",\"name\":\"Castello di Pralormo\",\"description\":\"\",\"potentialAction\":[{\"@type\":\"SearchAction\",\"target\":\"https:\/\/castellodipralormo.com\/?s={search_term_string}\",\"query-input\":\"required name=search_term_string\"}],\"inLanguage\":\"de-DE\"},{\"@type\":\"WebPage\",\"@id\":\"https:\/\/castellodipralormo.com\/de\/raten-und-vereinbarungen\/#webpage\",\"url\":\"https:\/\/castellodipralormo.com\/de\/raten-und-vereinbarungen\/\",\"name\":\"Raten und Vereinbarungen - Castello di Pralormo\",\"isPartOf\":{\"@id\":\"https:\/\/castellodipralormo.com\/#website\"},\"datePublished\":\"2018-03-30T08:03:25+00:00\",\"dateModified\":\"2021-01-27T10:15:14+00:00\",\"breadcrumb\":{\"@id\":\"https:\/\/castellodipralormo.com\/de\/raten-und-vereinbarungen\/#breadcrumb\"},\"inLanguage\":\"de-DE\",\"potentialAction\":[{\"@type\":\"ReadAction\",\"target\":[\"https:\/\/castellodipralormo.com\/de\/raten-und-vereinbarungen\/\"]}]},{\"@type\":\"BreadcrumbList\",\"@id\":\"https:\/\/castellodipralormo.com\/de\/raten-und-vereinbarungen\/#breadcrumb\",\"itemListElement\":[{\"@type\":\"ListItem\",\"position\":1,\"item\":{\"@type\":\"WebPage\",\"@id\":\"https:\/\/castellodipralormo.com\/de\/\",\"url\":\"https:\/\/castellodipralormo.com\/de\/\",\"name\":\"Home\"}},{\"@type\":\"ListItem\",\"position\":2,\"item\":{\"@type\":\"WebPage\",\"@id\":\"https:\/\/castellodipralormo.com\/de\/raten-und-vereinbarungen\/\",\"url\":\"https:\/\/castellodipralormo.com\/de\/raten-und-vereinbarungen\/\",\"name\":\"Raten und Vereinbarungen\"}}]}]}<\/script>\n<!-- \/ Yoast SEO plugin. -->","_links":{"self":[{"href":"https:\/\/castellodipralormo.com\/de\/wp-json\/wp\/v2\/pages\/4336"}],"collection":[{"href":"https:\/\/castellodipralormo.com\/de\/wp-json\/wp\/v2\/pages"}],"about":[{"href":"https:\/\/castellodipralormo.com\/de\/wp-json\/wp\/v2\/types\/page"}],"author":[{"embeddable":true,"href":"https:\/\/castellodipralormo.com\/de\/wp-json\/wp\/v2\/users\/1"}],"replies":[{"embeddable":true,"href":"https:\/\/castellodipralormo.com\/de\/wp-json\/wp\/v2\/comments?post=4336"}],"version-history":[{"count":11,"href":"https:\/\/castellodipralormo.com\/de\/wp-json\/wp\/v2\/pages\/4336\/revisions"}],"predecessor-version":[{"id":6594,"href":"https:\/\/castellodipralormo.com\/de\/wp-json\/wp\/v2\/pages\/4336\/revisions\/6594"}],"wp:attachment":[{"href":"https:\/\/castellodipralormo.com\/de\/wp-json\/wp\/v2\/media?parent=4336"}],"wp:term":[{"taxonomy":"post_tag","embeddable":true,"href":"https:\/\/castellodipralormo.com\/de\/wp-json\/wp\/v2\/tags?post=4336"}],"curies":[{"name":"wp","href":"https:\/\/api.w.org\/{rel}","templated":true}]}}