{"id":4341,"date":"2018-03-30T10:37:52","date_gmt":"2018-03-30T08:37:52","guid":{"rendered":"http:\/\/castellodipralormo.com\/kontakte-offnungszeiten-und-preise\/"},"modified":"2021-01-27T11:27:04","modified_gmt":"2021-01-27T10:27:04","slug":"kontakte-offnungszeiten","status":"publish","type":"page","link":"https:\/\/castellodipralormo.com\/de\/kontakte-offnungszeiten\/","title":{"rendered":"Kontakte &#8211; \u00d6ffnungszeiten"},"content":{"rendered":"<p>[vc_row wrap_container=&#8221;yes&#8221; css=&#8221;.vc_custom_1504021655198{margin-top: -10px !important;}&#8221;][vc_column width=&#8221;3\/4&#8243;][vc_column_text]<\/p>\n<h1>Kontakte &#8211; \u00d6ffnungszeiten<\/h1>\n<p>[\/vc_column_text][vc_row_inner][vc_column_inner][vc_column_text]<\/p>\n<h3>KONTAKTE<\/h3>\n<p>SCHLOSS VON PRALORMO<br \/>\nVia Umberto I, 26<br \/>\n10040 Pralormo (TO)<br \/>\nTel und fax +39 011 884870 Tel +39 011 8140981<br \/>\n(Samstag, Sonntag und Feiertage Tel. +39 011 9481117)<br \/>\ninfo@castellodipralormo.com<\/p>\n<p>Verwaltung Sekretariat:<br \/>\nCONSOLATA PRALORMO DESIGN<br \/>\nVia Bicocca, 9 10133 Torino<br \/>\nTel und fax +39 011 884870 Tel +39 011 8140981<br \/>\npralormo.design@libero.it<br \/>\nSTEUERNR.: 06405480010[\/vc_column_text][vc_empty_space][\/vc_column_inner][\/vc_row_inner][vc_column_text]<\/p>\n<h3>\u00d6FFNUNGSZEITEN:<\/h3>\n<p>[\/vc_column_text][vc_separator][vc_row_inner][vc_column_inner width=&#8221;1\/3&#8243;][vc_column_text]<\/p>\n<p style=\"text-align: left;\">ER\u00d6FFNUNG:<\/p>\n<p>[\/vc_column_text][\/vc_column_inner][vc_column_inner width=&#8221;2\/3&#8243;][vc_column_text]<\/p>\n<p><strong>MESSER TULPEN:<\/strong><br \/>\nApril\u00a0(mon-fre h10-18, sam-son h10-19)<\/p>\n<p><strong>SCHLOSS VON PRALORMO:<\/strong><br \/>\n\u2013 Besucher:<br \/>\nT\u00e4glich vom M\u00e4rz bis zum Mai<br \/>\nJeden Sonntag vom Mai bis zum November\u00a0 (au\u00dfer im August)<br \/>\nOhne Vorreservierung<br \/>\n\u2013 Gruppen \u00fcber 15 Personen:<br \/>\njeden Tag vom\u00a0April bis zum November (au\u00dfer August)<br \/>\nReservierung erforderlich<\/p>\n<p><strong>DIE MODELLEISENBAHN DES GRAFEN: AKTUELL GESCHLOSSEN F\u00dcR ANTI COVID-19 SICHERHEITSBESCHR\u00c4NKUNGEN<\/strong><br \/>\nT\u00e4glich im April<\/p>\n<p>Jeden Sonntag vom Mai bis November (au\u00dfer August)<br \/>\nDer Besuch wird in einer kleinen Gruppe initiiert, da es 5 Personen mit maximal 12 Personen gleichzeitig gibt[\/vc_column_text][\/vc_column_inner][\/vc_row_inner][vc_row_inner][vc_column_inner][vc_separator][vc_column_text]Die Schlossbesichtung findet generell nur mit F\u00fchrung statt und dauert 45 min.. In der Regel werden die Schlossf\u00fchrungen auf italienisch gehalten (F\u00fchrungen in anderen Sprachen bitte vorab im Sekretariat anrufen).<\/p>\n<p>BEGEHBARKEIT<br \/>\nDas Schloss ist ein Privatgrundst\u00fcck und kein Museum, deshalb isy die Zug\u00e4nglichkeit dei einer normalen Nutzung eines Hauses. Wir weisen darauf hin das das Schloss leider keine Behindertengerechte Begehbarkeit hat, auf dem Rundgang sind Treppen vorhanden die leider aus Einschr\u00e4nkungen der Architektur nicht beseitigt werden konnten. Es gibt einen gro\u00dfen Privatparkplatz. Einen Bookshop. Wc.[\/vc_column_text][vc_empty_space][\/vc_column_inner][\/vc_row_inner][vc_column_text]<\/p>\n<p>&nbsp;<\/p>\n<p style=\"text-align: center;\"><strong> \u201cDas Schloss von Pralormo unterst\u00fctzt den Tourismus in Pralormo\u201d<\/strong><\/p>\n<p>[\/vc_column_text][\/vc_column][vc_column width=&#8221;1\/4&#8243;]<div class=\"porto-block\"><style>.vc_custom_1504021655198{margin-top: -10px !important;}.vc_custom_1505485521375{padding-left: 30px !important;}<\/style>[vc_row wrap_container=\"yes\" css=\".vc_custom_1504021655198{margin-top: -10px !important;}\"][vc_column css=\".vc_custom_1505485521375{padding-left: 30px !important;}\"][vc_empty_space height=\"18px\"][vc_column_text]<a href=\"http:\/\/castellodipralormo.com\/de\/schlossbesichtigungen\/\"><img class=\"alignnone wp-image-3229 size-full\" src=\"http:\/\/castellodipralormo.com\/wp-content\/uploads\/2018\/04\/visite-al-castello-de.jpg\" alt=\"visite-al-castello-de\" width=\"430\" height=\"215\" \/><\/a>\r\n<a href=\"http:\/\/castellodipralormo.com\/de\/messer-tulpen\/\"><img class=\"alignnone wp-image-2001 size-full\" style=\"margin-top: 15px;\" src=\"http:\/\/castellodipralormo.com\/wp-content\/uploads\/2018\/04\/messer-tulipano-de.jpg\" alt=\"messer-tulipano-de\" width=\"430\" height=\"215\" \/><\/a>\r\n<a href=\"http:\/\/castellodipralormo.com\/de\/die-modelleisenbahnen-des-grafen\/\"><img class=\"alignnone wp-image-2010 size-full\" style=\"margin-top: 15px;\" src=\"http:\/\/castellodipralormo.com\/wp-content\/uploads\/2018\/04\/il-trenino-del-conte-de.jpg\" alt=\"il-trenino-del-conte-de\" width=\"430\" height=\"215\" \/><\/a>\r\n<a href=\"http:\/\/castellodipralormo.com\/de\/location-und-hochzeiten\/\"><img class=\"alignnone size-full wp-image-2007\" style=\"margin-top: 15px;\" src=\"http:\/\/castellodipralormo.com\/wp-content\/uploads\/2018\/04\/eventi-e-matrimoni-de.jpg\" alt=\"eventi-e-matrimoni-de\" width=\"430\" height=\"215\" \/><\/a>\r\n<a href=\"http:\/\/www.lecasedellagiardiniera.it\/de\/home\/\"><img class=\"alignnone size-full wp-image-2004\" style=\"margin-top: 15px;\" src=\"http:\/\/castellodipralormo.com\/wp-content\/uploads\/2018\/04\/ospitalita-de.jpg\" alt=\"le-case-della-giardiniera-de\" width=\"430\" height=\"215\" \/><\/a>[\/vc_column_text][\/vc_column][\/vc_row]<\/div>[\/vc_column][\/vc_row]<\/p>\n","protected":false},"excerpt":{"rendered":"<p>[vc_row wrap_container=&#8221;yes&#8221; css=&#8221;.vc_custom_1504021655198{margin-top: -10px !important;}&#8221;][vc_column width=&#8221;3\/4&#8243;][vc_column_text] Kontakte &#8211; \u00d6ffnungszeiten [\/vc_column_text][vc_row_inner][vc_column_inner][vc_column_text] KONTAKTE SCHLOSS VON PRALORMO Via Umberto I, 26 10040 Pralormo (TO) Tel und fax +39 011 884870 Tel +39 011 8140981 (Samstag, Sonntag und Feiertage Tel. +39 011 9481117) info@castellodipralormo.com Verwaltung Sekretariat: CONSOLATA PRALORMO DESIGN Via Bicocca, 9 10133 Torino Tel und fax +39 011 [&hellip;]<\/p>\n","protected":false},"author":1,"featured_media":0,"parent":0,"menu_order":0,"comment_status":"closed","ping_status":"closed","template":"","meta":[],"tags":[],"yoast_head":"<!-- This site is optimized with the Yoast SEO plugin v16.1.1 - https:\/\/yoast.com\/wordpress\/plugins\/seo\/ -->\n<title>Kontakte - \u00d6ffnungszeiten - Castello di Pralormo<\/title>\n<link rel=\"canonical\" href=\"https:\/\/castellodipralormo.com\/de\/kontakte-offnungszeiten\/\" \/>\n<meta property=\"og:locale\" content=\"de_DE\" \/>\n<meta property=\"og:type\" content=\"article\" \/>\n<meta property=\"og:title\" content=\"Kontakte - \u00d6ffnungszeiten - Castello di Pralormo\" \/>\n<meta property=\"og:description\" content=\"[vc_row wrap_container=&#8221;yes&#8221; css=&#8221;.vc_custom_1504021655198{margin-top: -10px !important;}&#8221;][vc_column width=&#8221;3\/4&#8243;][vc_column_text] Kontakte &#8211; \u00d6ffnungszeiten [\/vc_column_text][vc_row_inner][vc_column_inner][vc_column_text] KONTAKTE SCHLOSS VON PRALORMO Via Umberto I, 26 10040 Pralormo (TO) Tel und fax +39 011 884870 Tel +39 011 8140981 (Samstag, Sonntag und Feiertage Tel. +39 011 9481117) info@castellodipralormo.com Verwaltung Sekretariat: CONSOLATA PRALORMO DESIGN Via Bicocca, 9 10133 Torino Tel und fax +39 011 [&hellip;]\" \/>\n<meta property=\"og:url\" content=\"https:\/\/castellodipralormo.com\/de\/kontakte-offnungszeiten\/\" \/>\n<meta property=\"og:site_name\" content=\"Castello di Pralormo\" \/>\n<meta property=\"article:modified_time\" content=\"2021-01-27T10:27:04+00:00\" \/>\n<meta name=\"twitter:card\" content=\"summary\" \/>\n<meta name=\"twitter:label1\" content=\"Gesch\u00e4tzte Lesezeit\">\n\t<meta name=\"twitter:data1\" content=\"2 Minuten\">\n<script type=\"application\/ld+json\" class=\"yoast-schema-graph\">{\"@context\":\"https:\/\/schema.org\",\"@graph\":[{\"@type\":\"WebSite\",\"@id\":\"https:\/\/castellodipralormo.com\/#website\",\"url\":\"https:\/\/castellodipralormo.com\/\",\"name\":\"Castello di Pralormo\",\"description\":\"\",\"potentialAction\":[{\"@type\":\"SearchAction\",\"target\":\"https:\/\/castellodipralormo.com\/?s={search_term_string}\",\"query-input\":\"required name=search_term_string\"}],\"inLanguage\":\"de-DE\"},{\"@type\":\"WebPage\",\"@id\":\"https:\/\/castellodipralormo.com\/de\/kontakte-offnungszeiten\/#webpage\",\"url\":\"https:\/\/castellodipralormo.com\/de\/kontakte-offnungszeiten\/\",\"name\":\"Kontakte - \\u00d6ffnungszeiten - Castello di Pralormo\",\"isPartOf\":{\"@id\":\"https:\/\/castellodipralormo.com\/#website\"},\"datePublished\":\"2018-03-30T08:37:52+00:00\",\"dateModified\":\"2021-01-27T10:27:04+00:00\",\"breadcrumb\":{\"@id\":\"https:\/\/castellodipralormo.com\/de\/kontakte-offnungszeiten\/#breadcrumb\"},\"inLanguage\":\"de-DE\",\"potentialAction\":[{\"@type\":\"ReadAction\",\"target\":[\"https:\/\/castellodipralormo.com\/de\/kontakte-offnungszeiten\/\"]}]},{\"@type\":\"BreadcrumbList\",\"@id\":\"https:\/\/castellodipralormo.com\/de\/kontakte-offnungszeiten\/#breadcrumb\",\"itemListElement\":[{\"@type\":\"ListItem\",\"position\":1,\"item\":{\"@type\":\"WebPage\",\"@id\":\"https:\/\/castellodipralormo.com\/de\/\",\"url\":\"https:\/\/castellodipralormo.com\/de\/\",\"name\":\"Home\"}},{\"@type\":\"ListItem\",\"position\":2,\"item\":{\"@type\":\"WebPage\",\"@id\":\"https:\/\/castellodipralormo.com\/de\/kontakte-offnungszeiten\/\",\"url\":\"https:\/\/castellodipralormo.com\/de\/kontakte-offnungszeiten\/\",\"name\":\"Kontakte &#8211; \\u00d6ffnungszeiten\"}}]}]}<\/script>\n<!-- \/ Yoast SEO plugin. -->","_links":{"self":[{"href":"https:\/\/castellodipralormo.com\/de\/wp-json\/wp\/v2\/pages\/4341"}],"collection":[{"href":"https:\/\/castellodipralormo.com\/de\/wp-json\/wp\/v2\/pages"}],"about":[{"href":"https:\/\/castellodipralormo.com\/de\/wp-json\/wp\/v2\/types\/page"}],"author":[{"embeddable":true,"href":"https:\/\/castellodipralormo.com\/de\/wp-json\/wp\/v2\/users\/1"}],"replies":[{"embeddable":true,"href":"https:\/\/castellodipralormo.com\/de\/wp-json\/wp\/v2\/comments?post=4341"}],"version-history":[{"count":24,"href":"https:\/\/castellodipralormo.com\/de\/wp-json\/wp\/v2\/pages\/4341\/revisions"}],"predecessor-version":[{"id":6606,"href":"https:\/\/castellodipralormo.com\/de\/wp-json\/wp\/v2\/pages\/4341\/revisions\/6606"}],"wp:attachment":[{"href":"https:\/\/castellodipralormo.com\/de\/wp-json\/wp\/v2\/media?parent=4341"}],"wp:term":[{"taxonomy":"post_tag","embeddable":true,"href":"https:\/\/castellodipralormo.com\/de\/wp-json\/wp\/v2\/tags?post=4341"}],"curies":[{"name":"wp","href":"https:\/\/api.w.org\/{rel}","templated":true}]}}