{"id":4404,"date":"2018-04-03T16:31:54","date_gmt":"2018-04-03T14:31:54","guid":{"rendered":"http:\/\/castellodipralormo.com\/die-familie-pralormo\/"},"modified":"2018-04-09T09:46:13","modified_gmt":"2018-04-09T07:46:13","slug":"die-familie-pralormo","status":"publish","type":"page","link":"https:\/\/castellodipralormo.com\/de\/die-familie-pralormo\/","title":{"rendered":"Die Familie Pralormo"},"content":{"rendered":"<p>[vc_row wrap_container=&#8221;yes&#8221; css=&#8221;.vc_custom_1504021655198{margin-top: -10px !important;}&#8221;][vc_column width=&#8221;3\/4&#8243;][vc_column_text]<\/p>\n<h1>Die Familie Pralormo<\/h1>\n<p>[\/vc_column_text][vc_row_inner][vc_column_inner width=&#8221;1\/3&#8243;][vc_single_image image=&#8221;2360&#8243; img_size=&#8221;full&#8221; onclick=&#8221;link_image&#8221;][\/vc_column_inner][vc_column_inner width=&#8221;2\/3&#8243;][vc_column_text]Im 1600. Jhd, begleitete  Jacques B\u00e8raud, der aus Barcelonnette, einer Stadt aus der Grafschaft Nizza kam, den Kardinal Maurizio di Savoia  nach Turin .Er \u00e4nderte seinen Namen B\u00e8raud in das italienischer klingende Beraudo, im Jahr 1680 wurde ihm von der regierenden Maria Giovanna Battista von Savoia Nemours, der Titel des Grafen von Pralormo \u00fcbergeben. Ab diesem Zeitpunkt lautet der offizielle Nachname Beraudo di Pralormo, die Familie k\u00fcrzte ihn jedoch einfachhalber ab auf  PRALORMO.<\/p>\n<p>Das Familienwappen erkl\u00e4rt sich folgenderma\u00dfen: Auf dem Rot drei silberne Tauben, mit  blauer  Spitze an einen goldenen Stern gen\u00e4ht. Das \u00fcbersetzt grafisch das Motto der Familie, Puritas et Veritas, auf Latein Reinheit (die Tauben) und Wahrheit( der Stern).  Die Familie Beraudo von Pralormo \u00fcbernahm wichtige  Auftr\u00e4ge im K\u00f6nigreich:  1700 war Filippo Domenico I. der erste Piemontese Amtsrichter im Valsesischen und danach kaum das Sardinien an die Savoia ging, regierte er die Kanzlei in Sardinien. Sein Sohn Vincenzo Sebastiano f\u00fchrte die Berrichtigung des Flussbettes am Flusse Po in Carmagnola durch, um die periodischen \u00dcberschwemmungen zu verhindern.<br \/>\nIn den Jahren  des  K\u00f6nigs Carlo Felice war Carlo 1. Beraudo di Pralormo (1784-1855)  Botschafter in Wien, w\u00e4hrend der Regentschaft des K\u00f6nigs Carlo Alberto, Finanzminister und Innenminister im K\u00f6nigreich Sardinien.[\/vc_column_text][\/vc_column_inner][\/vc_row_inner][vc_column_text]F\u00fcr seine Friedensstiftung mit \u00d6sterreich  wurde er vom K\u00f6nig Vittorio Emanuele II.  zum vollm\u00e4chtigen Sonderbotschafter ernannt und mit dem Halsband der ss. Anunziata ausgezeichnet und er schickte ihn als Botschafter nach Paris. Emanuele Beraudo di Pralormo (1887-1960) Vater des aktuellen Besitzers, als Generalleutnant erhielt er die Tapferkeitsgoldmedaglie. Im Sport war er ein ausgezeichneter Reitsportler so gewann er die Bronze Medaglie im Teamreiten des vollst\u00e4ndigen Reitwettkampfes auf der Olympiade 1924 in Paris. Seine Frau und Mutter des heutigen Eigent\u00fcmers, Maria Incisa della Rocchetta (1901-1996) Tochter des Markgrafen Enrico Incisa della Rocchetta und Eleonora dei Principi Chigi, hatte eine grundlegende Rolle ab der zweiten H\u00e4lfte des 19Jhd  im Erhalten des Schlosses. Die derzeitigen Eigent\u00fcmer des Schlosses sind der Graf Filippo Beraudo di Pralormo mit seiner Frau Consolata und ihren Kindern.<\/p>\n<p>Die Familie Pralormo hat ihren aktuellen Sitz  gew\u00f6hnlich auf dem Schloss und \u00fcbt ihre Rolle der  Wahrung und Erhaltung durch stetige Instandhaltung und restaurierungen aus. Consolata Beraudo di Pralormo ist die Erfinderin im  Verwirklichen der  zahlreichen Iniziativen: sie zeigte ihre Begabung in ihrer grossen Kreativit\u00e4t au\u00dfer ihrer Entschlossenheit, Begeisterung und Ausdauer; so endet sie ihre Studien in Kunstgeschichte mit einer Doktorarbeit \u00fcber die Geschichte des  Englischen Parks und begann 1975 Kinderkleidung zu entwerfen. Anfang der 90er Jahre, inmitten ihrer Designarbeit, entdeckt und wiederbelebt sie eine antike Kunst der Einrichtung, die Bandera Stickerei, die aus dem 16.Jhd stammt. 1992 gr\u00fcndet sie die  Consolata Pralormo Design, die sich auf das entwerfen und organisieren von Events,Ausstellungen und Festivals spezialisiert, viele von diesen fanden auf dem Schloss der Familie statt. Besonders die MESSER TULPEN , ein  botanisches Ereignis, das seit 2000 j\u00e4hrlich im April  mit seinem spektakul\u00e4ren erbl\u00fchen der Tulpen im Park, Tausende von Besuchern begr\u00fc\u00dft.<\/p>\n<p style=\"text-align: center;\"><strong><em>Copyright www.castellodipralormo.com, ALLE RECHTE VORBEHALTEN!<\/em><\/strong><\/p>\n<p>[\/vc_column_text][\/vc_column][vc_column width=&#8221;1\/4&#8243;]<div class=\"porto-block\"><style>.vc_custom_1504021655198{margin-top: -10px !important;}.vc_custom_1505485521375{padding-left: 30px !important;}<\/style>[vc_row wrap_container=\"yes\" css=\".vc_custom_1504021655198{margin-top: -10px !important;}\"][vc_column css=\".vc_custom_1505485521375{padding-left: 30px !important;}\"][vc_empty_space height=\"18px\"][vc_column_text]<a href=\"http:\/\/castellodipralormo.com\/de\/schlossbesichtigungen\/\"><img class=\"alignnone wp-image-3229 size-full\" src=\"http:\/\/castellodipralormo.com\/wp-content\/uploads\/2018\/04\/visite-al-castello-de.jpg\" alt=\"visite-al-castello-de\" width=\"430\" height=\"215\" \/><\/a>\r\n<a href=\"http:\/\/castellodipralormo.com\/de\/messer-tulpen\/\"><img class=\"alignnone wp-image-2001 size-full\" style=\"margin-top: 15px;\" src=\"http:\/\/castellodipralormo.com\/wp-content\/uploads\/2018\/04\/messer-tulipano-de.jpg\" alt=\"messer-tulipano-de\" width=\"430\" height=\"215\" \/><\/a>\r\n<a href=\"http:\/\/castellodipralormo.com\/de\/die-modelleisenbahnen-des-grafen\/\"><img class=\"alignnone wp-image-2010 size-full\" style=\"margin-top: 15px;\" src=\"http:\/\/castellodipralormo.com\/wp-content\/uploads\/2018\/04\/il-trenino-del-conte-de.jpg\" alt=\"il-trenino-del-conte-de\" width=\"430\" height=\"215\" \/><\/a>\r\n<a href=\"http:\/\/castellodipralormo.com\/de\/location-und-hochzeiten\/\"><img class=\"alignnone size-full wp-image-2007\" style=\"margin-top: 15px;\" src=\"http:\/\/castellodipralormo.com\/wp-content\/uploads\/2018\/04\/eventi-e-matrimoni-de.jpg\" alt=\"eventi-e-matrimoni-de\" width=\"430\" height=\"215\" \/><\/a>\r\n<a href=\"http:\/\/www.lecasedellagiardiniera.it\/de\/home\/\"><img class=\"alignnone size-full wp-image-2004\" style=\"margin-top: 15px;\" src=\"http:\/\/castellodipralormo.com\/wp-content\/uploads\/2018\/04\/ospitalita-de.jpg\" alt=\"le-case-della-giardiniera-de\" width=\"430\" height=\"215\" \/><\/a>[\/vc_column_text][\/vc_column][\/vc_row]<\/div>[\/vc_column][\/vc_row]<\/p>\n","protected":false},"excerpt":{"rendered":"<p>[vc_row wrap_container=&#8221;yes&#8221; css=&#8221;.vc_custom_1504021655198{margin-top: -10px !important;}&#8221;][vc_column width=&#8221;3\/4&#8243;][vc_column_text] Die Familie Pralormo [\/vc_column_text][vc_row_inner][vc_column_inner width=&#8221;1\/3&#8243;][vc_single_image image=&#8221;2360&#8243; img_size=&#8221;full&#8221; onclick=&#8221;link_image&#8221;][\/vc_column_inner][vc_column_inner width=&#8221;2\/3&#8243;][vc_column_text]Im 1600. Jhd, begleitete Jacques B\u00e8raud, der aus Barcelonnette, einer Stadt aus der Grafschaft Nizza kam, den Kardinal Maurizio di Savoia nach Turin .Er \u00e4nderte seinen Namen B\u00e8raud in das italienischer klingende Beraudo, im Jahr 1680 wurde ihm von der regierenden [&hellip;]<\/p>\n","protected":false},"author":1,"featured_media":0,"parent":0,"menu_order":0,"comment_status":"closed","ping_status":"closed","template":"","meta":[],"tags":[],"yoast_head":"<!-- This site is optimized with the Yoast SEO plugin v16.1.1 - https:\/\/yoast.com\/wordpress\/plugins\/seo\/ -->\n<title>Die Familie Pralormo - Castello di Pralormo<\/title>\n<link rel=\"canonical\" href=\"https:\/\/castellodipralormo.com\/de\/die-familie-pralormo\/\" \/>\n<meta property=\"og:locale\" content=\"de_DE\" \/>\n<meta property=\"og:type\" content=\"article\" \/>\n<meta property=\"og:title\" content=\"Die Familie Pralormo - Castello di Pralormo\" \/>\n<meta property=\"og:description\" content=\"[vc_row wrap_container=&#8221;yes&#8221; css=&#8221;.vc_custom_1504021655198{margin-top: -10px !important;}&#8221;][vc_column width=&#8221;3\/4&#8243;][vc_column_text] Die Familie Pralormo [\/vc_column_text][vc_row_inner][vc_column_inner width=&#8221;1\/3&#8243;][vc_single_image image=&#8221;2360&#8243; img_size=&#8221;full&#8221; onclick=&#8221;link_image&#8221;][\/vc_column_inner][vc_column_inner width=&#8221;2\/3&#8243;][vc_column_text]Im 1600. Jhd, begleitete Jacques B\u00e8raud, der aus Barcelonnette, einer Stadt aus der Grafschaft Nizza kam, den Kardinal Maurizio di Savoia nach Turin .Er \u00e4nderte seinen Namen B\u00e8raud in das italienischer klingende Beraudo, im Jahr 1680 wurde ihm von der regierenden [&hellip;]\" \/>\n<meta property=\"og:url\" content=\"https:\/\/castellodipralormo.com\/de\/die-familie-pralormo\/\" \/>\n<meta property=\"og:site_name\" content=\"Castello di Pralormo\" \/>\n<meta property=\"article:modified_time\" content=\"2018-04-09T07:46:13+00:00\" \/>\n<meta name=\"twitter:card\" content=\"summary\" \/>\n<meta name=\"twitter:label1\" content=\"Gesch\u00e4tzte Lesezeit\">\n\t<meta name=\"twitter:data1\" content=\"3 Minuten\">\n<script type=\"application\/ld+json\" class=\"yoast-schema-graph\">{\"@context\":\"https:\/\/schema.org\",\"@graph\":[{\"@type\":\"WebSite\",\"@id\":\"https:\/\/castellodipralormo.com\/#website\",\"url\":\"https:\/\/castellodipralormo.com\/\",\"name\":\"Castello di Pralormo\",\"description\":\"\",\"potentialAction\":[{\"@type\":\"SearchAction\",\"target\":\"https:\/\/castellodipralormo.com\/?s={search_term_string}\",\"query-input\":\"required name=search_term_string\"}],\"inLanguage\":\"de-DE\"},{\"@type\":\"WebPage\",\"@id\":\"https:\/\/castellodipralormo.com\/de\/die-familie-pralormo\/#webpage\",\"url\":\"https:\/\/castellodipralormo.com\/de\/die-familie-pralormo\/\",\"name\":\"Die Familie Pralormo - Castello di Pralormo\",\"isPartOf\":{\"@id\":\"https:\/\/castellodipralormo.com\/#website\"},\"datePublished\":\"2018-04-03T14:31:54+00:00\",\"dateModified\":\"2018-04-09T07:46:13+00:00\",\"breadcrumb\":{\"@id\":\"https:\/\/castellodipralormo.com\/de\/die-familie-pralormo\/#breadcrumb\"},\"inLanguage\":\"de-DE\",\"potentialAction\":[{\"@type\":\"ReadAction\",\"target\":[\"https:\/\/castellodipralormo.com\/de\/die-familie-pralormo\/\"]}]},{\"@type\":\"BreadcrumbList\",\"@id\":\"https:\/\/castellodipralormo.com\/de\/die-familie-pralormo\/#breadcrumb\",\"itemListElement\":[{\"@type\":\"ListItem\",\"position\":1,\"item\":{\"@type\":\"WebPage\",\"@id\":\"https:\/\/castellodipralormo.com\/de\/\",\"url\":\"https:\/\/castellodipralormo.com\/de\/\",\"name\":\"Home\"}},{\"@type\":\"ListItem\",\"position\":2,\"item\":{\"@type\":\"WebPage\",\"@id\":\"https:\/\/castellodipralormo.com\/de\/die-familie-pralormo\/\",\"url\":\"https:\/\/castellodipralormo.com\/de\/die-familie-pralormo\/\",\"name\":\"Die Familie Pralormo\"}}]}]}<\/script>\n<!-- \/ Yoast SEO plugin. -->","_links":{"self":[{"href":"https:\/\/castellodipralormo.com\/de\/wp-json\/wp\/v2\/pages\/4404"}],"collection":[{"href":"https:\/\/castellodipralormo.com\/de\/wp-json\/wp\/v2\/pages"}],"about":[{"href":"https:\/\/castellodipralormo.com\/de\/wp-json\/wp\/v2\/types\/page"}],"author":[{"embeddable":true,"href":"https:\/\/castellodipralormo.com\/de\/wp-json\/wp\/v2\/users\/1"}],"replies":[{"embeddable":true,"href":"https:\/\/castellodipralormo.com\/de\/wp-json\/wp\/v2\/comments?post=4404"}],"version-history":[{"count":3,"href":"https:\/\/castellodipralormo.com\/de\/wp-json\/wp\/v2\/pages\/4404\/revisions"}],"predecessor-version":[{"id":4407,"href":"https:\/\/castellodipralormo.com\/de\/wp-json\/wp\/v2\/pages\/4404\/revisions\/4407"}],"wp:attachment":[{"href":"https:\/\/castellodipralormo.com\/de\/wp-json\/wp\/v2\/media?parent=4404"}],"wp:term":[{"taxonomy":"post_tag","embeddable":true,"href":"https:\/\/castellodipralormo.com\/de\/wp-json\/wp\/v2\/tags?post=4404"}],"curies":[{"name":"wp","href":"https:\/\/api.w.org\/{rel}","templated":true}]}}