{"id":4414,"date":"2018-04-04T08:55:11","date_gmt":"2018-04-04T06:55:11","guid":{"rendered":"http:\/\/castellodipralormo.com\/die-modelleisenbahnen-des-grafen-2\/"},"modified":"2018-11-26T10:11:18","modified_gmt":"2018-11-26T09:11:18","slug":"die-modelleisenbahnen-des-grafen-2","status":"publish","type":"page","link":"https:\/\/castellodipralormo.com\/de\/die-modelleisenbahnen-des-grafen-2\/","title":{"rendered":"Besichtigungen MODELLEISENBAHNEN DES GRAFEN"},"content":{"rendered":"<p>[vc_row wrap_container=&#8221;yes&#8221; css=&#8221;.vc_custom_1504021655198{margin-top: -10px !important;}&#8221;][vc_column width=&#8221;3\/4&#8243;][vc_column_text]<\/p>\n<h1>Die Modelleisenbahnen Des Grafen<\/h1>\n<p>[\/vc_column_text][vc_column_text]<\/p>\n<h3>Die Besichtigungen:<\/h3>\n<p>Die F\u00fchrungen werden immer von den Eigent\u00fcmern gehalten. Aus Gr\u00fcnden der Kostbarkeit und der Empfindlichkeit der Einrichtung, der Ger\u00e4tschaften und Maschinen, die ausgestellt und in ihrer Funktion vorgef\u00fchrt werden, sind nur kleine Gruppen mit nicht mehr als 12 Personen zugelassen..Eine Schlossf\u00fchrung dauert ca. 45 min.<br \/>\nF\u00fcr organisierte Gruppen k\u00f6nnen NUR MIT VORBESTELLUNG (Tel. Nr.: 011 884870-8140981- info@castellodipralormo.com) eine Schlossf\u00fchrung t\u00e4glich ab Mai bis November ( au\u00dfer August) stattfinden..F\u00fcr Einzelbesucher gelten die \u00d6ffnungszeiten ab Mai bis November und Sonntags von 10:00 &#8211; 18:00 Uhr<\/p>\n<h3>\u00d6ffnungszeiten:<\/h3>\n<p><strong>Einla\u00df:\u00a0<\/strong><br \/>\nT\u00e4glich\u00a0im April (gleichzeitig zur Messer Tulpen Ausstellung im Park)<br \/>\nJeden Sonntag ab dem Mai bis einschl November (ausgenommen im August)<br \/>\n<strong>F\u00fcr Gruppen mindestens 15 Personen:<\/strong><br \/>\nT\u00e4glich vom\u00a0April\u00a0bis zum November (ausgenommen im August)<\/p>\n<h3>\u00d6ffnungszeiten: 10-18<\/h3>\n<h3><\/h3>\n","protected":false},"excerpt":{"rendered":"<p>[vc_row wrap_container=&#8221;yes&#8221; css=&#8221;.vc_custom_1504021655198{margin-top: -10px !important;}&#8221;][vc_column width=&#8221;3\/4&#8243;][vc_column_text] Die Modelleisenbahnen Des Grafen [\/vc_column_text][vc_column_text] Die Besichtigungen: Die F\u00fchrungen werden immer von den Eigent\u00fcmern gehalten. Aus Gr\u00fcnden der Kostbarkeit und der Empfindlichkeit der Einrichtung, der Ger\u00e4tschaften und Maschinen, die ausgestellt und in ihrer Funktion vorgef\u00fchrt werden, sind nur kleine Gruppen mit nicht mehr als 12 Personen zugelassen..Eine Schlossf\u00fchrung dauert [&hellip;]<\/p>\n","protected":false},"author":1,"featured_media":0,"parent":0,"menu_order":0,"comment_status":"closed","ping_status":"closed","template":"","meta":[],"tags":[],"yoast_head":"<!-- This site is optimized with the Yoast SEO plugin v16.1.1 - https:\/\/yoast.com\/wordpress\/plugins\/seo\/ -->\n<title>Besichtigungen MODELLEISENBAHNEN DES GRAFEN - Castello di Pralormo<\/title>\n<link rel=\"canonical\" href=\"https:\/\/castellodipralormo.com\/de\/die-modelleisenbahnen-des-grafen-2\/\" \/>\n<meta property=\"og:locale\" content=\"de_DE\" \/>\n<meta property=\"og:type\" content=\"article\" \/>\n<meta property=\"og:title\" content=\"Besichtigungen MODELLEISENBAHNEN DES GRAFEN - Castello di Pralormo\" \/>\n<meta property=\"og:description\" content=\"[vc_row wrap_container=&#8221;yes&#8221; css=&#8221;.vc_custom_1504021655198{margin-top: -10px !important;}&#8221;][vc_column width=&#8221;3\/4&#8243;][vc_column_text] Die Modelleisenbahnen Des Grafen [\/vc_column_text][vc_column_text] Die Besichtigungen: Die F\u00fchrungen werden immer von den Eigent\u00fcmern gehalten. Aus Gr\u00fcnden der Kostbarkeit und der Empfindlichkeit der Einrichtung, der Ger\u00e4tschaften und Maschinen, die ausgestellt und in ihrer Funktion vorgef\u00fchrt werden, sind nur kleine Gruppen mit nicht mehr als 12 Personen zugelassen..Eine Schlossf\u00fchrung dauert [&hellip;]\" \/>\n<meta property=\"og:url\" content=\"https:\/\/castellodipralormo.com\/de\/die-modelleisenbahnen-des-grafen-2\/\" \/>\n<meta property=\"og:site_name\" content=\"Castello di Pralormo\" \/>\n<meta property=\"article:modified_time\" content=\"2018-11-26T09:11:18+00:00\" \/>\n<meta name=\"twitter:card\" content=\"summary\" \/>\n<meta name=\"twitter:label1\" content=\"Gesch\u00e4tzte Lesezeit\">\n\t<meta name=\"twitter:data1\" content=\"1 Minute\">\n<script type=\"application\/ld+json\" class=\"yoast-schema-graph\">{\"@context\":\"https:\/\/schema.org\",\"@graph\":[{\"@type\":\"WebSite\",\"@id\":\"https:\/\/castellodipralormo.com\/#website\",\"url\":\"https:\/\/castellodipralormo.com\/\",\"name\":\"Castello di Pralormo\",\"description\":\"\",\"potentialAction\":[{\"@type\":\"SearchAction\",\"target\":\"https:\/\/castellodipralormo.com\/?s={search_term_string}\",\"query-input\":\"required name=search_term_string\"}],\"inLanguage\":\"de-DE\"},{\"@type\":\"WebPage\",\"@id\":\"https:\/\/castellodipralormo.com\/de\/die-modelleisenbahnen-des-grafen-2\/#webpage\",\"url\":\"https:\/\/castellodipralormo.com\/de\/die-modelleisenbahnen-des-grafen-2\/\",\"name\":\"Besichtigungen MODELLEISENBAHNEN DES GRAFEN - Castello di Pralormo\",\"isPartOf\":{\"@id\":\"https:\/\/castellodipralormo.com\/#website\"},\"datePublished\":\"2018-04-04T06:55:11+00:00\",\"dateModified\":\"2018-11-26T09:11:18+00:00\",\"breadcrumb\":{\"@id\":\"https:\/\/castellodipralormo.com\/de\/die-modelleisenbahnen-des-grafen-2\/#breadcrumb\"},\"inLanguage\":\"de-DE\",\"potentialAction\":[{\"@type\":\"ReadAction\",\"target\":[\"https:\/\/castellodipralormo.com\/de\/die-modelleisenbahnen-des-grafen-2\/\"]}]},{\"@type\":\"BreadcrumbList\",\"@id\":\"https:\/\/castellodipralormo.com\/de\/die-modelleisenbahnen-des-grafen-2\/#breadcrumb\",\"itemListElement\":[{\"@type\":\"ListItem\",\"position\":1,\"item\":{\"@type\":\"WebPage\",\"@id\":\"https:\/\/castellodipralormo.com\/de\/\",\"url\":\"https:\/\/castellodipralormo.com\/de\/\",\"name\":\"Home\"}},{\"@type\":\"ListItem\",\"position\":2,\"item\":{\"@type\":\"WebPage\",\"@id\":\"https:\/\/castellodipralormo.com\/de\/die-modelleisenbahnen-des-grafen-2\/\",\"url\":\"https:\/\/castellodipralormo.com\/de\/die-modelleisenbahnen-des-grafen-2\/\",\"name\":\"Besichtigungen MODELLEISENBAHNEN DES GRAFEN\"}}]}]}<\/script>\n<!-- \/ Yoast SEO plugin. -->","_links":{"self":[{"href":"https:\/\/castellodipralormo.com\/de\/wp-json\/wp\/v2\/pages\/4414"}],"collection":[{"href":"https:\/\/castellodipralormo.com\/de\/wp-json\/wp\/v2\/pages"}],"about":[{"href":"https:\/\/castellodipralormo.com\/de\/wp-json\/wp\/v2\/types\/page"}],"author":[{"embeddable":true,"href":"https:\/\/castellodipralormo.com\/de\/wp-json\/wp\/v2\/users\/1"}],"replies":[{"embeddable":true,"href":"https:\/\/castellodipralormo.com\/de\/wp-json\/wp\/v2\/comments?post=4414"}],"version-history":[{"count":6,"href":"https:\/\/castellodipralormo.com\/de\/wp-json\/wp\/v2\/pages\/4414\/revisions"}],"predecessor-version":[{"id":5150,"href":"https:\/\/castellodipralormo.com\/de\/wp-json\/wp\/v2\/pages\/4414\/revisions\/5150"}],"wp:attachment":[{"href":"https:\/\/castellodipralormo.com\/de\/wp-json\/wp\/v2\/media?parent=4414"}],"wp:term":[{"taxonomy":"post_tag","embeddable":true,"href":"https:\/\/castellodipralormo.com\/de\/wp-json\/wp\/v2\/tags?post=4414"}],"curies":[{"name":"wp","href":"https:\/\/api.w.org\/{rel}","templated":true}]}}