{"id":4420,"date":"2018-04-04T09:13:24","date_gmt":"2018-04-04T07:13:24","guid":{"rendered":"http:\/\/castellodipralormo.com\/messer-tulpen\/"},"modified":"2018-04-09T09:47:17","modified_gmt":"2018-04-09T07:47:17","slug":"messer-tulpen","status":"publish","type":"page","link":"https:\/\/castellodipralormo.com\/de\/messer-tulpen\/","title":{"rendered":"Messer Tulpen"},"content":{"rendered":"<p>[vc_row wrap_container=&#8221;yes&#8221; css=&#8221;.vc_custom_1504021655198{margin-top: -10px !important;}&#8221;][vc_column width=&#8221;3\/4&#8243;][vc_column_text]<\/p>\n<h1>Messer Tulpen<\/h1>\n<p>[\/vc_column_text][vc_column_text]<\/p>\n<p style=\"text-align: center;\"><iframe loading=\"lazy\" src=\"https:\/\/player.vimeo.com\/video\/228653134?loop=1&amp;title=0&amp;byline=0&amp;portrait=0\" width=\"640\" height=\"360\" frameborder=\"0\" allowfullscreen=\"allowfullscreen\"><\/iframe><\/p>\n<p>Nach einer Reise in die Niederlande beschloss Consolata Pralormo 1999, im historischen Park des Familienschlosses ein gro\u00dfes Tulpenfest zu veranstalten.[\/vc_column_text][vc_single_image image=&#8221;2718&#8243; img_size=&#8221;full&#8221; alignment=&#8221;center&#8221;][vc_column_text]Seit dem Fr\u00fchling 2000 findet nun im Park die MESSER TULPEN mit seinen atemberaubenden Tausenden bl\u00fchenden Tulpen und Narzissen statt.<\/p>\n<p>Seitdem erscheint in jedem Fr\u00fchlingMesser Tulpen auf Pralormo, um die Tulpen erbl\u00fchen zu lassen: Jede Veranstaltung dieses botanischen Ereignisses richtet eine vollkommen neue Setzung in der Vielfalt und der Wahl der Farben aus. Das Einsetzen im Sp\u00e4therbst besch\u00e4ftigt 10 Personen \u00fcber zehn Tage, m\u00f6chte eine Vielfalt an seltenen  und dem italienischen Publikum unbekannten Sorten zeigen, aber auch solche, die die Geschichte der Tulpen veranschaulichen. <\/p>\n<p>Die Veranstaltung umfa\u00dft den ganzen Park, der im 19.Jhd., vom Hofarchitekten Xavier Kurten entworfen wurde, der Entwerfer, der bekanntesten G\u00e4rten, der Sabaudischen Residenzen. Auf den gro\u00dfen Wiesen entstanden Strauchrabatten mit weichen geschmeidigen Formen. Um die historische Einrichtung und die Prospektive nicht zu ver\u00e4ndern wurde darauf besonders R\u00fccksicht genommen. Deshalb schl\u00e4ngeln sich die Str\u00e4ucher zwischen den alten B\u00e4umen anstatt in gerade, geometrische Formen. Aus dem Unterholz luken die B\u00fcschel der Muscari und Narzissen. An den schattigen Stellen finden Knollen ihren Sitz, mit dunklen Farben, da sie die Strahlen der Sonne f\u00fcrchten; Die W\u00e4rme aufgestaut in den dicken Mauern aus Ziegeln, dort angelehnt, steht das Gew\u00e4chshaus und garantiert ein fr\u00fches erbl\u00fchen, w\u00e4hrend die ersten Bl\u00e4tter an den Zweigen erscheinen. <\/p>\n<p><strong><em>Apropos der Messer Tulpen, erz\u00e4hlt Consolata Pralormo&#8230;<\/em><\/strong><\/p>\n<p><em>\u201cSeit vierzig Jahren gehen mein Mann Filippo Beraudo von Pralormo und ich stetig und leidenschaftlich den Weg, der Verbesserungen und Wiederaufwertung, das hat auch dazu gef\u00fchrt, dass das Innere des Guts der Familie nunmehr zug\u00e4nglich f\u00fcr das breite Publikum wurde: eine Entdeckungreise hinter die Kulissen in das echte Leben im Schloss.<\/em><\/p>\n<p><em>Ganz besonders im Jahre 1999 war mir der Gedanke gekommen, den historischen Schlosspark der Familie wieder zu beleben, mit einer gro\u00dfen Veranstaltung die der Tulpen gwidmet sein sollte: MESSER TULPEN.<\/em><\/p>\n<p><em>Wer mich fr\u00e4gt warum  ich ausgerechnet Tulpen ausgesucht habe, antworte ich, da\u00df es wie so oft im Leben , eine Mischung war, aus Erfahrungen, Begegnungen und Zufall: Seit langem wollte ich eine botanische Veranstaltung organisieren. Im Laufe der Jahre hatte ich gen\u00fcgend  Material und Ideen gesammelt. Ich hatte viele Ausstellungen und Veranstaltungen in ganz Italien und im Ausland besucht, soda\u00df es in mir keimte, mir fehlte nur noch eine deutliche Vision, welches \u201cmeine\u201d Veranstaltung sein sollte&#8230;. Dann, im Sommer auf einer Reise in Holland&#8230;.erleuchtete ein Funke in mir! Tulpen besitzen eine atemberaubende, elegante Sch\u00f6nheit, und brauchen nichts weiter als ein \u201cBett\u201d mit Erde, Torf und Sand, von etwa 20 cm, das sich leicht auf die englischen Wiesen betten l\u00e4\u00dft, ohne das Bild im Park , das von Kurten entwickelt war, ver\u00e4ndern zu m\u00fcssen. Ausserdem haben Tulpen eine faszinierende Geschichte, deshalb sind sie ausgezeichnet geeignet als Hauptdarsteller einer Ausstellung und passen wunderbar in das Schloss Ambiente, ebenso reich an Geschichte und Faszination. Tulpen haben eine unendliche Auswahl an Farben und Formen, und geben mir daher viel Raum zum experimentieren und meienr Kreativit\u00e4t. Dabei kann ich trotzdem immer der romantischen Linie Kurtens folgen: weiche, geschmeidige B\u00fcsche und Str\u00e4ucher, die den Pfaden folgen und sich durch die B\u00e4ume schl\u00e4ngeln. Angeordnet mit seinen zarten Schattierungen, w\u00e4hrend das Unterholz stetig erbl\u00fcht&#8230;. oder leide ich  auch an der \u201cTulpenmanie\u201d die im 17Jhd., in Holland  ausgebrochen war?<\/em><\/p>\n<p><em>Um diesen Hauptdarsteller f\u00fcr eine Veranstaltung ins Leben zu rufen, holte ich mir den K\u00fcnstler Antonio Molino, der sich voll und ganz in die Atmosph\u00e4re des Parks hinein versetzte, und das ins Leben rief, was wir beide uns vorgestellt hatten: Einen Holl\u00e4ndischen Gentleman aus vergangenen Tagen, tadellos, aber immer bereit seine Gartensch\u00fcrtze zu tragen, leidenschaflicher Botaniker und raffinierter Melomane, ausgezeichneter Fotograf und freundlicher Bewacher der Waldbewohner.<\/em><\/p>\n<p><em>Seitdem erscheint  in jedem Fr\u00fchling auf Pralormo Messer Tulpen , mit ihr erbl\u00fchen alle Tulpen im englischen Garten und verwandeln ihn in einen Zaubergarten. Im  Schlosspark und all seinen  Geb\u00e4uden sind zugleich, Ausstellungen und  Darstellungen mit  ihren Themen . Das jeweilige Thema nebst der unwarscheinlich sch\u00f6nen Bl\u00fcten \u00fcberall im Schlosspark, inspiriert die Gro\u00dfen und Kleinen Besucher\u201d.<\/em>[\/vc_column_text][\/vc_column][vc_column width=&#8221;1\/4&#8243;]<div class=\"porto-block\"><style>.vc_custom_1504021655198{margin-top: -10px !important;}.vc_custom_1505485521375{padding-left: 30px !important;}<\/style>[vc_row wrap_container=\"yes\" css=\".vc_custom_1504021655198{margin-top: -10px !important;}\"][vc_column css=\".vc_custom_1505485521375{padding-left: 30px !important;}\"][vc_empty_space height=\"18px\"][vc_column_text]<a href=\"http:\/\/castellodipralormo.com\/de\/schlossbesichtigungen\/\"><img class=\"alignnone wp-image-3229 size-full\" src=\"http:\/\/castellodipralormo.com\/wp-content\/uploads\/2018\/04\/visite-al-castello-de.jpg\" alt=\"visite-al-castello-de\" width=\"430\" height=\"215\" \/><\/a>\r\n<a href=\"http:\/\/castellodipralormo.com\/de\/messer-tulpen\/\"><img class=\"alignnone wp-image-2001 size-full\" style=\"margin-top: 15px;\" src=\"http:\/\/castellodipralormo.com\/wp-content\/uploads\/2018\/04\/messer-tulipano-de.jpg\" alt=\"messer-tulipano-de\" width=\"430\" height=\"215\" \/><\/a>\r\n<a href=\"http:\/\/castellodipralormo.com\/de\/die-modelleisenbahnen-des-grafen\/\"><img class=\"alignnone wp-image-2010 size-full\" style=\"margin-top: 15px;\" src=\"http:\/\/castellodipralormo.com\/wp-content\/uploads\/2018\/04\/il-trenino-del-conte-de.jpg\" alt=\"il-trenino-del-conte-de\" width=\"430\" height=\"215\" \/><\/a>\r\n<a href=\"http:\/\/castellodipralormo.com\/de\/location-und-hochzeiten\/\"><img class=\"alignnone size-full wp-image-2007\" style=\"margin-top: 15px;\" src=\"http:\/\/castellodipralormo.com\/wp-content\/uploads\/2018\/04\/eventi-e-matrimoni-de.jpg\" alt=\"eventi-e-matrimoni-de\" width=\"430\" height=\"215\" \/><\/a>\r\n<a href=\"http:\/\/www.lecasedellagiardiniera.it\/de\/home\/\"><img class=\"alignnone size-full wp-image-2004\" style=\"margin-top: 15px;\" src=\"http:\/\/castellodipralormo.com\/wp-content\/uploads\/2018\/04\/ospitalita-de.jpg\" alt=\"le-case-della-giardiniera-de\" width=\"430\" height=\"215\" \/><\/a>[\/vc_column_text][\/vc_column][\/vc_row]<\/div>[\/vc_column][\/vc_row][vc_row][vc_column][vc_column_text]<\/p>\n<h1>Messer Tulpen<\/h1>\n<p>[\/vc_column_text][vc_gallery type=&#8221;image_grid&#8221; images=&#8221;2760,2757,2754,2751,2748,2745,2742,2739,2736,2733,2730,2727,2724,2721,2779,2775,2772,2769,2766,2763,3481&#8243;][\/vc_column][\/vc_row][vc_row][vc_column][vc_empty_space][vc_column_text]<\/p>\n<p style=\"text-align: center;\"><strong>Copyright www.castellodipralormo.com ALLE RECHTE VORBEHALTEN!<\/strong><\/p>\n<p>[\/vc_column_text][\/vc_column][\/vc_row]<\/p>\n","protected":false},"excerpt":{"rendered":"<p>[vc_row wrap_container=&#8221;yes&#8221; css=&#8221;.vc_custom_1504021655198{margin-top: -10px !important;}&#8221;][vc_column width=&#8221;3\/4&#8243;][vc_column_text] Messer Tulpen [\/vc_column_text][vc_column_text] Nach einer Reise in die Niederlande beschloss Consolata Pralormo 1999, im historischen Park des Familienschlosses ein gro\u00dfes Tulpenfest zu veranstalten.[\/vc_column_text][vc_single_image image=&#8221;2718&#8243; img_size=&#8221;full&#8221; alignment=&#8221;center&#8221;][vc_column_text]Seit dem Fr\u00fchling 2000 findet nun im Park die MESSER TULPEN mit seinen atemberaubenden Tausenden bl\u00fchenden Tulpen und Narzissen statt. Seitdem erscheint in jedem [&hellip;]<\/p>\n","protected":false},"author":1,"featured_media":0,"parent":0,"menu_order":0,"comment_status":"closed","ping_status":"closed","template":"","meta":[],"tags":[],"yoast_head":"<!-- This site is optimized with the Yoast SEO plugin v16.1.1 - https:\/\/yoast.com\/wordpress\/plugins\/seo\/ -->\n<title>Messer Tulpen - Castello di Pralormo<\/title>\n<link rel=\"canonical\" href=\"https:\/\/castellodipralormo.com\/de\/messer-tulpen\/\" \/>\n<meta property=\"og:locale\" content=\"de_DE\" \/>\n<meta property=\"og:type\" content=\"article\" \/>\n<meta property=\"og:title\" content=\"Messer Tulpen - Castello di Pralormo\" \/>\n<meta property=\"og:description\" content=\"[vc_row wrap_container=&#8221;yes&#8221; css=&#8221;.vc_custom_1504021655198{margin-top: -10px !important;}&#8221;][vc_column width=&#8221;3\/4&#8243;][vc_column_text] Messer Tulpen [\/vc_column_text][vc_column_text] Nach einer Reise in die Niederlande beschloss Consolata Pralormo 1999, im historischen Park des Familienschlosses ein gro\u00dfes Tulpenfest zu veranstalten.[\/vc_column_text][vc_single_image image=&#8221;2718&#8243; img_size=&#8221;full&#8221; alignment=&#8221;center&#8221;][vc_column_text]Seit dem Fr\u00fchling 2000 findet nun im Park die MESSER TULPEN mit seinen atemberaubenden Tausenden bl\u00fchenden Tulpen und Narzissen statt. Seitdem erscheint in jedem [&hellip;]\" \/>\n<meta property=\"og:url\" content=\"https:\/\/castellodipralormo.com\/de\/messer-tulpen\/\" \/>\n<meta property=\"og:site_name\" content=\"Castello di Pralormo\" \/>\n<meta property=\"article:modified_time\" content=\"2018-04-09T07:47:17+00:00\" \/>\n<meta name=\"twitter:card\" content=\"summary\" \/>\n<meta name=\"twitter:label1\" content=\"Gesch\u00e4tzte Lesezeit\">\n\t<meta name=\"twitter:data1\" content=\"4 Minuten\">\n<script type=\"application\/ld+json\" class=\"yoast-schema-graph\">{\"@context\":\"https:\/\/schema.org\",\"@graph\":[{\"@type\":\"WebSite\",\"@id\":\"https:\/\/castellodipralormo.com\/#website\",\"url\":\"https:\/\/castellodipralormo.com\/\",\"name\":\"Castello di Pralormo\",\"description\":\"\",\"potentialAction\":[{\"@type\":\"SearchAction\",\"target\":\"https:\/\/castellodipralormo.com\/?s={search_term_string}\",\"query-input\":\"required name=search_term_string\"}],\"inLanguage\":\"de-DE\"},{\"@type\":\"WebPage\",\"@id\":\"https:\/\/castellodipralormo.com\/de\/messer-tulpen\/#webpage\",\"url\":\"https:\/\/castellodipralormo.com\/de\/messer-tulpen\/\",\"name\":\"Messer Tulpen - Castello di Pralormo\",\"isPartOf\":{\"@id\":\"https:\/\/castellodipralormo.com\/#website\"},\"datePublished\":\"2018-04-04T07:13:24+00:00\",\"dateModified\":\"2018-04-09T07:47:17+00:00\",\"breadcrumb\":{\"@id\":\"https:\/\/castellodipralormo.com\/de\/messer-tulpen\/#breadcrumb\"},\"inLanguage\":\"de-DE\",\"potentialAction\":[{\"@type\":\"ReadAction\",\"target\":[\"https:\/\/castellodipralormo.com\/de\/messer-tulpen\/\"]}]},{\"@type\":\"BreadcrumbList\",\"@id\":\"https:\/\/castellodipralormo.com\/de\/messer-tulpen\/#breadcrumb\",\"itemListElement\":[{\"@type\":\"ListItem\",\"position\":1,\"item\":{\"@type\":\"WebPage\",\"@id\":\"https:\/\/castellodipralormo.com\/de\/\",\"url\":\"https:\/\/castellodipralormo.com\/de\/\",\"name\":\"Home\"}},{\"@type\":\"ListItem\",\"position\":2,\"item\":{\"@type\":\"WebPage\",\"@id\":\"https:\/\/castellodipralormo.com\/de\/messer-tulpen\/\",\"url\":\"https:\/\/castellodipralormo.com\/de\/messer-tulpen\/\",\"name\":\"Messer Tulpen\"}}]}]}<\/script>\n<!-- \/ Yoast SEO plugin. -->","_links":{"self":[{"href":"https:\/\/castellodipralormo.com\/de\/wp-json\/wp\/v2\/pages\/4420"}],"collection":[{"href":"https:\/\/castellodipralormo.com\/de\/wp-json\/wp\/v2\/pages"}],"about":[{"href":"https:\/\/castellodipralormo.com\/de\/wp-json\/wp\/v2\/types\/page"}],"author":[{"embeddable":true,"href":"https:\/\/castellodipralormo.com\/de\/wp-json\/wp\/v2\/users\/1"}],"replies":[{"embeddable":true,"href":"https:\/\/castellodipralormo.com\/de\/wp-json\/wp\/v2\/comments?post=4420"}],"version-history":[{"count":4,"href":"https:\/\/castellodipralormo.com\/de\/wp-json\/wp\/v2\/pages\/4420\/revisions"}],"predecessor-version":[{"id":4424,"href":"https:\/\/castellodipralormo.com\/de\/wp-json\/wp\/v2\/pages\/4420\/revisions\/4424"}],"wp:attachment":[{"href":"https:\/\/castellodipralormo.com\/de\/wp-json\/wp\/v2\/media?parent=4420"}],"wp:term":[{"taxonomy":"post_tag","embeddable":true,"href":"https:\/\/castellodipralormo.com\/de\/wp-json\/wp\/v2\/tags?post=4420"}],"curies":[{"name":"wp","href":"https:\/\/api.w.org\/{rel}","templated":true}]}}