{"id":4425,"date":"2018-04-04T09:20:00","date_gmt":"2018-04-04T07:20:00","guid":{"rendered":"http:\/\/castellodipralormo.com\/gruppen\/"},"modified":"2018-09-18T14:26:37","modified_gmt":"2018-09-18T12:26:37","slug":"gruppen","status":"publish","type":"page","link":"https:\/\/castellodipralormo.com\/de\/gruppen\/","title":{"rendered":"Besuche"},"content":{"rendered":"<p>[vc_row wrap_container=&#8221;yes&#8221; css=&#8221;.vc_custom_1504021655198{margin-top: -10px !important;}&#8221;][vc_column width=&#8221;3\/4&#8243;][vc_column_text]<\/p>\n<h1>Besuche<\/h1>\n<p>ER\u00d6FFNUNG:\u00a0April\u00a0(mon-fre h10-18, sam-son h10-19)<\/p>\n<p>[\/vc_column_text][vc_column_text]<strong>F\u00fcr Gruppen die eienen Ausflug nach Pralormo und zur Messer Tulpen Veranstaltung zusammen mit einer Schlossbesichtigung organisieren m\u00f6chten, haben Anspruch auf einen ERM\u00c4\u00dfIGTEN EINTRITT.<\/strong><\/p>\n<p><strong>Jedes Jahr im April<\/strong> findet im Schlosspark die botanische Veranstaltung MESSER TULPEN statt, verwandelt den englischen Park jedes Jahr in einen Zaubergarten verwandelt.<\/p>\n<p>Ausser der unglaublichen Bl\u00fctenpracht von \u00fcber 90 000 Tulpen und Narzissen, erh\u00e4lt sie j\u00e4hrlich eine neue Komposition , sowohl in ihren Sorten als auch farblich abgestimmt. Die Ausschm\u00fcckung des gesamten Schlossparkes steht unter einem bestimmten Motto. Auf dem Gel\u00e4nde gibt es ausserdem einen gro\u00dfen Shoppingbereich, der dem Gartenbau und der excellenten Enogastronomie des Gebietes gewidmet ist, die einem auch die Gelegnheit geben, leckere Naschereien zu kosten.<\/p>\n<p>Auch das <strong>Schloss<\/strong>, heute noch Wohnsitz der Familie seit 1680, kann besichtigt werden. Jedes Jahr, t\u00e4glich im April, jeden Sonntag vom Mai bis November ( t\u00e4glich m\u00f6glich f\u00fcr organisierte Gruppen ) mit einem Rundgang in die die Hauptbereiche des Schlosses um dort zu zeigen wie es sich einst auf dem Schloss lebte. Der Rundgang f\u00fchrt auch durch die K\u00fcchen, in denen 26 Folgen aus der TV Serie \u201cCucina e Nobilta\u201d ( Noble K\u00fcche),gesendet vom Sky Kanal, heute ausgesendet auf den Kanalen Alice.<\/p>\n<p style=\"text-align: center;\">Info: Tel 011 884870\/ 011 8140981 \u2013 info@castellodipralormo.com<\/p>\n<p>[\/vc_column_text][\/vc_column][vc_column width=&#8221;1\/4&#8243;]<div class=\"porto-block\"><style>.vc_custom_1504021655198{margin-top: -10px !important;}.vc_custom_1505485521375{padding-left: 30px !important;}<\/style>[vc_row wrap_container=\"yes\" css=\".vc_custom_1504021655198{margin-top: -10px !important;}\"][vc_column css=\".vc_custom_1505485521375{padding-left: 30px !important;}\"][vc_empty_space height=\"18px\"][vc_column_text]<a href=\"http:\/\/castellodipralormo.com\/de\/schlossbesichtigungen\/\"><img class=\"alignnone wp-image-3229 size-full\" src=\"http:\/\/castellodipralormo.com\/wp-content\/uploads\/2018\/04\/visite-al-castello-de.jpg\" alt=\"visite-al-castello-de\" width=\"430\" height=\"215\" \/><\/a>\r\n<a href=\"http:\/\/castellodipralormo.com\/de\/messer-tulpen\/\"><img class=\"alignnone wp-image-2001 size-full\" style=\"margin-top: 15px;\" src=\"http:\/\/castellodipralormo.com\/wp-content\/uploads\/2018\/04\/messer-tulipano-de.jpg\" alt=\"messer-tulipano-de\" width=\"430\" height=\"215\" \/><\/a>\r\n<a href=\"http:\/\/castellodipralormo.com\/de\/die-modelleisenbahnen-des-grafen\/\"><img class=\"alignnone wp-image-2010 size-full\" style=\"margin-top: 15px;\" src=\"http:\/\/castellodipralormo.com\/wp-content\/uploads\/2018\/04\/il-trenino-del-conte-de.jpg\" alt=\"il-trenino-del-conte-de\" width=\"430\" height=\"215\" \/><\/a>\r\n<a href=\"http:\/\/castellodipralormo.com\/de\/location-und-hochzeiten\/\"><img class=\"alignnone size-full wp-image-2007\" style=\"margin-top: 15px;\" src=\"http:\/\/castellodipralormo.com\/wp-content\/uploads\/2018\/04\/eventi-e-matrimoni-de.jpg\" alt=\"eventi-e-matrimoni-de\" width=\"430\" height=\"215\" \/><\/a>\r\n<a href=\"http:\/\/www.lecasedellagiardiniera.it\/de\/home\/\"><img class=\"alignnone size-full wp-image-2004\" style=\"margin-top: 15px;\" src=\"http:\/\/castellodipralormo.com\/wp-content\/uploads\/2018\/04\/ospitalita-de.jpg\" alt=\"le-case-della-giardiniera-de\" width=\"430\" height=\"215\" \/><\/a>[\/vc_column_text][\/vc_column][\/vc_row]<\/div>[\/vc_column][\/vc_row]<\/p>\n","protected":false},"excerpt":{"rendered":"<p>[vc_row wrap_container=&#8221;yes&#8221; css=&#8221;.vc_custom_1504021655198{margin-top: -10px !important;}&#8221;][vc_column width=&#8221;3\/4&#8243;][vc_column_text] Besuche ER\u00d6FFNUNG:\u00a0April\u00a0(mon-fre h10-18, sam-son h10-19) [\/vc_column_text][vc_column_text]F\u00fcr Gruppen die eienen Ausflug nach Pralormo und zur Messer Tulpen Veranstaltung zusammen mit einer Schlossbesichtigung organisieren m\u00f6chten, haben Anspruch auf einen ERM\u00c4\u00dfIGTEN EINTRITT. Jedes Jahr im April findet im Schlosspark die botanische Veranstaltung MESSER TULPEN statt, verwandelt den englischen Park jedes Jahr in [&hellip;]<\/p>\n","protected":false},"author":1,"featured_media":0,"parent":0,"menu_order":0,"comment_status":"closed","ping_status":"closed","template":"","meta":[],"tags":[],"yoast_head":"<!-- This site is optimized with the Yoast SEO plugin v16.1.1 - https:\/\/yoast.com\/wordpress\/plugins\/seo\/ -->\n<title>Besuche - Castello di Pralormo<\/title>\n<link rel=\"canonical\" href=\"https:\/\/castellodipralormo.com\/de\/gruppen\/\" \/>\n<meta property=\"og:locale\" content=\"de_DE\" \/>\n<meta property=\"og:type\" content=\"article\" \/>\n<meta property=\"og:title\" content=\"Besuche - Castello di Pralormo\" \/>\n<meta property=\"og:description\" content=\"[vc_row wrap_container=&#8221;yes&#8221; css=&#8221;.vc_custom_1504021655198{margin-top: -10px !important;}&#8221;][vc_column width=&#8221;3\/4&#8243;][vc_column_text] Besuche ER\u00d6FFNUNG:\u00a0April\u00a0(mon-fre h10-18, sam-son h10-19) [\/vc_column_text][vc_column_text]F\u00fcr Gruppen die eienen Ausflug nach Pralormo und zur Messer Tulpen Veranstaltung zusammen mit einer Schlossbesichtigung organisieren m\u00f6chten, haben Anspruch auf einen ERM\u00c4\u00dfIGTEN EINTRITT. Jedes Jahr im April findet im Schlosspark die botanische Veranstaltung MESSER TULPEN statt, verwandelt den englischen Park jedes Jahr in [&hellip;]\" \/>\n<meta property=\"og:url\" content=\"https:\/\/castellodipralormo.com\/de\/gruppen\/\" \/>\n<meta property=\"og:site_name\" content=\"Castello di Pralormo\" \/>\n<meta property=\"article:modified_time\" content=\"2018-09-18T12:26:37+00:00\" \/>\n<meta name=\"twitter:card\" content=\"summary\" \/>\n<meta name=\"twitter:label1\" content=\"Gesch\u00e4tzte Lesezeit\">\n\t<meta name=\"twitter:data1\" content=\"1 Minute\">\n<script type=\"application\/ld+json\" class=\"yoast-schema-graph\">{\"@context\":\"https:\/\/schema.org\",\"@graph\":[{\"@type\":\"WebSite\",\"@id\":\"https:\/\/castellodipralormo.com\/#website\",\"url\":\"https:\/\/castellodipralormo.com\/\",\"name\":\"Castello di Pralormo\",\"description\":\"\",\"potentialAction\":[{\"@type\":\"SearchAction\",\"target\":\"https:\/\/castellodipralormo.com\/?s={search_term_string}\",\"query-input\":\"required name=search_term_string\"}],\"inLanguage\":\"de-DE\"},{\"@type\":\"WebPage\",\"@id\":\"https:\/\/castellodipralormo.com\/de\/gruppen\/#webpage\",\"url\":\"https:\/\/castellodipralormo.com\/de\/gruppen\/\",\"name\":\"Besuche - Castello di Pralormo\",\"isPartOf\":{\"@id\":\"https:\/\/castellodipralormo.com\/#website\"},\"datePublished\":\"2018-04-04T07:20:00+00:00\",\"dateModified\":\"2018-09-18T12:26:37+00:00\",\"breadcrumb\":{\"@id\":\"https:\/\/castellodipralormo.com\/de\/gruppen\/#breadcrumb\"},\"inLanguage\":\"de-DE\",\"potentialAction\":[{\"@type\":\"ReadAction\",\"target\":[\"https:\/\/castellodipralormo.com\/de\/gruppen\/\"]}]},{\"@type\":\"BreadcrumbList\",\"@id\":\"https:\/\/castellodipralormo.com\/de\/gruppen\/#breadcrumb\",\"itemListElement\":[{\"@type\":\"ListItem\",\"position\":1,\"item\":{\"@type\":\"WebPage\",\"@id\":\"https:\/\/castellodipralormo.com\/de\/\",\"url\":\"https:\/\/castellodipralormo.com\/de\/\",\"name\":\"Home\"}},{\"@type\":\"ListItem\",\"position\":2,\"item\":{\"@type\":\"WebPage\",\"@id\":\"https:\/\/castellodipralormo.com\/de\/gruppen\/\",\"url\":\"https:\/\/castellodipralormo.com\/de\/gruppen\/\",\"name\":\"Besuche\"}}]}]}<\/script>\n<!-- \/ Yoast SEO plugin. -->","_links":{"self":[{"href":"https:\/\/castellodipralormo.com\/de\/wp-json\/wp\/v2\/pages\/4425"}],"collection":[{"href":"https:\/\/castellodipralormo.com\/de\/wp-json\/wp\/v2\/pages"}],"about":[{"href":"https:\/\/castellodipralormo.com\/de\/wp-json\/wp\/v2\/types\/page"}],"author":[{"embeddable":true,"href":"https:\/\/castellodipralormo.com\/de\/wp-json\/wp\/v2\/users\/1"}],"replies":[{"embeddable":true,"href":"https:\/\/castellodipralormo.com\/de\/wp-json\/wp\/v2\/comments?post=4425"}],"version-history":[{"count":10,"href":"https:\/\/castellodipralormo.com\/de\/wp-json\/wp\/v2\/pages\/4425\/revisions"}],"predecessor-version":[{"id":4965,"href":"https:\/\/castellodipralormo.com\/de\/wp-json\/wp\/v2\/pages\/4425\/revisions\/4965"}],"wp:attachment":[{"href":"https:\/\/castellodipralormo.com\/de\/wp-json\/wp\/v2\/media?parent=4425"}],"wp:term":[{"taxonomy":"post_tag","embeddable":true,"href":"https:\/\/castellodipralormo.com\/de\/wp-json\/wp\/v2\/tags?post=4425"}],"curies":[{"name":"wp","href":"https:\/\/api.w.org\/{rel}","templated":true}]}}