{"id":4430,"date":"2018-04-04T09:25:00","date_gmt":"2018-04-04T07:25:00","guid":{"rendered":"http:\/\/castellodipralormo.com\/consolata-pralormo\/"},"modified":"2018-04-12T10:55:34","modified_gmt":"2018-04-12T08:55:34","slug":"consolata-pralormo","status":"publish","type":"page","link":"https:\/\/castellodipralormo.com\/de\/consolata-pralormo\/","title":{"rendered":"Consolata Pralormo"},"content":{"rendered":"<p>[vc_row wrap_container=&#8221;yes&#8221; css=&#8221;.vc_custom_1504021655198{margin-top: -10px !important;}&#8221;][vc_column width=&#8221;3\/4&#8243;][vc_row_inner][vc_column_inner][vc_column_text]<\/p>\n<h1>Consolata Pralormo<\/h1>\n<p>[\/vc_column_text][\/vc_column_inner][\/vc_row_inner][vc_row_inner][vc_column_inner width=&#8221;1\/3&#8243;][vc_single_image image=&#8221;2581&#8243; img_size=&#8221;full&#8221; onclick=&#8221;link_image&#8221;][vc_column_text]- Foto von Dario Fusaro[\/vc_column_text][\/vc_column_inner][vc_column_inner width=&#8221;2\/3&#8243;][vc_column_text]Consolata Beraudo di Pralormo ist die Schlossherrin in einer kleinen Ortschaft nicht weit von Turin, Pralormo. Es befindet sich im Santenesischen Flachland, dort wo sich langsam die weichen H\u00fcgel erheben und zu Roero werden.Ihr zu Hause ist das Schloss.<\/p>\n<p>Schon seitdem sie ein kleines M\u00e4dchen war, zeigt sie ihre Talente mit einer gro\u00dfen Kreativit\u00e4t, Entschlossenheit, Begeisterung und Ausdauer. Genau mit  diesen Eigenschaften ist ihre T\u00e4tigkeit stark verbunden: 1975 nach ihrem Studium macht sie ihren Abschluss in Kunstgeschichte und ihre Doktorarbeit \u00fcber den Englischen Park ( vielleicht war das unbewu\u00dft schon eine \u201cStudie\u201d ihres Parks) f\u00e4ngt dann mit dem zeichnen von Kinderbekleidung an und hat dabei einen gro\u00dfen Erfolg auch f\u00fcr den Stil, den ihre Modelle besitzen. Hergestellt in einer Turiner Werkstatt mit besonderer Aufmerksamkeit auf  das handwerkliche Arbeiten, kennzeichnen das \u201cMade in Italy\u201d. [\/vc_column_text][\/vc_column_inner][\/vc_row_inner][vc_column_text]Anfang der 90er Jahre entdeckt und erweckt sie ein antikes Piemontesisches  Kunsthandwerk, die Bandera Stickerei, wieder zum Leben. Es dient zur Dekoration der Einrichtung und stammt aus dem 17.Jahrhundert. Sie f\u00fchrt sie in ihre bestehende T\u00e4tigkeit mit ein und es bringt ihr ebenso einen gor\u00df en Erfolg. Bald darauf er\u00f6ffnet sie eine Schule f\u00fcr das Erlernen der Bandera Stickerei, in der auch die Restaurierungen durchgef\u00fchrt werden. Sie nennt sich: Scuola Italiana di Ricamo Bandera. Mit Hilfe der Schulen, Werkst\u00e4tten und von ehemaligen Sch\u00fclern gegr\u00fcndeten Vereine ist die Bandera Stickerei heute in ganz Italien bekannt und gesch\u00e4tzt. Daraus folgte, da\u00df sie 2005 Piemonte in Rom vetrat und als Berichterstatterin bei dem Kongress vom Italia Nostra, \u201c vecchi mestieri\u201d ( alte Berufe) : die Stoffkultur zwischen Tradition und Innovation, welche Zukunft?\u201d,  teilgenommen hatte in Gesellschaft der Frau Franca Ciampi und weiteren politischen Autorit\u00e4ten und Organen aus der Branche.  <\/p>\n<p>Die F\u00e4higkeit ihren sicheren Kunstgeschmack mit dem Handwerk zu vereinen, daf\u00fcr bekommt sie ihre Anerkennung durch  das Gesestz Ronchey, das in die Museen Dienstleistungen f\u00fcr das breite Publikum mit einbezog, einige der \u00f6ffentlichen Museen vertauen Consolata Pralormo das Entwerfen  und Gestalten der \u201coggetti-immagine\u201d, also etwas das  f\u00fcr die verschiedenen Museen und ihre Ausstellungen darstellen und werben sollte. Gr\u00fcndet somit die Consolata Pralormo Design, die sich auf das Erstellen und Organisieren von Events, Ausstellungen und Festivals richtet, viele davon fanden auf dem Familienschloss statt.<\/p>\n<p>Eng verkn\u00fcpft sind alle diese  Initiativen, die Consolata Pralormo mit ihrerm Engagement in all den Jahren, den Wertgehalt der Residenz, der Familie, zu bewahren: das Schloss der Grafen von Pralormo. Das Einkommen der \u00d6ffnung an das Publikum sorgt f\u00fcr die Istandhaltung und Restaurierungen des Schlosses, das sich damit selbst finanziert. Dies zu nutzen sorgt daf\u00fcr das jeder Besucher mit seinem kleinen Teil dazu beitr\u00e4gt, das das Schloss aufrechterhalten bleibt.<\/p>\n<p>Anerkennung f\u00fcr ihren Arbeitsverlauf  bekommt sie w\u00e4hrend der sechs Monatigen Italienischen Pr\u00e4sidentschaft im Europ\u00e4ischen Rat.  Im Zusamenhang eines Programmes das die Regierung ausgesucht hatte, um Italien zu vertreten, wurde das Projekt: \u201c L&#8217;arte della Tavola\u201d eingef\u00fchrt, zu der jede Italienische Region eingeladen wurde. Zuerst ging es nach St. Petersburg und dann nach Br\u00fcssel, um dort die  Regionalen, zubereiteten Raffinessen auf den Tischen auszustellen. Consolata von Pralormo erh\u00e4lt die Verantwortung des Projekts f\u00fcr die Region Piemonte.<\/p>\n<p>Au\u00dferdem war sie Teil, der Kommission, die von der Region Piemonte f\u00fcr das Esrtellen der Regelungen, des Programmes \u201cEccellenza Artigianale\u201d, und war f\u00fcr den Textilbereich zust\u00e4ndig. Heute noch ist sie, aktives Mitglied des Wissenschaftlichen Comitees des angesehnen \u201c Istituto Europeo di Design\u201d f\u00fcr den Modebereich.<\/p>\n<p>Zu den Olympischen Spielen 2006  wurde sie als Botschafterin Turins f\u00fcr die Organisation des Empfangs  berufen, durch ihre Kontakte zu Halland erhielt sie f\u00fcr Turin eine an die Stadt gewidmete Tulpe, dadurch wurde ihr die  bedeutende Pr\u00e4mie \u201cB\u00f6gianen\u201d der Turiner Handelskammer \u00fcberreicht.<\/p>\n<p>Den Stolz aus einer so alt eingesessenen Piemontesischen Familie su stammen verbindet die \u00dcberzeugte Anh\u00e4ngerin Piemontesischer Br\u00e4uche,  mit dem Impuls der sie immer weiter in die Zukunft treibt. Demzufolge ist Consolata Pralormo auf ihren h\u00e4ufigen Gesch\u00e4ftsreisen rund um den Globus, Botschafterin der Kultur aber auch seinen F\u00e4higkeiten und Flei\u00df, die f\u00fcr den Piemontesen kennzeichnend sind.<\/p>\n<p>Dieses Zusammen aus Aktivit\u00e4ten und Iniziativen zeigte einen erheblichen Erfolg seitens des Publikums, und gleichzeitig Hochachtung von den Kritikern und den Experten. Damit ist Consolata Pralormo wesentlicher Bestandteil als eine der Hauptpersonen im kulturellen Leben des Piemonte.<\/p>\n<p>Foto von Dario Fusaro[\/vc_column_text][\/vc_column][vc_column width=&#8221;1\/4&#8243;]<div class=\"porto-block\"><style>.vc_custom_1504021655198{margin-top: -10px !important;}.vc_custom_1505485521375{padding-left: 30px !important;}<\/style>[vc_row wrap_container=\"yes\" css=\".vc_custom_1504021655198{margin-top: -10px !important;}\"][vc_column css=\".vc_custom_1505485521375{padding-left: 30px !important;}\"][vc_empty_space height=\"18px\"][vc_column_text]<a href=\"http:\/\/castellodipralormo.com\/de\/schlossbesichtigungen\/\"><img class=\"alignnone wp-image-3229 size-full\" src=\"http:\/\/castellodipralormo.com\/wp-content\/uploads\/2018\/04\/visite-al-castello-de.jpg\" alt=\"visite-al-castello-de\" width=\"430\" height=\"215\" \/><\/a>\r\n<a href=\"http:\/\/castellodipralormo.com\/de\/messer-tulpen\/\"><img class=\"alignnone wp-image-2001 size-full\" style=\"margin-top: 15px;\" src=\"http:\/\/castellodipralormo.com\/wp-content\/uploads\/2018\/04\/messer-tulipano-de.jpg\" alt=\"messer-tulipano-de\" width=\"430\" height=\"215\" \/><\/a>\r\n<a href=\"http:\/\/castellodipralormo.com\/de\/die-modelleisenbahnen-des-grafen\/\"><img class=\"alignnone wp-image-2010 size-full\" style=\"margin-top: 15px;\" src=\"http:\/\/castellodipralormo.com\/wp-content\/uploads\/2018\/04\/il-trenino-del-conte-de.jpg\" alt=\"il-trenino-del-conte-de\" width=\"430\" height=\"215\" \/><\/a>\r\n<a href=\"http:\/\/castellodipralormo.com\/de\/location-und-hochzeiten\/\"><img class=\"alignnone size-full wp-image-2007\" style=\"margin-top: 15px;\" src=\"http:\/\/castellodipralormo.com\/wp-content\/uploads\/2018\/04\/eventi-e-matrimoni-de.jpg\" alt=\"eventi-e-matrimoni-de\" width=\"430\" height=\"215\" \/><\/a>\r\n<a href=\"http:\/\/www.lecasedellagiardiniera.it\/de\/home\/\"><img class=\"alignnone size-full wp-image-2004\" style=\"margin-top: 15px;\" src=\"http:\/\/castellodipralormo.com\/wp-content\/uploads\/2018\/04\/ospitalita-de.jpg\" alt=\"le-case-della-giardiniera-de\" width=\"430\" height=\"215\" \/><\/a>[\/vc_column_text][\/vc_column][\/vc_row]<\/div>[\/vc_column][\/vc_row]<\/p>\n","protected":false},"excerpt":{"rendered":"<p>[vc_row wrap_container=&#8221;yes&#8221; css=&#8221;.vc_custom_1504021655198{margin-top: -10px !important;}&#8221;][vc_column width=&#8221;3\/4&#8243;][vc_row_inner][vc_column_inner][vc_column_text] Consolata Pralormo [\/vc_column_text][\/vc_column_inner][\/vc_row_inner][vc_row_inner][vc_column_inner width=&#8221;1\/3&#8243;][vc_single_image image=&#8221;2581&#8243; img_size=&#8221;full&#8221; onclick=&#8221;link_image&#8221;][vc_column_text]- Foto von Dario Fusaro[\/vc_column_text][\/vc_column_inner][vc_column_inner width=&#8221;2\/3&#8243;][vc_column_text]Consolata Beraudo di Pralormo ist die Schlossherrin in einer kleinen Ortschaft nicht weit von Turin, Pralormo. Es befindet sich im Santenesischen Flachland, dort wo sich langsam die weichen H\u00fcgel erheben und zu Roero werden.Ihr zu Hause ist das [&hellip;]<\/p>\n","protected":false},"author":1,"featured_media":0,"parent":0,"menu_order":0,"comment_status":"closed","ping_status":"closed","template":"","meta":[],"tags":[],"yoast_head":"<!-- This site is optimized with the Yoast SEO plugin v16.1.1 - https:\/\/yoast.com\/wordpress\/plugins\/seo\/ -->\n<title>Consolata Pralormo - Castello di Pralormo<\/title>\n<link rel=\"canonical\" href=\"https:\/\/castellodipralormo.com\/de\/consolata-pralormo\/\" \/>\n<meta property=\"og:locale\" content=\"de_DE\" \/>\n<meta property=\"og:type\" content=\"article\" \/>\n<meta property=\"og:title\" content=\"Consolata Pralormo - Castello di Pralormo\" \/>\n<meta property=\"og:description\" content=\"[vc_row wrap_container=&#8221;yes&#8221; css=&#8221;.vc_custom_1504021655198{margin-top: -10px !important;}&#8221;][vc_column width=&#8221;3\/4&#8243;][vc_row_inner][vc_column_inner][vc_column_text] Consolata Pralormo [\/vc_column_text][\/vc_column_inner][\/vc_row_inner][vc_row_inner][vc_column_inner width=&#8221;1\/3&#8243;][vc_single_image image=&#8221;2581&#8243; img_size=&#8221;full&#8221; onclick=&#8221;link_image&#8221;][vc_column_text]- Foto von Dario Fusaro[\/vc_column_text][\/vc_column_inner][vc_column_inner width=&#8221;2\/3&#8243;][vc_column_text]Consolata Beraudo di Pralormo ist die Schlossherrin in einer kleinen Ortschaft nicht weit von Turin, Pralormo. Es befindet sich im Santenesischen Flachland, dort wo sich langsam die weichen H\u00fcgel erheben und zu Roero werden.Ihr zu Hause ist das [&hellip;]\" \/>\n<meta property=\"og:url\" content=\"https:\/\/castellodipralormo.com\/de\/consolata-pralormo\/\" \/>\n<meta property=\"og:site_name\" content=\"Castello di Pralormo\" \/>\n<meta property=\"article:modified_time\" content=\"2018-04-12T08:55:34+00:00\" \/>\n<meta name=\"twitter:card\" content=\"summary\" \/>\n<meta name=\"twitter:label1\" content=\"Gesch\u00e4tzte Lesezeit\">\n\t<meta name=\"twitter:data1\" content=\"4 Minuten\">\n<script type=\"application\/ld+json\" class=\"yoast-schema-graph\">{\"@context\":\"https:\/\/schema.org\",\"@graph\":[{\"@type\":\"WebSite\",\"@id\":\"https:\/\/castellodipralormo.com\/#website\",\"url\":\"https:\/\/castellodipralormo.com\/\",\"name\":\"Castello di Pralormo\",\"description\":\"\",\"potentialAction\":[{\"@type\":\"SearchAction\",\"target\":\"https:\/\/castellodipralormo.com\/?s={search_term_string}\",\"query-input\":\"required name=search_term_string\"}],\"inLanguage\":\"de-DE\"},{\"@type\":\"WebPage\",\"@id\":\"https:\/\/castellodipralormo.com\/de\/consolata-pralormo\/#webpage\",\"url\":\"https:\/\/castellodipralormo.com\/de\/consolata-pralormo\/\",\"name\":\"Consolata Pralormo - Castello di Pralormo\",\"isPartOf\":{\"@id\":\"https:\/\/castellodipralormo.com\/#website\"},\"datePublished\":\"2018-04-04T07:25:00+00:00\",\"dateModified\":\"2018-04-12T08:55:34+00:00\",\"breadcrumb\":{\"@id\":\"https:\/\/castellodipralormo.com\/de\/consolata-pralormo\/#breadcrumb\"},\"inLanguage\":\"de-DE\",\"potentialAction\":[{\"@type\":\"ReadAction\",\"target\":[\"https:\/\/castellodipralormo.com\/de\/consolata-pralormo\/\"]}]},{\"@type\":\"BreadcrumbList\",\"@id\":\"https:\/\/castellodipralormo.com\/de\/consolata-pralormo\/#breadcrumb\",\"itemListElement\":[{\"@type\":\"ListItem\",\"position\":1,\"item\":{\"@type\":\"WebPage\",\"@id\":\"https:\/\/castellodipralormo.com\/de\/\",\"url\":\"https:\/\/castellodipralormo.com\/de\/\",\"name\":\"Home\"}},{\"@type\":\"ListItem\",\"position\":2,\"item\":{\"@type\":\"WebPage\",\"@id\":\"https:\/\/castellodipralormo.com\/de\/consolata-pralormo\/\",\"url\":\"https:\/\/castellodipralormo.com\/de\/consolata-pralormo\/\",\"name\":\"Consolata Pralormo\"}}]}]}<\/script>\n<!-- \/ Yoast SEO plugin. -->","_links":{"self":[{"href":"https:\/\/castellodipralormo.com\/de\/wp-json\/wp\/v2\/pages\/4430"}],"collection":[{"href":"https:\/\/castellodipralormo.com\/de\/wp-json\/wp\/v2\/pages"}],"about":[{"href":"https:\/\/castellodipralormo.com\/de\/wp-json\/wp\/v2\/types\/page"}],"author":[{"embeddable":true,"href":"https:\/\/castellodipralormo.com\/de\/wp-json\/wp\/v2\/users\/1"}],"replies":[{"embeddable":true,"href":"https:\/\/castellodipralormo.com\/de\/wp-json\/wp\/v2\/comments?post=4430"}],"version-history":[{"count":5,"href":"https:\/\/castellodipralormo.com\/de\/wp-json\/wp\/v2\/pages\/4430\/revisions"}],"predecessor-version":[{"id":4651,"href":"https:\/\/castellodipralormo.com\/de\/wp-json\/wp\/v2\/pages\/4430\/revisions\/4651"}],"wp:attachment":[{"href":"https:\/\/castellodipralormo.com\/de\/wp-json\/wp\/v2\/media?parent=4430"}],"wp:term":[{"taxonomy":"post_tag","embeddable":true,"href":"https:\/\/castellodipralormo.com\/de\/wp-json\/wp\/v2\/tags?post=4430"}],"curies":[{"name":"wp","href":"https:\/\/api.w.org\/{rel}","templated":true}]}}