{"id":4438,"date":"2018-04-04T09:27:12","date_gmt":"2018-04-04T07:27:12","guid":{"rendered":"http:\/\/castellodipralormo.com\/design-und-gestaltung\/"},"modified":"2018-04-09T09:46:11","modified_gmt":"2018-04-09T07:46:11","slug":"design-und-gestaltung","status":"publish","type":"page","link":"https:\/\/castellodipralormo.com\/de\/design-und-gestaltung\/","title":{"rendered":"Design und Gestaltung"},"content":{"rendered":"<p>[vc_row wrap_container=&#8221;yes&#8221; css=&#8221;.vc_custom_1504021655198{margin-top: -10px !important;}&#8221;][vc_column width=&#8221;3\/4&#8243;][vc_column_text]<\/p>\n<h1>Design und Gestaltung<\/h1>\n<p>[\/vc_column_text][vc_row_inner][vc_column_inner width=&#8221;1\/3&#8243;][vc_single_image image=&#8221;2556&#8243; onclick=&#8221;link_image&#8221;][\/vc_column_inner][vc_column_inner width=&#8221;2\/3&#8243;][vc_column_text]In den Jahren 1998 bis 2000 erstellte Consolata Pralormo Design f\u00fcr das Verlagshaus Electa, sechs Objekt- Linien f\u00fcr  die Bookshops von den sechs \u00f6ffentlichen Turiner Einrichtungen : \u00c4gyptisches Museum, Galleria Sabauda, Museum der Antiquit\u00e4ten, Staatsarchiv, Biblioteca Reale, Nazionalbibliothek.<\/p>\n<p>In den selben Jahren realisierte sie weitere Linien f\u00fcr folgende Ausstellungen: Leonardo e le Meraviglie della Biblioteca Reale di Torino\u201d, I Fauves e la critica\u201d im Palazzo Bricherasio, \u201cNapata e Meroe\u201d erstellte  die Belle Arti von Turin, \u201cdie Herrlichkeiten zu Hofe des Zaren\u201d Staatsarchiv Turin,\u201d Leonardo und die Pracht des 14-17..Jhd.\u201d Bibliothek Reale in Turin, \u201cLeonardo da Vinci\u201d in Venedig, \u201cHokusai\u201d Palazzo Reale Mailand, \u201cEl siglo de los Genoveses\u201d Genua, Cenacoloe Pinacotca di Brera Mailand, \u201c Die Hundert Wunderwerke des Hermitage\u201d, Scuderie Papali am Quirinale in Rom, \u201c Die Prinzessin Sissi\u201d Schloss Belvedere in Trieste.[\/vc_column_text][\/vc_column_inner][\/vc_row_inner][vc_row_inner][vc_column_inner width=&#8221;1\/3&#8243;][vc_single_image image=&#8221;2564&#8243; onclick=&#8221;link_image&#8221;][\/vc_column_inner][vc_column_inner width=&#8221;2\/3&#8243;][vc_column_text]Im Jahr 2006 bekam Consolata Pralormo Design den Auftrag  den Pavillion f\u00fcr die \u201cGro\u00dfen italienischen G\u00e4rten\u201d in Szene zu setzen. Dieses Projekt erhielt den 1.Preis auf dem Chelsea Flower Festival in London. <\/p>\n<p>F\u00fcr die Einweihung des Neuen Rundgangs zu den K\u00fcchen im Schloss des Palazzo Reale in Turin entwickelte die Consolata Pralormo Design  eine Auswahl an Objekten der Bookshops. Ihr Unternehmen war auch f\u00fcr den Grafischen Bereich, zust\u00e4ndig gewesen. Sie orientiert sich an der schn\u00f6rkeligen  Schriftzeichnung des im 16Jhd. lebenden, Tommaso Borgognio, der ein Graveur und Aristokrat des Duca von Savoia gewesen war, mit dem typischen Blau des \u201cbleu Savoia\u201d schreibt sie und erinnert damit an die alten l\u00e4ngst vergangenen Tage, inmitten der Ritter und Hofb\u00e4lle.[\/vc_column_text][\/vc_column_inner][\/vc_row_inner][\/vc_column][vc_column width=&#8221;1\/4&#8243;]<div class=\"porto-block\"><style>.vc_custom_1504021655198{margin-top: -10px !important;}.vc_custom_1505485521375{padding-left: 30px !important;}<\/style>[vc_row wrap_container=\"yes\" css=\".vc_custom_1504021655198{margin-top: -10px !important;}\"][vc_column css=\".vc_custom_1505485521375{padding-left: 30px !important;}\"][vc_empty_space height=\"18px\"][vc_column_text]<a href=\"http:\/\/castellodipralormo.com\/de\/schlossbesichtigungen\/\"><img class=\"alignnone wp-image-3229 size-full\" src=\"http:\/\/castellodipralormo.com\/wp-content\/uploads\/2018\/04\/visite-al-castello-de.jpg\" alt=\"visite-al-castello-de\" width=\"430\" height=\"215\" \/><\/a>\r\n<a href=\"http:\/\/castellodipralormo.com\/de\/messer-tulpen\/\"><img class=\"alignnone wp-image-2001 size-full\" style=\"margin-top: 15px;\" src=\"http:\/\/castellodipralormo.com\/wp-content\/uploads\/2018\/04\/messer-tulipano-de.jpg\" alt=\"messer-tulipano-de\" width=\"430\" height=\"215\" \/><\/a>\r\n<a href=\"http:\/\/castellodipralormo.com\/de\/die-modelleisenbahnen-des-grafen\/\"><img class=\"alignnone wp-image-2010 size-full\" style=\"margin-top: 15px;\" src=\"http:\/\/castellodipralormo.com\/wp-content\/uploads\/2018\/04\/il-trenino-del-conte-de.jpg\" alt=\"il-trenino-del-conte-de\" width=\"430\" height=\"215\" \/><\/a>\r\n<a href=\"http:\/\/castellodipralormo.com\/de\/location-und-hochzeiten\/\"><img class=\"alignnone size-full wp-image-2007\" style=\"margin-top: 15px;\" src=\"http:\/\/castellodipralormo.com\/wp-content\/uploads\/2018\/04\/eventi-e-matrimoni-de.jpg\" alt=\"eventi-e-matrimoni-de\" width=\"430\" height=\"215\" \/><\/a>\r\n<a href=\"http:\/\/www.lecasedellagiardiniera.it\/de\/home\/\"><img class=\"alignnone size-full wp-image-2004\" style=\"margin-top: 15px;\" src=\"http:\/\/castellodipralormo.com\/wp-content\/uploads\/2018\/04\/ospitalita-de.jpg\" alt=\"le-case-della-giardiniera-de\" width=\"430\" height=\"215\" \/><\/a>[\/vc_column_text][\/vc_column][\/vc_row]<\/div>[\/vc_column][\/vc_row]<\/p>\n","protected":false},"excerpt":{"rendered":"<p>[vc_row wrap_container=&#8221;yes&#8221; css=&#8221;.vc_custom_1504021655198{margin-top: -10px !important;}&#8221;][vc_column width=&#8221;3\/4&#8243;][vc_column_text] Design und Gestaltung [\/vc_column_text][vc_row_inner][vc_column_inner width=&#8221;1\/3&#8243;][vc_single_image image=&#8221;2556&#8243; onclick=&#8221;link_image&#8221;][\/vc_column_inner][vc_column_inner width=&#8221;2\/3&#8243;][vc_column_text]In den Jahren 1998 bis 2000 erstellte Consolata Pralormo Design f\u00fcr das Verlagshaus Electa, sechs Objekt- Linien f\u00fcr die Bookshops von den sechs \u00f6ffentlichen Turiner Einrichtungen : \u00c4gyptisches Museum, Galleria Sabauda, Museum der Antiquit\u00e4ten, Staatsarchiv, Biblioteca Reale, Nazionalbibliothek. In den selben Jahren [&hellip;]<\/p>\n","protected":false},"author":1,"featured_media":0,"parent":0,"menu_order":0,"comment_status":"closed","ping_status":"closed","template":"","meta":[],"tags":[],"yoast_head":"<!-- This site is optimized with the Yoast SEO plugin v16.1.1 - https:\/\/yoast.com\/wordpress\/plugins\/seo\/ -->\n<title>Design und Gestaltung - Castello di Pralormo<\/title>\n<link rel=\"canonical\" href=\"https:\/\/castellodipralormo.com\/de\/design-und-gestaltung\/\" \/>\n<meta property=\"og:locale\" content=\"de_DE\" \/>\n<meta property=\"og:type\" content=\"article\" \/>\n<meta property=\"og:title\" content=\"Design und Gestaltung - Castello di Pralormo\" \/>\n<meta property=\"og:description\" content=\"[vc_row wrap_container=&#8221;yes&#8221; css=&#8221;.vc_custom_1504021655198{margin-top: -10px !important;}&#8221;][vc_column width=&#8221;3\/4&#8243;][vc_column_text] Design und Gestaltung [\/vc_column_text][vc_row_inner][vc_column_inner width=&#8221;1\/3&#8243;][vc_single_image image=&#8221;2556&#8243; onclick=&#8221;link_image&#8221;][\/vc_column_inner][vc_column_inner width=&#8221;2\/3&#8243;][vc_column_text]In den Jahren 1998 bis 2000 erstellte Consolata Pralormo Design f\u00fcr das Verlagshaus Electa, sechs Objekt- Linien f\u00fcr die Bookshops von den sechs \u00f6ffentlichen Turiner Einrichtungen : \u00c4gyptisches Museum, Galleria Sabauda, Museum der Antiquit\u00e4ten, Staatsarchiv, Biblioteca Reale, Nazionalbibliothek. In den selben Jahren [&hellip;]\" \/>\n<meta property=\"og:url\" content=\"https:\/\/castellodipralormo.com\/de\/design-und-gestaltung\/\" \/>\n<meta property=\"og:site_name\" content=\"Castello di Pralormo\" \/>\n<meta property=\"article:modified_time\" content=\"2018-04-09T07:46:11+00:00\" \/>\n<meta name=\"twitter:card\" content=\"summary\" \/>\n<meta name=\"twitter:label1\" content=\"Gesch\u00e4tzte Lesezeit\">\n\t<meta name=\"twitter:data1\" content=\"2 Minuten\">\n<script type=\"application\/ld+json\" class=\"yoast-schema-graph\">{\"@context\":\"https:\/\/schema.org\",\"@graph\":[{\"@type\":\"WebSite\",\"@id\":\"https:\/\/castellodipralormo.com\/#website\",\"url\":\"https:\/\/castellodipralormo.com\/\",\"name\":\"Castello di Pralormo\",\"description\":\"\",\"potentialAction\":[{\"@type\":\"SearchAction\",\"target\":\"https:\/\/castellodipralormo.com\/?s={search_term_string}\",\"query-input\":\"required name=search_term_string\"}],\"inLanguage\":\"de-DE\"},{\"@type\":\"WebPage\",\"@id\":\"https:\/\/castellodipralormo.com\/de\/design-und-gestaltung\/#webpage\",\"url\":\"https:\/\/castellodipralormo.com\/de\/design-und-gestaltung\/\",\"name\":\"Design und Gestaltung - Castello di Pralormo\",\"isPartOf\":{\"@id\":\"https:\/\/castellodipralormo.com\/#website\"},\"datePublished\":\"2018-04-04T07:27:12+00:00\",\"dateModified\":\"2018-04-09T07:46:11+00:00\",\"breadcrumb\":{\"@id\":\"https:\/\/castellodipralormo.com\/de\/design-und-gestaltung\/#breadcrumb\"},\"inLanguage\":\"de-DE\",\"potentialAction\":[{\"@type\":\"ReadAction\",\"target\":[\"https:\/\/castellodipralormo.com\/de\/design-und-gestaltung\/\"]}]},{\"@type\":\"BreadcrumbList\",\"@id\":\"https:\/\/castellodipralormo.com\/de\/design-und-gestaltung\/#breadcrumb\",\"itemListElement\":[{\"@type\":\"ListItem\",\"position\":1,\"item\":{\"@type\":\"WebPage\",\"@id\":\"https:\/\/castellodipralormo.com\/de\/\",\"url\":\"https:\/\/castellodipralormo.com\/de\/\",\"name\":\"Home\"}},{\"@type\":\"ListItem\",\"position\":2,\"item\":{\"@type\":\"WebPage\",\"@id\":\"https:\/\/castellodipralormo.com\/de\/design-und-gestaltung\/\",\"url\":\"https:\/\/castellodipralormo.com\/de\/design-und-gestaltung\/\",\"name\":\"Design und Gestaltung\"}}]}]}<\/script>\n<!-- \/ Yoast SEO plugin. -->","_links":{"self":[{"href":"https:\/\/castellodipralormo.com\/de\/wp-json\/wp\/v2\/pages\/4438"}],"collection":[{"href":"https:\/\/castellodipralormo.com\/de\/wp-json\/wp\/v2\/pages"}],"about":[{"href":"https:\/\/castellodipralormo.com\/de\/wp-json\/wp\/v2\/types\/page"}],"author":[{"embeddable":true,"href":"https:\/\/castellodipralormo.com\/de\/wp-json\/wp\/v2\/users\/1"}],"replies":[{"embeddable":true,"href":"https:\/\/castellodipralormo.com\/de\/wp-json\/wp\/v2\/comments?post=4438"}],"version-history":[{"count":3,"href":"https:\/\/castellodipralormo.com\/de\/wp-json\/wp\/v2\/pages\/4438\/revisions"}],"predecessor-version":[{"id":4441,"href":"https:\/\/castellodipralormo.com\/de\/wp-json\/wp\/v2\/pages\/4438\/revisions\/4441"}],"wp:attachment":[{"href":"https:\/\/castellodipralormo.com\/de\/wp-json\/wp\/v2\/media?parent=4438"}],"wp:term":[{"taxonomy":"post_tag","embeddable":true,"href":"https:\/\/castellodipralormo.com\/de\/wp-json\/wp\/v2\/tags?post=4438"}],"curies":[{"name":"wp","href":"https:\/\/api.w.org\/{rel}","templated":true}]}}