{"id":4442,"date":"2018-04-04T09:40:24","date_gmt":"2018-04-04T07:40:24","guid":{"rendered":"http:\/\/castellodipralormo.com\/publikationen\/"},"modified":"2018-04-12T10:56:36","modified_gmt":"2018-04-12T08:56:36","slug":"publikationen","status":"publish","type":"page","link":"https:\/\/castellodipralormo.com\/de\/publikationen\/","title":{"rendered":"Publikationen"},"content":{"rendered":"<p>[vc_row wrap_container=&#8221;yes&#8221; css=&#8221;.vc_custom_1504021655198{margin-top: -10px !important;}&#8221;][vc_column width=&#8221;3\/4&#8243;][vc_column_text]<\/p>\n<h1>Publikationen<\/h1>\n<p>[\/vc_column_text][vc_column_text]<strong><em>B\u00fcCHERSCHREIBEN<\/em><\/strong><\/p>\n<h3>DIE NASCHS\u00fcCHTIGE CASTELLANA<\/h3>\n<p>Nachdem ein ausgesprochen gro\u00dfes Interesse der Besucher f\u00fcr die Schlossk\u00fcche bestand, die ausger\u00bf\u00fcstet mit all seinen originalen Einrichtungen aus dem  15.Jhd. -19.Jhd. Brachte Consolata Pralormo eine neue Reihe mit  Rezepten, im Look der einstigen Rezepthefte , heraus. Die ersten beiden Ausgaben wurden gef\u00fcllt mit s\u00fc\u00dfen Kindheitserinnerungen von Consolata Pralormo. Sie beinhalten eine Auswahl an Familienrezepten und sind Replikate der Handgeschriebenen Rezepthefte der Grossmutter., die die Grafenfamilie Pralormo bis heute liebevoll aufbewahrt hat und heute noch gerne f\u00fcr besondere Al\u00e4sse konsultiert. Nat\u00fcrlich gibt es an den Seiten auch noch gen\u00fcnd Platz f\u00fcr die K\u00f6chin damit sie ihre eigenen Notizen, wie z.b. Vorlieben der G\u00e4ste, dazu schreiben kann![\/vc_column_text][vc_row_inner][vc_column_inner width=&#8221;1\/3&#8243;][vc_single_image image=&#8221;2795&#8243; img_size=&#8221;medium&#8221; alignment=&#8221;center&#8221; label=&#8221;&#8221;][\/vc_column_inner][vc_column_inner width=&#8221;2\/3&#8243;][vc_column_text]S\u00fc\u00dfspeisen: \u00dcber 30 Rezepte f\u00fcr ein ganzes Jahr und alle Gelegenheiten, einfach aber lecker zur Freude der Augen und des Geschmackes bei vier Generationen.<\/p>\n<p>Das Rezeptbuch ist momentan ausverkauft.[\/vc_column_text][\/vc_column_inner][\/vc_row_inner][vc_row_inner][vc_column_inner width=&#8221;1\/3&#8243;][vc_single_image image=&#8221;2812&#8243; img_size=&#8221;medium&#8221; alignment=&#8221;center&#8221; label=&#8221;&#8221;][\/vc_column_inner][vc_column_inner width=&#8221;2\/3&#8243;][vc_column_text]Salzig und S\u00fc\u00dfes: Der ersten S\u00fc\u00dfspeisenausgabe folgt eine zweite, und es kommen drei\u00dfig \u201csalzige\u201d Rezepte hinzu, die den Jahrzeiten abh\u00e4ngigen typischen Produkte mit einbeziehen.<\/p>\n<p>Diese Rezeptsammlung ist gew\u00e4rblich im Bookshop des Schlosses erh\u00e4ltlich oder Telefonische Bestellung unter der Nr.:011.8848870 oder \u00fcber info@castellodipralormo.com mit Zuschlag der Lieferkosten, oder Selbstabholung in der Consolata Pralormo Design Sitz in Turin. [\/vc_column_text][\/vc_column_inner][\/vc_row_inner][vc_row_inner][vc_column_inner][vc_empty_space][vc_column_text]<\/p>\n<h3>PUBLIKATION DER SCHLOSSREIHE<\/h3>\n<p>Ratschl\u00e4ge und Rezepte, die der Gartenernte, den Salaten und der Kunst die Reste in originelle Gerichte zu verwandeln gewidmet sind.[\/vc_column_text][vc_gallery type=&#8221;image_grid&#8221; images=&#8221;2815,2818,2821,2807&#8243; img_size=&#8221;medium&#8221;][vc_column_text]Diese Rezeptsammlung ist gew\u00e4rblich im Bookshop des Schlosses erh\u00e4ltlich oder Telefonische Bestellung unter der Nr.:011.8848870 oder \u00fcber info@castellodipralormo.com mit Zuschlag der Lieferkosten, oder Selbstabholung in der Consolata Pralormo Design Sitz in Turin. [\/vc_column_text][\/vc_column_inner][\/vc_row_inner][vc_row_inner][vc_column_inner][vc_empty_space][vc_column_text]<\/p>\n<h3>Der Tanz des grafen von cavour-1861&#8230;an jenem abend schmolzen \u00dcber tausend kerzen\u2026<\/h3>\n<p>[\/vc_column_text][\/vc_column_inner][\/vc_row_inner][vc_row_inner][vc_column_inner width=&#8221;1\/3&#8243;][vc_single_image image=&#8221;2804&#8243; img_size=&#8221;medium&#8221; alignment=&#8221;center&#8221; label=&#8221;&#8221;][\/vc_column_inner][vc_column_inner width=&#8221;2\/3&#8243;][vc_column_text]Eine lustige Ausgabe aus dem Jahr 2011 zur Ausstellung des CAVOUR GENIO SEDUTTORE GOURMET, erdacht  und organisiert von Consolata Pralormo Design. Das Ereignis rief die Atmos\u00e8h\u00e4re des Italienischen Risorgimento hervor, die Begeisterung zur Zeit der Vereinigung Italiens,  an einem Abend mit einem Empfang des Grafen von Cavour  in seinem Piemontesischen Palast. Dieses Band ist die detaillierte und mit Anekdoten gef\u00fcllte Phantasietagebuch, das von jenem Abend des Empfanges beim Grafen von Cavour und dessen Schlosses  erz\u00e4hlt&#8230;.\u201d Wieviele Kutschen kamen  in die Strassen und dem mit Fackeln erleuchtetem Atrium hereingefahren&#8230; die Dienerschaft in ihren Uniformen mit dem R\u00fccken zur  Freitreppe  um die unz\u00e4hligen G\u00e4ste in Empfang zu bitten&#8230;mehr als Tausend \u2026 Was f\u00fcr ein Spektakel![\/vc_column_text][\/vc_column_inner][\/vc_row_inner][vc_column_text]Handschuhe, Zylinder, Pl\u00fcsch und Federn , alle aufgereiht in der Garderobe&#8230;. und was f\u00fcr Kleider&#8230;! Familienschmuck&#8230;Frisuren, der letzte Schrei aus Paris&#8230;,berauschende Musik&#8230;gro\u00dfartige Buffets mit auf Pyramiden aufgebauten verlockenden &#8216;marron glac\u00e8s&#8217;,  Skulpturen von &#8216;Meringhette&#8217;, K\u00f6rbe voll mit  krockantem,&#8230;ber\u00fchmte G\u00e4ste betraten den Parkettboden der Kanzlei des Grafen&#8230;.wieviele schwierige und gelittene Entscheidungen haben diese W\u00e4nde gesehen! Um einen exklusiven Tisch herum lauschte die franz\u00f6sische Delegation der Ballk\u00f6nigin&#8230; die Gr\u00e4fin von Castiglione&#8230;in einem wei\u00dfen Seidenkleid und schwarzer Spitze&#8230; ihren Erz\u00e4hlungen des Konstantin Nigra ein Botschafter in Paris&#8230;einigen G\u00e4sten lies das Rascheln der Spielkarten im Wohzimmer bis vier in der Fr\u00fch nicht los. Es war Morgengrauen als die Handwerker und H\u00e4ndler  ihre L\u00e4den und Gesch\u00e4fte  \u00f6ffneten&#8230;.ein neuer Tag!! Doch wer waren sie, die die diesen Empf ang bereitet hatten? Die K\u00f6che mit ihren Rezepten, die Lieferanten&#8230;, Gesch\u00e4fte und L\u00e4den aus Turin , 1861, dynamische und lebendige Hauptstadt eines Neuen Reiches&#8230; Es war der 17. M\u00e4rz im Jahre 1861!\u201d<\/p>\n<p>Das Band ist gew\u00e4rblich im Bookshop des Schlosses erh\u00e4ltlich oder Telefonisch bestellen Tel.Nr.: 011884870 oder email pralormodesign@libeo.it mit Lieferkosten oder Selbstabholer im Consolata Pralormo Design Sitz in Turin.[\/vc_column_text][vc_row_inner][vc_column_inner][vc_empty_space][vc_column_text]<\/p>\n<h3>DAS SCHLOSS VON PRALORMO UND SEINE GESCHICHTE<\/h3>\n<p>[\/vc_column_text][\/vc_column_inner][\/vc_row_inner][vc_row_inner][vc_column_inner width=&#8221;1\/3&#8243;][vc_single_image image=&#8221;2801&#8243; img_size=&#8221;medium&#8221; alignment=&#8221;center&#8221; label=&#8221;&#8221;][\/vc_column_inner][vc_column_inner width=&#8221;2\/3&#8243;][vc_column_text]Ein kleines aber komplettes B\u00fcchlein, dem Schloss der Familie und dem historischen Park gewidmet, bearbeitet von Filippo Beraudo di Pralormo. Angefangen mit der Geschichte des Ortes, erz\u00e4hlt der heutige Besitzer \u00fcber Geschichtliche Vorkommnisse aber auch dem Schlossrundgang und der st\u00e4ndigen Notwendigkeit der Wartungsarbeiten, den Anspruch auf eine Garantie der Wahrung des Schlosses und damit  seiner Erhaltung. Mit Dokumenten aus den Archiven und Familienerinnerungen schildert er die Geschichte der Familie, die  dort seit 1680 ihr antikes Heim liebt und in ihm lebt. <\/p>\n<p>Das Band ist gew\u00e4rblich im Bookshop des Schlosses erh\u00e4ltlich oder Telefonisch Tel.Nr:011.884870 oder email: info@castellodipralormo.com mit Lieferkosten oder Selbstabholen im Consolata Pralormo Design Sitz in Turin.[\/vc_column_text][\/vc_column_inner][\/vc_row_inner][vc_row_inner][vc_column_inner][vc_empty_space][vc_column_text]<\/p>\n<h3>PRALORMO ZU TISCH<\/h3>\n<p><strong>K\u00fcchengeheimnisse der Pralormesischen Familie<br \/>\nEinfache und leckere Hausfrauenrezepte zusammengefasst von Consolata Beraudo di Pralormo<\/strong>[\/vc_column_text][\/vc_column_inner][\/vc_row_inner][vc_row_inner][vc_column_inner width=&#8221;1\/3&#8243;][vc_single_image image=&#8221;2824&#8243; img_size=&#8221;medium&#8221; alignment=&#8221;center&#8221; label=&#8221;&#8221;][\/vc_column_inner][vc_column_inner width=&#8221;2\/3&#8243;][vc_column_text]Einer der Iniziativen, der Consolata Pralormo, im Jahre 2007 war ein Rezeptbuch mit einer Sammlung der K\u00fcchengeheimnisse der Familie Pralormo. Der Erwerb dieses Buches sollte zur Restaurierung einer kleinen Kirche die am Eingang des Ortes steht dienen. Consolata Pralormo sammelte \u00fcber hundert Rezepte, die ihr von den Familien der Ortschaft gegeben wurden und Aussagen \u00fcber die K\u00fcchentraditionen der Gegend sind. Das Rezeptbuch hatte einen enormen Erfolg, so konnte mit dem Erwerb die Vorderseite der Kapelle SS. Sebastiano e Rocco restauriert werden.   <\/p>\n<p>Das Rezeptbuch ist momentan ausverkauft.[\/vc_column_text][\/vc_column_inner][\/vc_row_inner][vc_row_inner][vc_column_inner][vc_empty_space][vc_column_text]<\/p>\n<h3>DAS PIEMONTESISCHE MILIT\u00c4R<\/h3>\n<p>[\/vc_column_text][\/vc_column_inner][\/vc_row_inner][vc_row_inner][vc_column_inner][vc_column_text]Der Graf Filippo Beraudo von Pralormo brachte das Projektr  einer Studie zum Piemontesischen Milit\u00e4r zwischen Faschismus und der Republik hervor, eararbeitet von Professor Nicola Labanca mit Hilfe der Geschehnisse und Tageb\u00fccher des Emanuele Beraudo di Pralormo 1939-1950. Bei dieser Studie kam die Wichtigkeit dieser Tageb\u00fccher f\u00fcr geschichtliche Forschungen und deren Elemente, und ihrer Neuigkeit, die das Wissen \u00fcber die Geschehnisse der Kriegskampagnien in \u00c4thiopien im Jahre 1941 berichten, der Aufbau der Armee und den Streitkr\u00e4ften  in den Jahren 1944-45und weiteren Jahren, die S\u00e4uberungsaktion der Hochkar\u00e4tigen Milit\u00e4re, eines der ersten ist der  Graziani Prozess. Die Studie wurde durch Anmerkungen die das Milit\u00e4rumfeld und ihre Pers\u00f6nlichkeiten beschreiben und durch weitere Notizen der Hauptpersonen, Zitate aus  den Tageb\u00fcchern, abgesehen von einer akribisch genauen Indizierung der Ortsnamen und der Personen um eine einfachere Einsichtnahme des so umfassenden Dokumentes zu bekommen.<\/p>\n<p>Info: 011.884870 \u2013 info@castellodipralormo.com[\/vc_column_text][\/vc_column_inner][\/vc_row_inner][\/vc_column][vc_column width=&#8221;1\/4&#8243;]<div class=\"porto-block\"><style>.vc_custom_1504021655198{margin-top: -10px !important;}.vc_custom_1505485521375{padding-left: 30px !important;}<\/style>[vc_row wrap_container=\"yes\" css=\".vc_custom_1504021655198{margin-top: -10px !important;}\"][vc_column css=\".vc_custom_1505485521375{padding-left: 30px !important;}\"][vc_empty_space height=\"18px\"][vc_column_text]<a href=\"http:\/\/castellodipralormo.com\/de\/schlossbesichtigungen\/\"><img class=\"alignnone wp-image-3229 size-full\" src=\"http:\/\/castellodipralormo.com\/wp-content\/uploads\/2018\/04\/visite-al-castello-de.jpg\" alt=\"visite-al-castello-de\" width=\"430\" height=\"215\" \/><\/a>\r\n<a href=\"http:\/\/castellodipralormo.com\/de\/messer-tulpen\/\"><img class=\"alignnone wp-image-2001 size-full\" style=\"margin-top: 15px;\" src=\"http:\/\/castellodipralormo.com\/wp-content\/uploads\/2018\/04\/messer-tulipano-de.jpg\" alt=\"messer-tulipano-de\" width=\"430\" height=\"215\" \/><\/a>\r\n<a href=\"http:\/\/castellodipralormo.com\/de\/die-modelleisenbahnen-des-grafen\/\"><img class=\"alignnone wp-image-2010 size-full\" style=\"margin-top: 15px;\" src=\"http:\/\/castellodipralormo.com\/wp-content\/uploads\/2018\/04\/il-trenino-del-conte-de.jpg\" alt=\"il-trenino-del-conte-de\" width=\"430\" height=\"215\" \/><\/a>\r\n<a href=\"http:\/\/castellodipralormo.com\/de\/location-und-hochzeiten\/\"><img class=\"alignnone size-full wp-image-2007\" style=\"margin-top: 15px;\" src=\"http:\/\/castellodipralormo.com\/wp-content\/uploads\/2018\/04\/eventi-e-matrimoni-de.jpg\" alt=\"eventi-e-matrimoni-de\" width=\"430\" height=\"215\" \/><\/a>\r\n<a href=\"http:\/\/www.lecasedellagiardiniera.it\/de\/home\/\"><img class=\"alignnone size-full wp-image-2004\" style=\"margin-top: 15px;\" src=\"http:\/\/castellodipralormo.com\/wp-content\/uploads\/2018\/04\/ospitalita-de.jpg\" alt=\"le-case-della-giardiniera-de\" width=\"430\" height=\"215\" \/><\/a>[\/vc_column_text][\/vc_column][\/vc_row]<\/div>[\/vc_column][\/vc_row]<\/p>\n","protected":false},"excerpt":{"rendered":"<p>[vc_row wrap_container=&#8221;yes&#8221; css=&#8221;.vc_custom_1504021655198{margin-top: -10px !important;}&#8221;][vc_column width=&#8221;3\/4&#8243;][vc_column_text] Publikationen [\/vc_column_text][vc_column_text]B\u00fcCHERSCHREIBEN DIE NASCHS\u00fcCHTIGE CASTELLANA Nachdem ein ausgesprochen gro\u00dfes Interesse der Besucher f\u00fcr die Schlossk\u00fcche bestand, die ausger\u00bf\u00fcstet mit all seinen originalen Einrichtungen aus dem 15.Jhd. -19.Jhd. Brachte Consolata Pralormo eine neue Reihe mit Rezepten, im Look der einstigen Rezepthefte , heraus. Die ersten beiden Ausgaben wurden gef\u00fcllt mit [&hellip;]<\/p>\n","protected":false},"author":1,"featured_media":0,"parent":0,"menu_order":0,"comment_status":"closed","ping_status":"closed","template":"","meta":[],"tags":[],"yoast_head":"<!-- This site is optimized with the Yoast SEO plugin v16.1.1 - https:\/\/yoast.com\/wordpress\/plugins\/seo\/ -->\n<title>Publikationen - Castello di Pralormo<\/title>\n<link rel=\"canonical\" href=\"https:\/\/castellodipralormo.com\/de\/publikationen\/\" \/>\n<meta property=\"og:locale\" content=\"de_DE\" \/>\n<meta property=\"og:type\" content=\"article\" \/>\n<meta property=\"og:title\" content=\"Publikationen - Castello di Pralormo\" \/>\n<meta property=\"og:description\" content=\"[vc_row wrap_container=&#8221;yes&#8221; css=&#8221;.vc_custom_1504021655198{margin-top: -10px !important;}&#8221;][vc_column width=&#8221;3\/4&#8243;][vc_column_text] Publikationen [\/vc_column_text][vc_column_text]B\u00fcCHERSCHREIBEN DIE NASCHS\u00fcCHTIGE CASTELLANA Nachdem ein ausgesprochen gro\u00dfes Interesse der Besucher f\u00fcr die Schlossk\u00fcche bestand, die ausger\u00bf\u00fcstet mit all seinen originalen Einrichtungen aus dem 15.Jhd. -19.Jhd. Brachte Consolata Pralormo eine neue Reihe mit Rezepten, im Look der einstigen Rezepthefte , heraus. Die ersten beiden Ausgaben wurden gef\u00fcllt mit [&hellip;]\" \/>\n<meta property=\"og:url\" content=\"https:\/\/castellodipralormo.com\/de\/publikationen\/\" \/>\n<meta property=\"og:site_name\" content=\"Castello di Pralormo\" \/>\n<meta property=\"article:modified_time\" content=\"2018-04-12T08:56:36+00:00\" \/>\n<meta name=\"twitter:card\" content=\"summary\" \/>\n<meta name=\"twitter:label1\" content=\"Gesch\u00e4tzte Lesezeit\">\n\t<meta name=\"twitter:data1\" content=\"7 Minuten\">\n<script type=\"application\/ld+json\" class=\"yoast-schema-graph\">{\"@context\":\"https:\/\/schema.org\",\"@graph\":[{\"@type\":\"WebSite\",\"@id\":\"https:\/\/castellodipralormo.com\/#website\",\"url\":\"https:\/\/castellodipralormo.com\/\",\"name\":\"Castello di Pralormo\",\"description\":\"\",\"potentialAction\":[{\"@type\":\"SearchAction\",\"target\":\"https:\/\/castellodipralormo.com\/?s={search_term_string}\",\"query-input\":\"required name=search_term_string\"}],\"inLanguage\":\"de-DE\"},{\"@type\":\"WebPage\",\"@id\":\"https:\/\/castellodipralormo.com\/de\/publikationen\/#webpage\",\"url\":\"https:\/\/castellodipralormo.com\/de\/publikationen\/\",\"name\":\"Publikationen - Castello di Pralormo\",\"isPartOf\":{\"@id\":\"https:\/\/castellodipralormo.com\/#website\"},\"datePublished\":\"2018-04-04T07:40:24+00:00\",\"dateModified\":\"2018-04-12T08:56:36+00:00\",\"breadcrumb\":{\"@id\":\"https:\/\/castellodipralormo.com\/de\/publikationen\/#breadcrumb\"},\"inLanguage\":\"de-DE\",\"potentialAction\":[{\"@type\":\"ReadAction\",\"target\":[\"https:\/\/castellodipralormo.com\/de\/publikationen\/\"]}]},{\"@type\":\"BreadcrumbList\",\"@id\":\"https:\/\/castellodipralormo.com\/de\/publikationen\/#breadcrumb\",\"itemListElement\":[{\"@type\":\"ListItem\",\"position\":1,\"item\":{\"@type\":\"WebPage\",\"@id\":\"https:\/\/castellodipralormo.com\/de\/\",\"url\":\"https:\/\/castellodipralormo.com\/de\/\",\"name\":\"Home\"}},{\"@type\":\"ListItem\",\"position\":2,\"item\":{\"@type\":\"WebPage\",\"@id\":\"https:\/\/castellodipralormo.com\/de\/publikationen\/\",\"url\":\"https:\/\/castellodipralormo.com\/de\/publikationen\/\",\"name\":\"Publikationen\"}}]}]}<\/script>\n<!-- \/ Yoast SEO plugin. -->","_links":{"self":[{"href":"https:\/\/castellodipralormo.com\/de\/wp-json\/wp\/v2\/pages\/4442"}],"collection":[{"href":"https:\/\/castellodipralormo.com\/de\/wp-json\/wp\/v2\/pages"}],"about":[{"href":"https:\/\/castellodipralormo.com\/de\/wp-json\/wp\/v2\/types\/page"}],"author":[{"embeddable":true,"href":"https:\/\/castellodipralormo.com\/de\/wp-json\/wp\/v2\/users\/1"}],"replies":[{"embeddable":true,"href":"https:\/\/castellodipralormo.com\/de\/wp-json\/wp\/v2\/comments?post=4442"}],"version-history":[{"count":16,"href":"https:\/\/castellodipralormo.com\/de\/wp-json\/wp\/v2\/pages\/4442\/revisions"}],"predecessor-version":[{"id":4652,"href":"https:\/\/castellodipralormo.com\/de\/wp-json\/wp\/v2\/pages\/4442\/revisions\/4652"}],"wp:attachment":[{"href":"https:\/\/castellodipralormo.com\/de\/wp-json\/wp\/v2\/media?parent=4442"}],"wp:term":[{"taxonomy":"post_tag","embeddable":true,"href":"https:\/\/castellodipralormo.com\/de\/wp-json\/wp\/v2\/tags?post=4442"}],"curies":[{"name":"wp","href":"https:\/\/api.w.org\/{rel}","templated":true}]}}