{"id":4458,"date":"2018-04-04T10:00:25","date_gmt":"2018-04-04T08:00:25","guid":{"rendered":"http:\/\/castellodipralormo.com\/austellungen-und-events\/"},"modified":"2018-04-09T09:45:32","modified_gmt":"2018-04-09T07:45:32","slug":"austellungen-und-events","status":"publish","type":"page","link":"https:\/\/castellodipralormo.com\/de\/austellungen-und-events\/","title":{"rendered":"Austellungen und Events"},"content":{"rendered":"<p>[vc_row wrap_container=&#8221;yes&#8221; css=&#8221;.vc_custom_1504021655198{margin-top: -10px !important;}&#8221;][vc_column width=&#8221;3\/4&#8243;][vc_column_text]<\/p>\n<h1>Austellungen und Events<\/h1>\n<p>[\/vc_column_text][vc_row_inner][vc_column_inner][vc_column_text]<strong>CONSOLATA PRALORMO DESIGN<\/strong> mit 10 j\u00e4hriger Erfahrung in der Konzeption und Organisation von Events, Ausstellungen und Festivals, viele davon fanden im Schloss von Pralormo statt.<br \/>\nAls wichtige Ressourcen f\u00fcr die Zukunft k\u00f6nnen und sollten das Historisch und K\u00fcnstlerische Kulturgut des Piemonte gelten. Deshalb fanden einige Events auch in andern Piemontesichen Standorten statt.<\/p>\n<p><strong>Herbst 2001 \u201cChina und Chinesisches Porzellan in den Sabaudischen Residenzen\u201d<\/strong> In Zusammenarbeit mit den Verb\u00e4nden  Amici di Palazzo Reale und Piemonte Ambiente da scoprire.<\/p>\n<p><strong>Herbst 2001 \u201cRegatta der neun Drachen\u201d<\/strong> Regatta mit Dragon Boats auf dem Fluss Po in Zusammenarbeit mit der Provincia di Torino.<\/p>\n<p><strong>Winter 2001 \u201cHommage an Margherita von Savoia\u201d<\/strong> in der Bibliothek Reale di Torino.<\/p>\n<p><strong>Winter 2001 \u201c Weihnachten wie ein K\u00f6nig\u201d<\/strong> im Palazzo Reale in Turin.<\/p>\n<p><strong>Fr\u00fchling 2002 \u201cDer Tisch des K\u00f6nigs zwischen Hofprotokoll und antiken Vasen\u201d<\/strong> Zur vierten Kulturwoche im Palazzo Reale in Turin.<\/p>\n<p><strong>Inverno Winter 2002 Tag der Blumen<\/strong>, Blumendekoration und Botanik., Zur Ausstelung des gef\u00f6rdert durch den B\u00fcrgermeister von Turin und dem Dezernat des Tourismus der Stadt. <\/p>\n<p><strong>Winter 2002  Mit Faden und Strich: von Skulptur-Kleidern von Roberto Capucci bis zum Fashion Design\u201d.<\/strong> Zur Hundertjahrfeier der Internationalen Ausstellung der Dekorativen Kunst, gef\u00f6rdert von der Fondazione per il Libro, ausgestellt im Ehrensaal des Palazzo Carignano um die italienische Kreativit\u00e4t zu feiern.<br \/>\nRoberto Capucci: wenn Mode zur Kunst wird. Ausstellung der Kollektion der Skulptur-Kleider, die zur Biennale von Venedig 1995 entworfen wurden. Designer: Kristina Ti und Sanlorenzo, Osvaldo Montalbano, Ferula di Annalisa Cocco und Roberta Morittu, Adriana Delfino und Lucia Gatti (Cats Style), Maria Paola Pedetta und Camilla Novellis (Kappa &#038; Spada) Rossana Dassetto Deda Meriggi (Scarpet \u00e0 Porter, Caterina Crepax e Sergio Persero, Sergio Coppetta (Intuitive) e Maria Grazia Tata (Atelier dei Marsi), Gentucca Bini e Luisa Cevese (Riedizioni), Silvia Beccaria Carla di Fonzo, Pietra Pistoletto. Reise in Italien: i distretti del Tessile e Luminex, ein aussergew\u00f6hnlich leuchtender Stoff aus dem kreativen Toskana.<\/p>\n<p><strong>Fr\u00fchling 2003 in Br\u00fcssel, St. Petersburg und Turin \u201c Die Kunst des Tisches\u201d.<\/strong><\/p>\n<p><strong>Winter 2003 \u201cWas steckt hinter dem Kimono\u201d,<\/strong> am Palazzo Barolo findet das \u201c Ausstellungsevent\u201d statt, der Japan gewidmet ist: eine Amerikanische Privatkollektion von \u201cKimono-Vintage\u201d, kostbare neue Kimonos, der Japanische Garten und ein gro\u00dfer Teil der Ausstellung, ist dem modernen Japan gewidmet. Dazu : das Rundshoppen \u201cJapan und Japanisierung\u201d und \u201cOrientalische Mode-Westliche Mode\u201d im Palazzo Birgaro di Borgaro Sitz der Handelskammer von Turin. <\/p>\n<p><strong>Winter 2004 \u201cMittagessen am Quirinale, Zeremonie und Szenenbild vom K\u00f6nigreich zur Republik\u201d.<\/strong>\u00a0 Mit dem Hohen Patronat der Pr\u00e4sidentschaft der Republik, im Staatsarchiv von Turin eine Ausstellung \u00fcber Ritualit\u00e4t und Tradition der staatlichen Mahlzeiten von 1870 bis heute.<br \/>\nAusgestellt wurden Kollektionen aus Rom, des Palazzo del Quirinale, aus dem Museum Pitti, aus dem Palazzo Reale in Turin und Privatkollektionen. Ausserdem die Geschichte der Bekleidung durch Bilder aus den Epochen, aufbewahrt im Palazzo Quirinale. Zum Schluss, Geheimnisse und Rezepte des Hofkochs Giovanni Vialardi.<\/p>\n<p><strong>Winter 2006  \u201cTurin im Kerzenschein\u201d<\/strong> zu den  20.Olympischen Winterspielen empfingen f\u00fcnf Innenh\u00f6fe der Palazzis in der Stadtmitte, Eingeladene und Besucher in einer unwiederholbaren und einzigartigen Atmosph\u00e4re, beleuchtet durch Kerzen, Fackeln, alten Kerzenst\u00e4ndern und Knollenblumen und wei\u00dfen Blumen&#8230;damit wurde die wunderbare barocke Architektur der Stadt und sein Reiz hervorgehoben. <\/p>\n<p><strong>M\u00e4rz 2008 \u201cFlower Design\u201d.<\/strong> Zur Turiner World Design Capital, eine Eventausstellung mit internazionalem Ruhm, die den Tendenzen aus dem Blumen \u2013 Bereich gewidmet war, mit Hilfe von vier ber\u00fchmten internazionalen Designern und einem klingendem Teppich mit Raumklang eingerichtet.  <\/p>\n<p><strong>Juli 2008 Realisierung des Multimedialen Museums f\u00fcr die Sanierung vom Domus Mercatarum.<\/strong> Tecnocamere mit Handelskammer Verona.<\/p>\n<p><strong>Oktober 2008 \u201c Die K\u00fcchen des Palazzo Reale von Turin\u201d.<\/strong> Nach achtzehn monatiger Restaurierung, die Einweihungsfeier des neuen Schlossrundgangs, Consolata Pralormo Design war f\u00fcr die Grafik, Linie der Kaufartikel im Bookshop zust\u00e4ndig und wirkte bei der Ausstattung mit. <\/p>\n<p><strong>26.M\u00e4rz &#8211; 26.Juni 2011 \u201c Cavour, Genie und Verf\u00fchrer im Gourmet\u201d.<\/strong> Zur 150 Jahrfeier der Vereinigung Italiens, findet im Palazzo Cavour zum gleichzeitigen Program. ESPERIENZA ITALIA, eine Austellung statt. Diese will die Begeisterung der Zeit des Risorgimento und der Vereinigung Italiens wieder aufbeschw\u00f6ren, ein Abend im Turiner Wohnsitz des gro\u00dfen Statisten, bei dem die Besucher zu  G\u00e4sten eines Empfanges des Grafen Cavour werden.<br \/>\nDie Neueinrichtung wurde mit Hilfe von Leihgaben aus Museen, Palazzi und Privatsammlungen hergestellt:der Ballsaal, der Spielsalon mit Gesellschaftsspielen, das Esszimmer indem Privatgespr\u00e4che mit dem franz. Kaiser Napoleon III, gehalten wurden, ein Boudoir, der der wundersch\u00f6nen Gr\u00e4fin von Castiglione gewidmet war. Auf einem Rundgang durch die Strassen der Stadt, ihren alten Werkst\u00e4tten aus der Zeit, wurde dem Teilnehmer die damalige Atmosph\u00e4re einer lebendigen und dynamischen Hauptstadt wie ein Bild, dem der Prozess der Vereinigung Italiens an der Spitze lag, mit seinen stark geteilten Idealen deren Werte und die Hoffnung auf Freiheit durch sie, suggeriert wurde. In einigen der gro\u00df en S\u00e4le im Palast,wurden Abendmen\u00fcs der Epoche serviert, die durch ihre Vorliebe des Grafen Cavour ihre Inspirierung fanden.<\/p>\n<p><strong>Mai 2013: \u201cInterntionaler Wettbewerb des Bouquets in Montecarlo\u201d.<\/strong> Teilnahme an der renommierten \u201cConcours International de Bouquets\u201d,ein von den Monegassen sehr geliebtes Ereignis und wurde von der Prinzessin Grace gegr\u00fcndet. Die Inspiration hatte Consolata von Pralormo durch die Familien -Tradition der Ausrichtung von Blumendekorationen der Tische, mit fein zerkleinerten Kiefernnadeln mit Schablonen geformten B\u00fcschen und Wegen, eingerahmt mit Blumenvasen und Statuen. In der Tat, ein Garten mitten auf dem Tisch. Bei der Er\u00f6ffnung ist sowohl von Prinz Albert von Monaco als auch von I.K.H. Caroline von Hannover ihre Arbeit und der Tischschmuck sehr gelobt worden. Ausserhalb des Wettbewerbs hat ihre Arbeit sehr hohes Interesse hervorgerufen.[\/vc_column_text][\/vc_column_inner][\/vc_row_inner][vc_row_inner][vc_column_inner][vc_single_image image=&#8221;2574&#8243; img_size=&#8221;full&#8221; alignment=&#8221;center&#8221; onclick=&#8221;link_image&#8221;][\/vc_column_inner][\/vc_row_inner][vc_column_text]<strong>30.November &#8211; 1.Dezember 2013:<\/strong> Ausf\u00fchrung einer spektakol\u00e4ren Tischdekoration der Messer Tulpen gewidmet -und dem\u201d Panettone\u201d zur Ausstellung am Palazzo Carignano<strong> \u201cEine Menge an Panettonen\u201d.<\/strong>[\/vc_column_text][vc_single_image image=&#8221;2577&#8243; img_size=&#8221;full&#8221; alignment=&#8221;center&#8221; onclick=&#8221;link_image&#8221;][vc_column_text]<strong>23.Juli &#8211; 19.November 2017:<\/strong> Ausstellungsprojekt <strong>&#8220;Y KIMONO NOW &#8211; Weshalb Kimono heute&#8221;<\/strong> zum roten Spinnrad des Caraglio (CN) aussergew\u00f6hnliche und originelle Ausstellung einer Privatkollektion des Kimonos.[\/vc_column_text][vc_single_image image=&#8221;3425&#8243; img_size=&#8221;full&#8221; alignment=&#8221;center&#8221; onclick=&#8221;link_image&#8221; label=&#8221;&#8221;][\/vc_column][vc_column width=&#8221;1\/4&#8243;]<div class=\"porto-block\"><style>.vc_custom_1504021655198{margin-top: -10px !important;}.vc_custom_1505485521375{padding-left: 30px !important;}<\/style>[vc_row wrap_container=\"yes\" css=\".vc_custom_1504021655198{margin-top: -10px !important;}\"][vc_column css=\".vc_custom_1505485521375{padding-left: 30px !important;}\"][vc_empty_space height=\"18px\"][vc_column_text]<a href=\"http:\/\/castellodipralormo.com\/de\/schlossbesichtigungen\/\"><img class=\"alignnone wp-image-3229 size-full\" src=\"http:\/\/castellodipralormo.com\/wp-content\/uploads\/2018\/04\/visite-al-castello-de.jpg\" alt=\"visite-al-castello-de\" width=\"430\" height=\"215\" \/><\/a>\r\n<a href=\"http:\/\/castellodipralormo.com\/de\/messer-tulpen\/\"><img class=\"alignnone wp-image-2001 size-full\" style=\"margin-top: 15px;\" src=\"http:\/\/castellodipralormo.com\/wp-content\/uploads\/2018\/04\/messer-tulipano-de.jpg\" alt=\"messer-tulipano-de\" width=\"430\" height=\"215\" \/><\/a>\r\n<a href=\"http:\/\/castellodipralormo.com\/de\/die-modelleisenbahnen-des-grafen\/\"><img class=\"alignnone wp-image-2010 size-full\" style=\"margin-top: 15px;\" src=\"http:\/\/castellodipralormo.com\/wp-content\/uploads\/2018\/04\/il-trenino-del-conte-de.jpg\" alt=\"il-trenino-del-conte-de\" width=\"430\" height=\"215\" \/><\/a>\r\n<a href=\"http:\/\/castellodipralormo.com\/de\/location-und-hochzeiten\/\"><img class=\"alignnone size-full wp-image-2007\" style=\"margin-top: 15px;\" src=\"http:\/\/castellodipralormo.com\/wp-content\/uploads\/2018\/04\/eventi-e-matrimoni-de.jpg\" alt=\"eventi-e-matrimoni-de\" width=\"430\" height=\"215\" \/><\/a>\r\n<a href=\"http:\/\/www.lecasedellagiardiniera.it\/de\/home\/\"><img class=\"alignnone size-full wp-image-2004\" style=\"margin-top: 15px;\" src=\"http:\/\/castellodipralormo.com\/wp-content\/uploads\/2018\/04\/ospitalita-de.jpg\" alt=\"le-case-della-giardiniera-de\" width=\"430\" height=\"215\" \/><\/a>[\/vc_column_text][\/vc_column][\/vc_row]<\/div>[\/vc_column][\/vc_row]<\/p>\n","protected":false},"excerpt":{"rendered":"<p>[vc_row wrap_container=&#8221;yes&#8221; css=&#8221;.vc_custom_1504021655198{margin-top: -10px !important;}&#8221;][vc_column width=&#8221;3\/4&#8243;][vc_column_text] Austellungen und Events [\/vc_column_text][vc_row_inner][vc_column_inner][vc_column_text]CONSOLATA PRALORMO DESIGN mit 10 j\u00e4hriger Erfahrung in der Konzeption und Organisation von Events, Ausstellungen und Festivals, viele davon fanden im Schloss von Pralormo statt. Als wichtige Ressourcen f\u00fcr die Zukunft k\u00f6nnen und sollten das Historisch und K\u00fcnstlerische Kulturgut des Piemonte gelten. Deshalb fanden einige Events [&hellip;]<\/p>\n","protected":false},"author":1,"featured_media":0,"parent":0,"menu_order":0,"comment_status":"closed","ping_status":"closed","template":"","meta":[],"tags":[],"yoast_head":"<!-- This site is optimized with the Yoast SEO plugin v16.1.1 - https:\/\/yoast.com\/wordpress\/plugins\/seo\/ -->\n<title>Austellungen und Events - Castello di Pralormo<\/title>\n<link rel=\"canonical\" href=\"https:\/\/castellodipralormo.com\/de\/austellungen-und-events\/\" \/>\n<meta property=\"og:locale\" content=\"de_DE\" \/>\n<meta property=\"og:type\" content=\"article\" \/>\n<meta property=\"og:title\" content=\"Austellungen und Events - Castello di Pralormo\" \/>\n<meta property=\"og:description\" content=\"[vc_row wrap_container=&#8221;yes&#8221; css=&#8221;.vc_custom_1504021655198{margin-top: -10px !important;}&#8221;][vc_column width=&#8221;3\/4&#8243;][vc_column_text] Austellungen und Events [\/vc_column_text][vc_row_inner][vc_column_inner][vc_column_text]CONSOLATA PRALORMO DESIGN mit 10 j\u00e4hriger Erfahrung in der Konzeption und Organisation von Events, Ausstellungen und Festivals, viele davon fanden im Schloss von Pralormo statt. Als wichtige Ressourcen f\u00fcr die Zukunft k\u00f6nnen und sollten das Historisch und K\u00fcnstlerische Kulturgut des Piemonte gelten. Deshalb fanden einige Events [&hellip;]\" \/>\n<meta property=\"og:url\" content=\"https:\/\/castellodipralormo.com\/de\/austellungen-und-events\/\" \/>\n<meta property=\"og:site_name\" content=\"Castello di Pralormo\" \/>\n<meta property=\"article:modified_time\" content=\"2018-04-09T07:45:32+00:00\" \/>\n<meta name=\"twitter:card\" content=\"summary\" \/>\n<meta name=\"twitter:label1\" content=\"Gesch\u00e4tzte Lesezeit\">\n\t<meta name=\"twitter:data1\" content=\"5 Minuten\">\n<script type=\"application\/ld+json\" class=\"yoast-schema-graph\">{\"@context\":\"https:\/\/schema.org\",\"@graph\":[{\"@type\":\"WebSite\",\"@id\":\"https:\/\/castellodipralormo.com\/#website\",\"url\":\"https:\/\/castellodipralormo.com\/\",\"name\":\"Castello di Pralormo\",\"description\":\"\",\"potentialAction\":[{\"@type\":\"SearchAction\",\"target\":\"https:\/\/castellodipralormo.com\/?s={search_term_string}\",\"query-input\":\"required name=search_term_string\"}],\"inLanguage\":\"de-DE\"},{\"@type\":\"WebPage\",\"@id\":\"https:\/\/castellodipralormo.com\/de\/austellungen-und-events\/#webpage\",\"url\":\"https:\/\/castellodipralormo.com\/de\/austellungen-und-events\/\",\"name\":\"Austellungen und Events - Castello di Pralormo\",\"isPartOf\":{\"@id\":\"https:\/\/castellodipralormo.com\/#website\"},\"datePublished\":\"2018-04-04T08:00:25+00:00\",\"dateModified\":\"2018-04-09T07:45:32+00:00\",\"breadcrumb\":{\"@id\":\"https:\/\/castellodipralormo.com\/de\/austellungen-und-events\/#breadcrumb\"},\"inLanguage\":\"de-DE\",\"potentialAction\":[{\"@type\":\"ReadAction\",\"target\":[\"https:\/\/castellodipralormo.com\/de\/austellungen-und-events\/\"]}]},{\"@type\":\"BreadcrumbList\",\"@id\":\"https:\/\/castellodipralormo.com\/de\/austellungen-und-events\/#breadcrumb\",\"itemListElement\":[{\"@type\":\"ListItem\",\"position\":1,\"item\":{\"@type\":\"WebPage\",\"@id\":\"https:\/\/castellodipralormo.com\/de\/\",\"url\":\"https:\/\/castellodipralormo.com\/de\/\",\"name\":\"Home\"}},{\"@type\":\"ListItem\",\"position\":2,\"item\":{\"@type\":\"WebPage\",\"@id\":\"https:\/\/castellodipralormo.com\/de\/austellungen-und-events\/\",\"url\":\"https:\/\/castellodipralormo.com\/de\/austellungen-und-events\/\",\"name\":\"Austellungen und Events\"}}]}]}<\/script>\n<!-- \/ Yoast SEO plugin. -->","_links":{"self":[{"href":"https:\/\/castellodipralormo.com\/de\/wp-json\/wp\/v2\/pages\/4458"}],"collection":[{"href":"https:\/\/castellodipralormo.com\/de\/wp-json\/wp\/v2\/pages"}],"about":[{"href":"https:\/\/castellodipralormo.com\/de\/wp-json\/wp\/v2\/types\/page"}],"author":[{"embeddable":true,"href":"https:\/\/castellodipralormo.com\/de\/wp-json\/wp\/v2\/users\/1"}],"replies":[{"embeddable":true,"href":"https:\/\/castellodipralormo.com\/de\/wp-json\/wp\/v2\/comments?post=4458"}],"version-history":[{"count":4,"href":"https:\/\/castellodipralormo.com\/de\/wp-json\/wp\/v2\/pages\/4458\/revisions"}],"predecessor-version":[{"id":4462,"href":"https:\/\/castellodipralormo.com\/de\/wp-json\/wp\/v2\/pages\/4458\/revisions\/4462"}],"wp:attachment":[{"href":"https:\/\/castellodipralormo.com\/de\/wp-json\/wp\/v2\/media?parent=4458"}],"wp:term":[{"taxonomy":"post_tag","embeddable":true,"href":"https:\/\/castellodipralormo.com\/de\/wp-json\/wp\/v2\/tags?post=4458"}],"curies":[{"name":"wp","href":"https:\/\/api.w.org\/{rel}","templated":true}]}}