{"id":4498,"date":"2018-04-04T10:22:18","date_gmt":"2018-04-04T08:22:18","guid":{"rendered":"http:\/\/castellodipralormo.com\/kurse-bandera-stickerei\/"},"modified":"2018-04-09T09:47:06","modified_gmt":"2018-04-09T07:47:06","slug":"kurse-bandera-stickerei","status":"publish","type":"page","link":"https:\/\/castellodipralormo.com\/de\/kurse-bandera-stickerei\/","title":{"rendered":"Kurse: Bandera Stickerei"},"content":{"rendered":"<p>[vc_row wrap_container=&#8221;yes&#8221; css=&#8221;.vc_custom_1504021655198{margin-top: -10px !important;}&#8221;][vc_column width=&#8221;3\/4&#8243;][vc_column_text]<\/p>\n<h1>Kurse: Bandera Stickerei<\/h1>\n<p>[\/vc_column_text][vc_column_text]<\/p>\n<h3>DIE BANDERA STICKEREI<\/h3>\n<p>Ist eine Piemontesische Stickerei und enstand Anfang des 18.Jhd., als nach dem Tod ihres Mannes Carlo Emanuele II. die zweite K\u00f6nigliche Dame Maria Giovanna Battista von Savoia-Nemours,  den Thron bestieg.[\/vc_column_text][vc_row_inner][vc_column_inner width=&#8221;1\/3&#8243;][vc_single_image image=&#8221;2833&#8243; img_size=&#8221;medium&#8221; alignment=&#8221;center&#8221; onclick=&#8221;link_image&#8221;][\/vc_column_inner][vc_column_inner width=&#8221;2\/3&#8243;][vc_column_text]Zur damaligen Zeit empfingen die piemontesischen Adligen die Herrin des  Landes in ihren eigenen Wohnsitzen, nach Abnutzung der Samt und  Damastbez\u00fcge der Sessel, Sofas und Himmelbetten \u00fcberzogen sie sie mit Piemontesischen T\u00fcchern \u201cBandera\u201d  genannt. Es handelte sich dabei um ein wei\u00df- oder ecr\u00f9 farbenes Baumwolltuch ca. 60cm lang und war mit Motiven wie Blumen, Schn\u00f6rkelverzierungen, Bl\u00e4ttern und manchmal sogar mit Sagenhaften Figuren aus der Barocken Architektur bestickt. Der  Faden, der zum Sticken benutzt wurde  bestand aus einer sehr fein gedrehten Wolle, in verschiedenen Schattierungen, haupts\u00e4chlich in den verschiedenen Nuancen rosa, blu Savoia und gr\u00fcn f\u00fcr die vielen geometrischen Ornamente. Die Blumenstr\u00e4u\u00dfe zeigten sich in vielf\u00e4ltigen Varianten und Farben mit besonderer R\u00fccksichtnahme auf ein Harmonisches Farbenspiel. Die Stickstiche die benutzt wurden waren: der Kettenstich,  speziell f\u00fcr Bl\u00e4tter und Schn\u00f6rkel, der Plattstich und der R\u00fcckstich f\u00fcr die Blumen. Im Kunstmuseum in Turin ist ein Kopfteil des Betttes aus der k\u00f6niglichen Sammlung aufbewahrt, auf der die Sage von Diana und Edmione dargestellt wird, warscheinlich ein Teil aus Venaria. Es wurde von der L&#8217;Opera della Provvidenza in Turin hergestellt, das  das K\u00f6nigshaus ausgestattet hatte.[\/vc_column_text][\/vc_column_inner][\/vc_row_inner][vc_row_inner][vc_column_inner width=&#8221;1\/3&#8243;][vc_single_image image=&#8221;2836&#8243; img_size=&#8221;medium&#8221; alignment=&#8221;center&#8221; onclick=&#8221;link_image&#8221;][\/vc_column_inner][vc_column_inner width=&#8221;2\/3&#8243;][vc_column_text]Die Tradition der Bandera Stickerei entschwand weder im 18.Jhd., noch im 19.Jhd. Viele Piemontesische  Edelfrauen trugen dazu bei, diese Art von  \u201cMalerei mit der Nadel\u201d am Leben zu erhalten. In den 60 Jahren war  die Bandera Stickerei jedoch am Aussterben bedroht, Consolata Beraudo von Pralormo brachte sie dennoch wieder vor, sie berief sich an die genauen Vorlagen dieser Tradition, an die Zeichnungen und die antiken Stoffe, bildete sie neue Stickerinnen auf dem Schloss von Pralormo  aus, in der gleichen piemontesischen Gegend, in der es im 17.Jhd.,enstanden war. 1992 gr\u00fcndete sie die erste Schule der Bandera Stickerei in Italien.  [\/vc_column_text][\/vc_column_inner][\/vc_row_inner][vc_row_inner][vc_column_inner width=&#8221;1\/3&#8243;][vc_single_image image=&#8221;2830&#8243; img_size=&#8221;medium&#8221; alignment=&#8221;center&#8221; onclick=&#8221;link_image&#8221;][\/vc_column_inner][vc_column_inner width=&#8221;2\/3&#8243;][vc_column_text]<strong>DIE ITALIENISCHE SCHULE DER BANDERA STICKEREI VON CONSOLATA BERAUDO VON PRALORMO<\/strong> ietet Bandera Stickerei hergestellt  auf wei\u00dfen oder elfenbeinfarbenen Baumwollstoffen mit gedrehtem Wollfaden in den \u00fcberlieferten Farben des 17.Jhd, an und bezieht sich an die vorgegebenen Modelle die heute noch in Piemonte existieren.<br \/>\nVERSCHIEDENE VORSCHL\u00c4GE SIND VERF\u00dcGBAR:<br \/>\n1) Stickereien f\u00fcr Kopfenden des Bettes, Bett\u00fcberdecken, Kissen,Sessel,B\u00e4nke, in verschiedenen Ma\u00dfen, auf Bestellung, in vielen verschiedenen Farben und Mustern;<br \/>\n2) Stickkit, enth\u00e4lt den Kissenstoff mit dem bedruckten Muster, F\u00e4den und die Stickanleitung;<br \/>\n3) Stickkit mit einem runden oder rechteckigen Stickrahmen, mit groben Futterstoff zum \u00fcberspannen mit  dem Banderastoff; enth\u00e4lt ausserdem den  mit dem Muster bedruckten Banderastoff, F\u00e4den und der Sticknleitung.[\/vc_column_text][\/vc_column_inner][\/vc_row_inner][vc_row_inner][vc_column_inner][vc_column_text]<\/p>\n<h3>UNSERE KURSE<\/h3>\n<p>Das Organisieren der Kurse h\u00e4ngt von der Nachfrage ab. F\u00fcr die Sch\u00fcler sind full-immersion Kurse verf\u00fcgbar: 5 Stunden abgehalten an einem Tag oder in zwei Tagen mit einer Stickerin.<br \/>\nSTICKKURS 1. LEVEL<br \/>\nF\u00fcnf Stunden . Geschichte der Bandera Stickerei,die benutzten Stoffarten, den \u201cGrasstich\u201d, den Kettenstich auf  vorgezeichnete Piemontesische Barocke Muster.<br \/>\nSTICKKURS 2.LEVEL<br \/>\nF\u00fcnf Stunden. Perfektionieren der Bandera Technik, den Plattstich auf den Stoff sticken, der unumg\u00e4nglich f\u00fcr die Blumenmuster und die Barocken Ornamente ist.<br \/>\nSTICKKURS 3.LEVEL<br \/>\nF\u00fcnf Stunden. Perfektionieren der Obststickerei. Technik des Plattstiches \u201calles rund\u201d mit Schattierungen.<br \/>\nSTICKKURS 4.LEVEL<br \/>\nF\u00fcnf Stunden. Erarbeiten einer Girlande mit sieben verschiedenen Blumenarten und Band, alles im Plattstich. Diese Stickarbeit ist nicht sehr leicht, mit einer besonderen Schattierungstechnik.<br \/>\nDie Kurse finden in Turin statt , in Via Bicocca, 9 \u2013 Tel.Nr.:011.884870[\/vc_column_text][\/vc_column_inner][\/vc_row_inner][vc_row_inner][vc_column_inner][vc_column_text]<\/p>\n<h3>KURSE ZU VERSCHIEDENEN THEMEN<\/h3>\n<p>DIE FEDERN<br \/>\nIm Schlossarchiv  indem die antiken Stickereien aufbewahrt wurden, hat man einen neuen Stickstich entdeckt der zur Banderstickerei geh\u00f6rt . Dieser Stich wird f\u00fcr das sticken der Federn, Ornamenten und den B\u00e4ndern benutzt.<br \/>\nDIE TULPEN<br \/>\nDrei Muster mit verschiedenen Schwierigkeitsgraden und Farbschattierungen, mit Plattstich, geeignet f\u00fcr Kissen, Hocker und Kamminsch\u00fctzer.<br \/>\nHISTORISCHES BANDERA<br \/>\nAus  einer antiken Zeichnung des Schlosses von Pralormo, eine besondere Stickerei aus den faszinierenden alten H\u00e4usern: ein barockes Medaillon mit Bl\u00e4ttern und Federn und innen ein Korb mit Blumen.<br \/>\nDIE ROSE<br \/>\n\u2013 ein barocker Korb mit einem Rosenstrau\u00df<br \/>\n\u2013 Rosen und Obst eingerahmt mit B\u00e4ndern und Federn.<br \/>\nSABAUDE BANDERASTICKEREI DEN SABAUDISCHEN RESIDENZEN GEWIDMET<br \/>\n\u2013 Jagdschloss zu Stupinigi: bunte Stickerei Ausschnitt eines Fensterrahmens<br \/>\n\u2013 Schloss von Agli\u00e8: Stickerei-Ausschnitt einer Deckenmalerei in f\u00fcnf Blau T\u00f6nen Savoia<br \/>\n\u2013 Schloss von Racconigi: Stickerei , Ausschnitt eienr Freske aus dem chinesischen Saal<\/p>\n<p>Sollten Stickereien mit Ausschnitten, die aus unseren Archiven stammen dargelegt werden, ist es Pflicht den Namen der Schule anzugeben.<\/p>\n<p>Die Kurse finden in Turin statt, Via Bicocca,9- Tel.Nr.:011.884870[\/vc_column_text][\/vc_column_inner][\/vc_row_inner][\/vc_column][vc_column width=&#8221;1\/4&#8243;]<div class=\"porto-block\"><style>.vc_custom_1504021655198{margin-top: -10px !important;}.vc_custom_1505485521375{padding-left: 30px !important;}<\/style>[vc_row wrap_container=\"yes\" css=\".vc_custom_1504021655198{margin-top: -10px !important;}\"][vc_column css=\".vc_custom_1505485521375{padding-left: 30px !important;}\"][vc_empty_space height=\"18px\"][vc_column_text]<a href=\"http:\/\/castellodipralormo.com\/de\/schlossbesichtigungen\/\"><img class=\"alignnone wp-image-3229 size-full\" src=\"http:\/\/castellodipralormo.com\/wp-content\/uploads\/2018\/04\/visite-al-castello-de.jpg\" alt=\"visite-al-castello-de\" width=\"430\" height=\"215\" \/><\/a>\r\n<a href=\"http:\/\/castellodipralormo.com\/de\/messer-tulpen\/\"><img class=\"alignnone wp-image-2001 size-full\" style=\"margin-top: 15px;\" src=\"http:\/\/castellodipralormo.com\/wp-content\/uploads\/2018\/04\/messer-tulipano-de.jpg\" alt=\"messer-tulipano-de\" width=\"430\" height=\"215\" \/><\/a>\r\n<a href=\"http:\/\/castellodipralormo.com\/de\/die-modelleisenbahnen-des-grafen\/\"><img class=\"alignnone wp-image-2010 size-full\" style=\"margin-top: 15px;\" src=\"http:\/\/castellodipralormo.com\/wp-content\/uploads\/2018\/04\/il-trenino-del-conte-de.jpg\" alt=\"il-trenino-del-conte-de\" width=\"430\" height=\"215\" \/><\/a>\r\n<a href=\"http:\/\/castellodipralormo.com\/de\/location-und-hochzeiten\/\"><img class=\"alignnone size-full wp-image-2007\" style=\"margin-top: 15px;\" src=\"http:\/\/castellodipralormo.com\/wp-content\/uploads\/2018\/04\/eventi-e-matrimoni-de.jpg\" alt=\"eventi-e-matrimoni-de\" width=\"430\" height=\"215\" \/><\/a>\r\n<a href=\"http:\/\/www.lecasedellagiardiniera.it\/de\/home\/\"><img class=\"alignnone size-full wp-image-2004\" style=\"margin-top: 15px;\" src=\"http:\/\/castellodipralormo.com\/wp-content\/uploads\/2018\/04\/ospitalita-de.jpg\" alt=\"le-case-della-giardiniera-de\" width=\"430\" height=\"215\" \/><\/a>[\/vc_column_text][\/vc_column][\/vc_row]<\/div>[\/vc_column][\/vc_row]<\/p>\n","protected":false},"excerpt":{"rendered":"<p>[vc_row wrap_container=&#8221;yes&#8221; css=&#8221;.vc_custom_1504021655198{margin-top: -10px !important;}&#8221;][vc_column width=&#8221;3\/4&#8243;][vc_column_text] Kurse: Bandera Stickerei [\/vc_column_text][vc_column_text] DIE BANDERA STICKEREI Ist eine Piemontesische Stickerei und enstand Anfang des 18.Jhd., als nach dem Tod ihres Mannes Carlo Emanuele II. die zweite K\u00f6nigliche Dame Maria Giovanna Battista von Savoia-Nemours, den Thron bestieg.[\/vc_column_text][vc_row_inner][vc_column_inner width=&#8221;1\/3&#8243;][vc_single_image image=&#8221;2833&#8243; img_size=&#8221;medium&#8221; alignment=&#8221;center&#8221; onclick=&#8221;link_image&#8221;][\/vc_column_inner][vc_column_inner width=&#8221;2\/3&#8243;][vc_column_text]Zur damaligen Zeit empfingen die piemontesischen Adligen [&hellip;]<\/p>\n","protected":false},"author":1,"featured_media":0,"parent":0,"menu_order":0,"comment_status":"closed","ping_status":"closed","template":"","meta":[],"tags":[],"yoast_head":"<!-- This site is optimized with the Yoast SEO plugin v16.1.1 - https:\/\/yoast.com\/wordpress\/plugins\/seo\/ -->\n<title>Kurse: Bandera Stickerei - Castello di Pralormo<\/title>\n<link rel=\"canonical\" href=\"https:\/\/castellodipralormo.com\/de\/kurse-bandera-stickerei\/\" \/>\n<meta property=\"og:locale\" content=\"de_DE\" \/>\n<meta property=\"og:type\" content=\"article\" \/>\n<meta property=\"og:title\" content=\"Kurse: Bandera Stickerei - Castello di Pralormo\" \/>\n<meta property=\"og:description\" content=\"[vc_row wrap_container=&#8221;yes&#8221; css=&#8221;.vc_custom_1504021655198{margin-top: -10px !important;}&#8221;][vc_column width=&#8221;3\/4&#8243;][vc_column_text] Kurse: Bandera Stickerei [\/vc_column_text][vc_column_text] DIE BANDERA STICKEREI Ist eine Piemontesische Stickerei und enstand Anfang des 18.Jhd., als nach dem Tod ihres Mannes Carlo Emanuele II. die zweite K\u00f6nigliche Dame Maria Giovanna Battista von Savoia-Nemours, den Thron bestieg.[\/vc_column_text][vc_row_inner][vc_column_inner width=&#8221;1\/3&#8243;][vc_single_image image=&#8221;2833&#8243; img_size=&#8221;medium&#8221; alignment=&#8221;center&#8221; onclick=&#8221;link_image&#8221;][\/vc_column_inner][vc_column_inner width=&#8221;2\/3&#8243;][vc_column_text]Zur damaligen Zeit empfingen die piemontesischen Adligen [&hellip;]\" \/>\n<meta property=\"og:url\" content=\"https:\/\/castellodipralormo.com\/de\/kurse-bandera-stickerei\/\" \/>\n<meta property=\"og:site_name\" content=\"Castello di Pralormo\" \/>\n<meta property=\"article:modified_time\" content=\"2018-04-09T07:47:06+00:00\" \/>\n<meta name=\"twitter:card\" content=\"summary\" \/>\n<meta name=\"twitter:label1\" content=\"Gesch\u00e4tzte Lesezeit\">\n\t<meta name=\"twitter:data1\" content=\"5 Minuten\">\n<script type=\"application\/ld+json\" class=\"yoast-schema-graph\">{\"@context\":\"https:\/\/schema.org\",\"@graph\":[{\"@type\":\"WebSite\",\"@id\":\"https:\/\/castellodipralormo.com\/#website\",\"url\":\"https:\/\/castellodipralormo.com\/\",\"name\":\"Castello di Pralormo\",\"description\":\"\",\"potentialAction\":[{\"@type\":\"SearchAction\",\"target\":\"https:\/\/castellodipralormo.com\/?s={search_term_string}\",\"query-input\":\"required name=search_term_string\"}],\"inLanguage\":\"de-DE\"},{\"@type\":\"WebPage\",\"@id\":\"https:\/\/castellodipralormo.com\/de\/kurse-bandera-stickerei\/#webpage\",\"url\":\"https:\/\/castellodipralormo.com\/de\/kurse-bandera-stickerei\/\",\"name\":\"Kurse: Bandera Stickerei - Castello di Pralormo\",\"isPartOf\":{\"@id\":\"https:\/\/castellodipralormo.com\/#website\"},\"datePublished\":\"2018-04-04T08:22:18+00:00\",\"dateModified\":\"2018-04-09T07:47:06+00:00\",\"breadcrumb\":{\"@id\":\"https:\/\/castellodipralormo.com\/de\/kurse-bandera-stickerei\/#breadcrumb\"},\"inLanguage\":\"de-DE\",\"potentialAction\":[{\"@type\":\"ReadAction\",\"target\":[\"https:\/\/castellodipralormo.com\/de\/kurse-bandera-stickerei\/\"]}]},{\"@type\":\"BreadcrumbList\",\"@id\":\"https:\/\/castellodipralormo.com\/de\/kurse-bandera-stickerei\/#breadcrumb\",\"itemListElement\":[{\"@type\":\"ListItem\",\"position\":1,\"item\":{\"@type\":\"WebPage\",\"@id\":\"https:\/\/castellodipralormo.com\/de\/\",\"url\":\"https:\/\/castellodipralormo.com\/de\/\",\"name\":\"Home\"}},{\"@type\":\"ListItem\",\"position\":2,\"item\":{\"@type\":\"WebPage\",\"@id\":\"https:\/\/castellodipralormo.com\/de\/kurse-bandera-stickerei\/\",\"url\":\"https:\/\/castellodipralormo.com\/de\/kurse-bandera-stickerei\/\",\"name\":\"Kurse: Bandera Stickerei\"}}]}]}<\/script>\n<!-- \/ Yoast SEO plugin. -->","_links":{"self":[{"href":"https:\/\/castellodipralormo.com\/de\/wp-json\/wp\/v2\/pages\/4498"}],"collection":[{"href":"https:\/\/castellodipralormo.com\/de\/wp-json\/wp\/v2\/pages"}],"about":[{"href":"https:\/\/castellodipralormo.com\/de\/wp-json\/wp\/v2\/types\/page"}],"author":[{"embeddable":true,"href":"https:\/\/castellodipralormo.com\/de\/wp-json\/wp\/v2\/users\/1"}],"replies":[{"embeddable":true,"href":"https:\/\/castellodipralormo.com\/de\/wp-json\/wp\/v2\/comments?post=4498"}],"version-history":[{"count":7,"href":"https:\/\/castellodipralormo.com\/de\/wp-json\/wp\/v2\/pages\/4498\/revisions"}],"predecessor-version":[{"id":4505,"href":"https:\/\/castellodipralormo.com\/de\/wp-json\/wp\/v2\/pages\/4498\/revisions\/4505"}],"wp:attachment":[{"href":"https:\/\/castellodipralormo.com\/de\/wp-json\/wp\/v2\/media?parent=4498"}],"wp:term":[{"taxonomy":"post_tag","embeddable":true,"href":"https:\/\/castellodipralormo.com\/de\/wp-json\/wp\/v2\/tags?post=4498"}],"curies":[{"name":"wp","href":"https:\/\/api.w.org\/{rel}","templated":true}]}}