{"id":4506,"date":"2018-04-04T10:30:57","date_gmt":"2018-04-04T08:30:57","guid":{"rendered":"http:\/\/castellodipralormo.com\/der-park\/"},"modified":"2018-04-09T09:46:07","modified_gmt":"2018-04-09T07:46:07","slug":"der-park","status":"publish","type":"page","link":"https:\/\/castellodipralormo.com\/de\/der-park\/","title":{"rendered":"Der Park"},"content":{"rendered":"<p>[vc_row wrap_container=&#8221;yes&#8221; css=&#8221;.vc_custom_1504021655198{margin-top: -10px !important;}&#8221;][vc_column width=&#8221;3\/4&#8243;][vc_column_text]<\/p>\n<h1>Der Park<\/h1>\n<p>[\/vc_column_text][vc_row_inner][vc_column_inner width=&#8221;1\/3&#8243;][vc_single_image image=&#8221;2371&#8243; img_size=&#8221;full&#8221; label=&#8221;&#8221;][\/vc_column_inner][vc_column_inner width=&#8221;2\/3&#8243;][vc_column_text]Der heutige Anblick des Parks stammt noch aus der zweiten H\u00e4lfte des 18.Jhd, als der Graf Carlo Beraudo di Pralormo, Diplomat und Politiker zur Albertinischen Zeit die besten Architekten der damaligen Zeit Ernesto Melano w\u00e4hlte, um sein Heim um\u00e4ndern zu lassen. W\u00e4hrend er den Garten an den Landschaftsarchitekten Xavier Kurten anvertraute.<br \/>\nBeide arbeiteten am K\u00f6niglichen Schloss zu Racconigi und waren vom K\u00f6nig Carlo Alberto pers\u00f6nlich ausgesucht worden. Von dem  Entwurf Kurtens bleibt uns noch eine selbst geschriebene Auflistung der Pflanzen, die damals von ihm zum eingepflanzen ausgesucht wurden . Seine Vorgabe wurde koplett realisiert und mit \u00fcberliefert. So h\u00e4lt sie sich bis zum heutigen Tag: im englischen Stil und tief romantisch, ist es ein Wiederspruch zum Bau des Schlosses . Die H\u00f6he der majest\u00e4tisch hohen  Erscheinungen, wie die Eichen, Linden und Zedernb\u00e4ume. Die Wege verlaufen sich in kurvigen Linien, ausser der Allee, die der Mauer, die den Garten von der \u00f6ffentlichen Strasse trenntentlang geht.[\/vc_column_text][\/vc_column_inner][\/vc_row_inner][vc_column_text]Die Farben der Ahornb\u00e4ume, Zedernb\u00e4ume,  Pflaumenb\u00e4ume, Eiben, Linden, Flieder, die Spierstauden schenken je nach Lichteinfall und Jahreszeit neue Sensationen. Alle Entw\u00fcrfe , die Kurten f\u00fcr einige Piemontesische Heime gezeichnet hatte, haben eines  gemeinsam, sie alle haben die Aussicht auf die grossen Aleen und breiten weiten Wiesen. Auf Pralormo nutzte er das Naturschauspiel der Bergketten mit dem Panorama vom Cadibona Colle (H\u00fcgel) zum Monterosa.  Seine Beschneidungsart der B\u00e4ume war so genial, da\u00df er auf diese Weise nicht nur Abk\u00fcrzungen im Park erschuf, sondern damit gleichzeitg den  wunderbaren Anblick des  Monviso,  der hoheitsvoll dazwischen hervorragte, geniesen konnte.<\/p>\n<p>Diese szenografischen Effekte sind Teil einer sogenannten \u201c Freudengang im Garten\u201d, indem man versucht den Besucher in Staunen und Freude zu versetzen mit Ausblicken, Farben, Kl\u00e4ngen, malerischen Ecken, sie in eine romantische Lage versetzt, und das alles so, als ob es ganz nat\u00fcrlich gewachsen w\u00e4re, ohne fremdes  Einwirken von au\u00dfen. Sogar die Stellen, in denen bestimmte B\u00e4ume wachsen, stehen nicht nur aus dekorativen Gr\u00fcnden dort, um das Schauspiel der Farben der Bl\u00e4tter je nach Jahreszeit bewundern zu k\u00f6nnen, sondern auch um ganz bestimmte Vogelarten  anzulocken und ihren Gesang genau dort und in der bestimmten Jahreszeit zu  lauschen.[\/vc_column_text][vc_row_inner][vc_column_inner width=&#8221;1\/2&#8243;][vc_single_image image=&#8221;2374&#8243; img_size=&#8221;full&#8221; label=&#8221;&#8221;][\/vc_column_inner][vc_column_inner width=&#8221;1\/2&#8243;][vc_column_text]Im Park gibt es zwei Teiche, in denen das Regenwasser  das vom Dach des Schlosses, der Orangerie, der grossen Scheune, das an den Park angrenzt und aus den Gartenwegen abfliesen. Dieses System ist ein Asatz zum Sparen der eigenen Wasserquellen, was in solch trockenen Gebieten  unerl\u00e4sslich ist, und deckt heute noch den Versorgungsbedarf des Gartens. Noch Heute wird dieses wertvolle Wasserreservat genutzt, allerdings mit einem modernen unterirdischen Bew\u00e4sserungssystem. Im Laufe des Jahres 1994 hatte man di verschiedenen Baumkulturen, Str\u00e4ucher und Kr\u00e4uter, die noch im Garten wuchsen und von damals existieren, katalogisiert. Man erstellte demzufolge ein Herbarium des Gartens, indem steht wo und wof\u00fcr welche Pflanzen angeordnet waren. <\/p>\n<p>Der Schlosspark kann im April f\u00fcr die Ausstellung MESSER TULPEN besichtigt werden.[\/vc_column_text][\/vc_column_inner][\/vc_row_inner][vc_empty_space][\/vc_column][vc_column width=&#8221;1\/4&#8243;]<div class=\"porto-block\"><style>.vc_custom_1504021655198{margin-top: -10px !important;}.vc_custom_1505485521375{padding-left: 30px !important;}<\/style>[vc_row wrap_container=\"yes\" css=\".vc_custom_1504021655198{margin-top: -10px !important;}\"][vc_column css=\".vc_custom_1505485521375{padding-left: 30px !important;}\"][vc_empty_space height=\"18px\"][vc_column_text]<a href=\"http:\/\/castellodipralormo.com\/de\/schlossbesichtigungen\/\"><img class=\"alignnone wp-image-3229 size-full\" src=\"http:\/\/castellodipralormo.com\/wp-content\/uploads\/2018\/04\/visite-al-castello-de.jpg\" alt=\"visite-al-castello-de\" width=\"430\" height=\"215\" \/><\/a>\r\n<a href=\"http:\/\/castellodipralormo.com\/de\/messer-tulpen\/\"><img class=\"alignnone wp-image-2001 size-full\" style=\"margin-top: 15px;\" src=\"http:\/\/castellodipralormo.com\/wp-content\/uploads\/2018\/04\/messer-tulipano-de.jpg\" alt=\"messer-tulipano-de\" width=\"430\" height=\"215\" \/><\/a>\r\n<a href=\"http:\/\/castellodipralormo.com\/de\/die-modelleisenbahnen-des-grafen\/\"><img class=\"alignnone wp-image-2010 size-full\" style=\"margin-top: 15px;\" src=\"http:\/\/castellodipralormo.com\/wp-content\/uploads\/2018\/04\/il-trenino-del-conte-de.jpg\" alt=\"il-trenino-del-conte-de\" width=\"430\" height=\"215\" \/><\/a>\r\n<a href=\"http:\/\/castellodipralormo.com\/de\/location-und-hochzeiten\/\"><img class=\"alignnone size-full wp-image-2007\" style=\"margin-top: 15px;\" src=\"http:\/\/castellodipralormo.com\/wp-content\/uploads\/2018\/04\/eventi-e-matrimoni-de.jpg\" alt=\"eventi-e-matrimoni-de\" width=\"430\" height=\"215\" \/><\/a>\r\n<a href=\"http:\/\/www.lecasedellagiardiniera.it\/de\/home\/\"><img class=\"alignnone size-full wp-image-2004\" style=\"margin-top: 15px;\" src=\"http:\/\/castellodipralormo.com\/wp-content\/uploads\/2018\/04\/ospitalita-de.jpg\" alt=\"le-case-della-giardiniera-de\" width=\"430\" height=\"215\" \/><\/a>[\/vc_column_text][\/vc_column][\/vc_row]<\/div>[\/vc_column][\/vc_row][vc_row][vc_column][vc_column_text]<\/p>\n<h3>Fr\u00fchling<\/h3>\n<p>[\/vc_column_text][vc_gallery type=&#8221;image_grid&#8221; images=&#8221;2275,2272,2269,2265,2262,2259&#8243;][\/vc_column][\/vc_row][vc_row][vc_column][vc_column_text]<\/p>\n<h3>Sommer<\/h3>\n<p>[\/vc_column_text][vc_gallery type=&#8221;image_grid&#8221; images=&#8221;2281,2296,2293,2278,2287,2284&#8243;][\/vc_column][\/vc_row][vc_row][vc_column][vc_column_text]<\/p>\n<h3>Herbst<\/h3>\n<p>[\/vc_column_text][vc_gallery type=&#8221;image_grid&#8221; images=&#8221;2305,2302,2314,2299,2311,2308&#8243;][\/vc_column][\/vc_row][vc_row][vc_column][vc_column_text]<\/p>\n<h3>Winter<\/h3>\n<p>[\/vc_column_text][vc_gallery type=&#8221;image_grid&#8221; images=&#8221;2331,2328,2325,2340,2337,2334&#8243;][\/vc_column][\/vc_row][vc_row][vc_column][vc_empty_space][vc_column_text]<\/p>\n<p style=\"text-align: center;\"><strong>Copyright: www.castellodipralormo.com ALLE RECHTE VORBEHALTEN!<\/strong><\/p>\n<p>[\/vc_column_text][\/vc_column][\/vc_row]<\/p>\n","protected":false},"excerpt":{"rendered":"<p>[vc_row wrap_container=&#8221;yes&#8221; css=&#8221;.vc_custom_1504021655198{margin-top: -10px !important;}&#8221;][vc_column width=&#8221;3\/4&#8243;][vc_column_text] Der Park [\/vc_column_text][vc_row_inner][vc_column_inner width=&#8221;1\/3&#8243;][vc_single_image image=&#8221;2371&#8243; img_size=&#8221;full&#8221; label=&#8221;&#8221;][\/vc_column_inner][vc_column_inner width=&#8221;2\/3&#8243;][vc_column_text]Der heutige Anblick des Parks stammt noch aus der zweiten H\u00e4lfte des 18.Jhd, als der Graf Carlo Beraudo di Pralormo, Diplomat und Politiker zur Albertinischen Zeit die besten Architekten der damaligen Zeit Ernesto Melano w\u00e4hlte, um sein Heim um\u00e4ndern zu lassen. W\u00e4hrend [&hellip;]<\/p>\n","protected":false},"author":1,"featured_media":0,"parent":0,"menu_order":0,"comment_status":"closed","ping_status":"closed","template":"","meta":[],"tags":[],"yoast_head":"<!-- This site is optimized with the Yoast SEO plugin v16.1.1 - https:\/\/yoast.com\/wordpress\/plugins\/seo\/ -->\n<title>Der Park - Castello di Pralormo<\/title>\n<link rel=\"canonical\" href=\"https:\/\/castellodipralormo.com\/de\/der-park\/\" \/>\n<meta property=\"og:locale\" content=\"de_DE\" \/>\n<meta property=\"og:type\" content=\"article\" \/>\n<meta property=\"og:title\" content=\"Der Park - Castello di Pralormo\" \/>\n<meta property=\"og:description\" content=\"[vc_row wrap_container=&#8221;yes&#8221; css=&#8221;.vc_custom_1504021655198{margin-top: -10px !important;}&#8221;][vc_column width=&#8221;3\/4&#8243;][vc_column_text] Der Park [\/vc_column_text][vc_row_inner][vc_column_inner width=&#8221;1\/3&#8243;][vc_single_image image=&#8221;2371&#8243; img_size=&#8221;full&#8221; label=&#8221;&#8221;][\/vc_column_inner][vc_column_inner width=&#8221;2\/3&#8243;][vc_column_text]Der heutige Anblick des Parks stammt noch aus der zweiten H\u00e4lfte des 18.Jhd, als der Graf Carlo Beraudo di Pralormo, Diplomat und Politiker zur Albertinischen Zeit die besten Architekten der damaligen Zeit Ernesto Melano w\u00e4hlte, um sein Heim um\u00e4ndern zu lassen. W\u00e4hrend [&hellip;]\" \/>\n<meta property=\"og:url\" content=\"https:\/\/castellodipralormo.com\/de\/der-park\/\" \/>\n<meta property=\"og:site_name\" content=\"Castello di Pralormo\" \/>\n<meta property=\"article:modified_time\" content=\"2018-04-09T07:46:07+00:00\" \/>\n<meta name=\"twitter:card\" content=\"summary\" \/>\n<meta name=\"twitter:label1\" content=\"Gesch\u00e4tzte Lesezeit\">\n\t<meta name=\"twitter:data1\" content=\"4 Minuten\">\n<script type=\"application\/ld+json\" class=\"yoast-schema-graph\">{\"@context\":\"https:\/\/schema.org\",\"@graph\":[{\"@type\":\"WebSite\",\"@id\":\"https:\/\/castellodipralormo.com\/#website\",\"url\":\"https:\/\/castellodipralormo.com\/\",\"name\":\"Castello di Pralormo\",\"description\":\"\",\"potentialAction\":[{\"@type\":\"SearchAction\",\"target\":\"https:\/\/castellodipralormo.com\/?s={search_term_string}\",\"query-input\":\"required name=search_term_string\"}],\"inLanguage\":\"de-DE\"},{\"@type\":\"WebPage\",\"@id\":\"https:\/\/castellodipralormo.com\/de\/der-park\/#webpage\",\"url\":\"https:\/\/castellodipralormo.com\/de\/der-park\/\",\"name\":\"Der Park - Castello di Pralormo\",\"isPartOf\":{\"@id\":\"https:\/\/castellodipralormo.com\/#website\"},\"datePublished\":\"2018-04-04T08:30:57+00:00\",\"dateModified\":\"2018-04-09T07:46:07+00:00\",\"breadcrumb\":{\"@id\":\"https:\/\/castellodipralormo.com\/de\/der-park\/#breadcrumb\"},\"inLanguage\":\"de-DE\",\"potentialAction\":[{\"@type\":\"ReadAction\",\"target\":[\"https:\/\/castellodipralormo.com\/de\/der-park\/\"]}]},{\"@type\":\"BreadcrumbList\",\"@id\":\"https:\/\/castellodipralormo.com\/de\/der-park\/#breadcrumb\",\"itemListElement\":[{\"@type\":\"ListItem\",\"position\":1,\"item\":{\"@type\":\"WebPage\",\"@id\":\"https:\/\/castellodipralormo.com\/de\/\",\"url\":\"https:\/\/castellodipralormo.com\/de\/\",\"name\":\"Home\"}},{\"@type\":\"ListItem\",\"position\":2,\"item\":{\"@type\":\"WebPage\",\"@id\":\"https:\/\/castellodipralormo.com\/de\/der-park\/\",\"url\":\"https:\/\/castellodipralormo.com\/de\/der-park\/\",\"name\":\"Der Park\"}}]}]}<\/script>\n<!-- \/ Yoast SEO plugin. -->","_links":{"self":[{"href":"https:\/\/castellodipralormo.com\/de\/wp-json\/wp\/v2\/pages\/4506"}],"collection":[{"href":"https:\/\/castellodipralormo.com\/de\/wp-json\/wp\/v2\/pages"}],"about":[{"href":"https:\/\/castellodipralormo.com\/de\/wp-json\/wp\/v2\/types\/page"}],"author":[{"embeddable":true,"href":"https:\/\/castellodipralormo.com\/de\/wp-json\/wp\/v2\/users\/1"}],"replies":[{"embeddable":true,"href":"https:\/\/castellodipralormo.com\/de\/wp-json\/wp\/v2\/comments?post=4506"}],"version-history":[{"count":9,"href":"https:\/\/castellodipralormo.com\/de\/wp-json\/wp\/v2\/pages\/4506\/revisions"}],"predecessor-version":[{"id":4515,"href":"https:\/\/castellodipralormo.com\/de\/wp-json\/wp\/v2\/pages\/4506\/revisions\/4515"}],"wp:attachment":[{"href":"https:\/\/castellodipralormo.com\/de\/wp-json\/wp\/v2\/media?parent=4506"}],"wp:term":[{"taxonomy":"post_tag","embeddable":true,"href":"https:\/\/castellodipralormo.com\/de\/wp-json\/wp\/v2\/tags?post=4506"}],"curies":[{"name":"wp","href":"https:\/\/api.w.org\/{rel}","templated":true}]}}