{"id":4516,"date":"2018-04-04T10:33:28","date_gmt":"2018-04-04T08:33:28","guid":{"rendered":"http:\/\/castellodipralormo.com\/wintergarten\/"},"modified":"2018-04-12T10:50:55","modified_gmt":"2018-04-12T08:50:55","slug":"wintergarten","status":"publish","type":"page","link":"https:\/\/castellodipralormo.com\/de\/wintergarten\/","title":{"rendered":"Wintergarten"},"content":{"rendered":"<p>[vc_row wrap_container=&#8221;yes&#8221; css=&#8221;.vc_custom_1504021655198{margin-top: -10px !important;}&#8221;][vc_column width=&#8221;3\/4&#8243;][vc_column_text]<\/p>\n<h1>Wintergarten<\/h1>\n<p>[\/vc_column_text][vc_row_inner][vc_column_inner width=&#8221;1\/2&#8243;][vc_single_image image=&#8221;2319&#8243; img_size=&#8221;full&#8221; alignment=&#8221;center&#8221; onclick=&#8221;link_image&#8221;][\/vc_column_inner][vc_column_inner width=&#8221;1\/2&#8243;][vc_column_text]Eine Hauptrolle spielt mit Sicherheit der etwas vom Englischen Park, abgesondert liegende, fast wie ein geheimer Garten f\u00fcr sich, das wundersch\u00f6ne Gew\u00e4chshaus. Ganz aus Glas und Schmiedeeisen wurde es von den Gebr\u00fcdern Lefebvre aus Paris erstellt.  Ende des 20.Jahrhd., lie\u00df Carlo Beraudo di Pralormo, Gro\u00dfvater des aktuellen Schlossbewohners, es erbauen. Direkt an die dicken Ziegelsteine des Schlosses auf dessen S\u00fcdseite, in praller Sonne. Dies gew\u00e4hrte der Gr\u00e4fin Matilde auch Blumen  und Pflanzen zu z\u00fcchten, die sonst, die strengen piemontesischen Winter nicht \u00fcberlebt h\u00e4tten: Zitrusfr\u00fcchte, Orchideen und andere exotische Sorten, die zur damaligen Zeit sehr &#8216;en Vouge&#8217; waren. Das Glashaus verwandelt sich im Oktober und im M\u00e4rz zu einem sagenhaften Wintergarten. Prachtvolle Farben der duftenden Zitrusfr\u00fcchte kleine Orchideenpflanzen und Obst. Im Glashaus auf dem Arbeitstisch, genau gegen\u00fcber der Verglasung , zeigen sich \u00fcber den ganzen Sommer eine Auswahl seltener und wertvoller Bl\u00fcten.[\/vc_column_text][\/vc_column_inner][\/vc_row_inner][vc_row_inner][vc_column_inner width=&#8221;1\/2&#8243;][vc_single_image image=&#8221;2322&#8243; img_size=&#8221;full&#8221; alignment=&#8221;center&#8221; onclick=&#8221;link_image&#8221;][\/vc_column_inner][vc_column_inner width=&#8221;1\/2&#8243;][vc_column_text]La serra \u00e8 situata nel giardino ed \u00e8 caratterizzata da un periodo di fioritura eterno e mutevole. La pianta originale era esattamente la fine del XVIII secolo, voluta dalla stessa Contessa Matilde. \u00c8 sempre stata la passione delle donne, la famiglia Beraudo di Pralormo a coltivare il giardino e i fiori, a cominciare dalle rose intorno al 1500, hanno i loro piccoli segreti, foglie, fiori e frutti in straordinarie composizioni floreali di generazione in generazione passato.[\/vc_column_text][\/vc_column_inner][\/vc_row_inner][vc_empty_space][vc_column_text]<\/p>\n<p style=\"text-align: center;\"><strong>Copyright: www.castellodipralormo.com ALLE RECHTE VORBEHALTEN!<\/strong><\/p>\n<p>[\/vc_column_text][\/vc_column][vc_column width=&#8221;1\/4&#8243;]<div class=\"porto-block\"><style>.vc_custom_1504021655198{margin-top: -10px !important;}.vc_custom_1505485521375{padding-left: 30px !important;}<\/style>[vc_row wrap_container=\"yes\" css=\".vc_custom_1504021655198{margin-top: -10px !important;}\"][vc_column css=\".vc_custom_1505485521375{padding-left: 30px !important;}\"][vc_empty_space height=\"18px\"][vc_column_text]<a href=\"http:\/\/castellodipralormo.com\/de\/schlossbesichtigungen\/\"><img class=\"alignnone wp-image-3229 size-full\" src=\"http:\/\/castellodipralormo.com\/wp-content\/uploads\/2018\/04\/visite-al-castello-de.jpg\" alt=\"visite-al-castello-de\" width=\"430\" height=\"215\" \/><\/a>\r\n<a href=\"http:\/\/castellodipralormo.com\/de\/messer-tulpen\/\"><img class=\"alignnone wp-image-2001 size-full\" style=\"margin-top: 15px;\" src=\"http:\/\/castellodipralormo.com\/wp-content\/uploads\/2018\/04\/messer-tulipano-de.jpg\" alt=\"messer-tulipano-de\" width=\"430\" height=\"215\" \/><\/a>\r\n<a href=\"http:\/\/castellodipralormo.com\/de\/die-modelleisenbahnen-des-grafen\/\"><img class=\"alignnone wp-image-2010 size-full\" style=\"margin-top: 15px;\" src=\"http:\/\/castellodipralormo.com\/wp-content\/uploads\/2018\/04\/il-trenino-del-conte-de.jpg\" alt=\"il-trenino-del-conte-de\" width=\"430\" height=\"215\" \/><\/a>\r\n<a href=\"http:\/\/castellodipralormo.com\/de\/location-und-hochzeiten\/\"><img class=\"alignnone size-full wp-image-2007\" style=\"margin-top: 15px;\" src=\"http:\/\/castellodipralormo.com\/wp-content\/uploads\/2018\/04\/eventi-e-matrimoni-de.jpg\" alt=\"eventi-e-matrimoni-de\" width=\"430\" height=\"215\" \/><\/a>\r\n<a href=\"http:\/\/www.lecasedellagiardiniera.it\/de\/home\/\"><img class=\"alignnone size-full wp-image-2004\" style=\"margin-top: 15px;\" src=\"http:\/\/castellodipralormo.com\/wp-content\/uploads\/2018\/04\/ospitalita-de.jpg\" alt=\"le-case-della-giardiniera-de\" width=\"430\" height=\"215\" \/><\/a>[\/vc_column_text][\/vc_column][\/vc_row]<\/div>[\/vc_column][\/vc_row]<\/p>\n","protected":false},"excerpt":{"rendered":"<p>[vc_row wrap_container=&#8221;yes&#8221; css=&#8221;.vc_custom_1504021655198{margin-top: -10px !important;}&#8221;][vc_column width=&#8221;3\/4&#8243;][vc_column_text] Wintergarten [\/vc_column_text][vc_row_inner][vc_column_inner width=&#8221;1\/2&#8243;][vc_single_image image=&#8221;2319&#8243; img_size=&#8221;full&#8221; alignment=&#8221;center&#8221; onclick=&#8221;link_image&#8221;][\/vc_column_inner][vc_column_inner width=&#8221;1\/2&#8243;][vc_column_text]Eine Hauptrolle spielt mit Sicherheit der etwas vom Englischen Park, abgesondert liegende, fast wie ein geheimer Garten f\u00fcr sich, das wundersch\u00f6ne Gew\u00e4chshaus. Ganz aus Glas und Schmiedeeisen wurde es von den Gebr\u00fcdern Lefebvre aus Paris erstellt. Ende des 20.Jahrhd., lie\u00df Carlo Beraudo [&hellip;]<\/p>\n","protected":false},"author":1,"featured_media":0,"parent":0,"menu_order":0,"comment_status":"closed","ping_status":"closed","template":"","meta":[],"tags":[],"yoast_head":"<!-- This site is optimized with the Yoast SEO plugin v16.1.1 - https:\/\/yoast.com\/wordpress\/plugins\/seo\/ -->\n<title>Wintergarten - Castello di Pralormo<\/title>\n<link rel=\"canonical\" href=\"https:\/\/castellodipralormo.com\/de\/wintergarten\/\" \/>\n<meta property=\"og:locale\" content=\"de_DE\" \/>\n<meta property=\"og:type\" content=\"article\" \/>\n<meta property=\"og:title\" content=\"Wintergarten - Castello di Pralormo\" \/>\n<meta property=\"og:description\" content=\"[vc_row wrap_container=&#8221;yes&#8221; css=&#8221;.vc_custom_1504021655198{margin-top: -10px !important;}&#8221;][vc_column width=&#8221;3\/4&#8243;][vc_column_text] Wintergarten [\/vc_column_text][vc_row_inner][vc_column_inner width=&#8221;1\/2&#8243;][vc_single_image image=&#8221;2319&#8243; img_size=&#8221;full&#8221; alignment=&#8221;center&#8221; onclick=&#8221;link_image&#8221;][\/vc_column_inner][vc_column_inner width=&#8221;1\/2&#8243;][vc_column_text]Eine Hauptrolle spielt mit Sicherheit der etwas vom Englischen Park, abgesondert liegende, fast wie ein geheimer Garten f\u00fcr sich, das wundersch\u00f6ne Gew\u00e4chshaus. Ganz aus Glas und Schmiedeeisen wurde es von den Gebr\u00fcdern Lefebvre aus Paris erstellt. Ende des 20.Jahrhd., lie\u00df Carlo Beraudo [&hellip;]\" \/>\n<meta property=\"og:url\" content=\"https:\/\/castellodipralormo.com\/de\/wintergarten\/\" \/>\n<meta property=\"og:site_name\" content=\"Castello di Pralormo\" \/>\n<meta property=\"article:modified_time\" content=\"2018-04-12T08:50:55+00:00\" \/>\n<meta name=\"twitter:card\" content=\"summary\" \/>\n<meta name=\"twitter:label1\" content=\"Gesch\u00e4tzte Lesezeit\">\n\t<meta name=\"twitter:data1\" content=\"2 Minuten\">\n<script type=\"application\/ld+json\" class=\"yoast-schema-graph\">{\"@context\":\"https:\/\/schema.org\",\"@graph\":[{\"@type\":\"WebSite\",\"@id\":\"https:\/\/castellodipralormo.com\/#website\",\"url\":\"https:\/\/castellodipralormo.com\/\",\"name\":\"Castello di Pralormo\",\"description\":\"\",\"potentialAction\":[{\"@type\":\"SearchAction\",\"target\":\"https:\/\/castellodipralormo.com\/?s={search_term_string}\",\"query-input\":\"required name=search_term_string\"}],\"inLanguage\":\"de-DE\"},{\"@type\":\"WebPage\",\"@id\":\"https:\/\/castellodipralormo.com\/de\/wintergarten\/#webpage\",\"url\":\"https:\/\/castellodipralormo.com\/de\/wintergarten\/\",\"name\":\"Wintergarten - Castello di Pralormo\",\"isPartOf\":{\"@id\":\"https:\/\/castellodipralormo.com\/#website\"},\"datePublished\":\"2018-04-04T08:33:28+00:00\",\"dateModified\":\"2018-04-12T08:50:55+00:00\",\"breadcrumb\":{\"@id\":\"https:\/\/castellodipralormo.com\/de\/wintergarten\/#breadcrumb\"},\"inLanguage\":\"de-DE\",\"potentialAction\":[{\"@type\":\"ReadAction\",\"target\":[\"https:\/\/castellodipralormo.com\/de\/wintergarten\/\"]}]},{\"@type\":\"BreadcrumbList\",\"@id\":\"https:\/\/castellodipralormo.com\/de\/wintergarten\/#breadcrumb\",\"itemListElement\":[{\"@type\":\"ListItem\",\"position\":1,\"item\":{\"@type\":\"WebPage\",\"@id\":\"https:\/\/castellodipralormo.com\/de\/\",\"url\":\"https:\/\/castellodipralormo.com\/de\/\",\"name\":\"Home\"}},{\"@type\":\"ListItem\",\"position\":2,\"item\":{\"@type\":\"WebPage\",\"@id\":\"https:\/\/castellodipralormo.com\/de\/wintergarten\/\",\"url\":\"https:\/\/castellodipralormo.com\/de\/wintergarten\/\",\"name\":\"Wintergarten\"}}]}]}<\/script>\n<!-- \/ Yoast SEO plugin. -->","_links":{"self":[{"href":"https:\/\/castellodipralormo.com\/de\/wp-json\/wp\/v2\/pages\/4516"}],"collection":[{"href":"https:\/\/castellodipralormo.com\/de\/wp-json\/wp\/v2\/pages"}],"about":[{"href":"https:\/\/castellodipralormo.com\/de\/wp-json\/wp\/v2\/types\/page"}],"author":[{"embeddable":true,"href":"https:\/\/castellodipralormo.com\/de\/wp-json\/wp\/v2\/users\/1"}],"replies":[{"embeddable":true,"href":"https:\/\/castellodipralormo.com\/de\/wp-json\/wp\/v2\/comments?post=4516"}],"version-history":[{"count":5,"href":"https:\/\/castellodipralormo.com\/de\/wp-json\/wp\/v2\/pages\/4516\/revisions"}],"predecessor-version":[{"id":4650,"href":"https:\/\/castellodipralormo.com\/de\/wp-json\/wp\/v2\/pages\/4516\/revisions\/4650"}],"wp:attachment":[{"href":"https:\/\/castellodipralormo.com\/de\/wp-json\/wp\/v2\/media?parent=4516"}],"wp:term":[{"taxonomy":"post_tag","embeddable":true,"href":"https:\/\/castellodipralormo.com\/de\/wp-json\/wp\/v2\/tags?post=4516"}],"curies":[{"name":"wp","href":"https:\/\/api.w.org\/{rel}","templated":true}]}}