{"id":4521,"date":"2018-04-04T11:06:46","date_gmt":"2018-04-04T09:06:46","guid":{"rendered":"http:\/\/castellodipralormo.com\/das-anwesen-der-pralormo\/"},"modified":"2018-04-09T09:45:57","modified_gmt":"2018-04-09T07:45:57","slug":"das-anwesen-der-pralormo","status":"publish","type":"page","link":"https:\/\/castellodipralormo.com\/de\/das-anwesen-der-pralormo\/","title":{"rendered":"Das Anwesen der Pralormo"},"content":{"rendered":"<p>[vc_row wrap_container=&#8221;yes&#8221; css=&#8221;.vc_custom_1504021655198{margin-top: -10px !important;}&#8221;][vc_column width=&#8221;3\/4&#8243;][vc_column_text]<\/p>\n<h1>Das Anwesen der Pralormo<\/h1>\n<p>[\/vc_column_text][vc_single_image image=&#8221;2355&#8243; img_size=&#8221;full&#8221; alignment=&#8221;center&#8221; onclick=&#8221;link_image&#8221;][vc_column_text]Das Gut beinhaltet ausser dem <a title=\"Il Castello di Pralormo\" href=\"\/castello?page_id=2042\">Schloss<\/a>, den <a title=\"Il parco\" href=\"\/?page_id=4506\">Park<\/a>, den Blumengarten, ihre Ausstattungen (die Orangerie, das antike Glashaus mit seinen Zitrusfr\u00fcchten, und das Castellana, eine imposante Scheune) und die Lanwirtschaft, die heute noch von der Familie betrieben wird, um das Landschaftsbild herum zu erhalten.<\/p>\n<p>Das Schloss von Pralormo, das aus dem Mittelalter stammt ist zu seinen verschiedenen Epochen und seinen jeweiligen noblen Bewohnern mehrfach mit den ber\u00fchmtesten Architekten ihrer Zeit umgestaltet worden.Das Schloss des  Grafen Beraudo, der den Besitz bereits seid dem Jahre 1680 \u00fcbernahm wird heute noch von ihnen bewohnt: dem Grafen  Filippo und seiner Gattin Consolata, die sich als \u201c vor\u00fcbergehende Erhalter \u201c  betrachten. Sie gehen davon aus, dass es richtig ist  und zu ihrer Pflicht geh\u00f6rt, nicht nur das Schloss und das Gut zu erhalten um des  Landschaftsbildes wegen,  sondern  auch sie dem Publikum zur Verf\u00fcgung zu stellen ohne sie zu zerst\u00f6ren. Deshalb f\u00fchren  sie schon seid Anfang der 90er Jahre  vor\u00fcbergehende Ausstellungen, die die \u00d6ffnung an das Publikum erlaubt und somit auch das Benutzen des Parkes und der Geb\u00e4ude auf dem Gut. Durch diese Verstanstaltungen wird das Schloss selbst  Gegenstand eines st\u00e4ndigen Programmes seiner Erhaltung und Schutzes und somit die kontinuierlich notwendigen  Ma\u00dfnahmen seiner Erhaltung und dem des historischen Parks und seiner uralten B\u00e4ume  garntiert .  [\/vc_column_text][vc_empty_space][vc_column_text]<\/p>\n<p style=\"text-align: center;\"><strong>Copyright: www.castellodipralormo.com ALLE RECHTE VORBEHALTEN!<\/strong><\/p>\n<p>[\/vc_column_text][\/vc_column][vc_column width=&#8221;1\/4&#8243;]<div class=\"porto-block\"><style>.vc_custom_1504021655198{margin-top: -10px !important;}.vc_custom_1505485521375{padding-left: 30px !important;}<\/style>[vc_row wrap_container=\"yes\" css=\".vc_custom_1504021655198{margin-top: -10px !important;}\"][vc_column css=\".vc_custom_1505485521375{padding-left: 30px !important;}\"][vc_empty_space height=\"18px\"][vc_column_text]<a href=\"http:\/\/castellodipralormo.com\/de\/schlossbesichtigungen\/\"><img class=\"alignnone wp-image-3229 size-full\" src=\"http:\/\/castellodipralormo.com\/wp-content\/uploads\/2018\/04\/visite-al-castello-de.jpg\" alt=\"visite-al-castello-de\" width=\"430\" height=\"215\" \/><\/a>\r\n<a href=\"http:\/\/castellodipralormo.com\/de\/messer-tulpen\/\"><img class=\"alignnone wp-image-2001 size-full\" style=\"margin-top: 15px;\" src=\"http:\/\/castellodipralormo.com\/wp-content\/uploads\/2018\/04\/messer-tulipano-de.jpg\" alt=\"messer-tulipano-de\" width=\"430\" height=\"215\" \/><\/a>\r\n<a href=\"http:\/\/castellodipralormo.com\/de\/die-modelleisenbahnen-des-grafen\/\"><img class=\"alignnone wp-image-2010 size-full\" style=\"margin-top: 15px;\" src=\"http:\/\/castellodipralormo.com\/wp-content\/uploads\/2018\/04\/il-trenino-del-conte-de.jpg\" alt=\"il-trenino-del-conte-de\" width=\"430\" height=\"215\" \/><\/a>\r\n<a href=\"http:\/\/castellodipralormo.com\/de\/location-und-hochzeiten\/\"><img class=\"alignnone size-full wp-image-2007\" style=\"margin-top: 15px;\" src=\"http:\/\/castellodipralormo.com\/wp-content\/uploads\/2018\/04\/eventi-e-matrimoni-de.jpg\" alt=\"eventi-e-matrimoni-de\" width=\"430\" height=\"215\" \/><\/a>\r\n<a href=\"http:\/\/www.lecasedellagiardiniera.it\/de\/home\/\"><img class=\"alignnone size-full wp-image-2004\" style=\"margin-top: 15px;\" src=\"http:\/\/castellodipralormo.com\/wp-content\/uploads\/2018\/04\/ospitalita-de.jpg\" alt=\"le-case-della-giardiniera-de\" width=\"430\" height=\"215\" \/><\/a>[\/vc_column_text][\/vc_column][\/vc_row]<\/div>[\/vc_column][\/vc_row]<\/p>\n","protected":false},"excerpt":{"rendered":"<p>[vc_row wrap_container=&#8221;yes&#8221; css=&#8221;.vc_custom_1504021655198{margin-top: -10px !important;}&#8221;][vc_column width=&#8221;3\/4&#8243;][vc_column_text] Das Anwesen der Pralormo [\/vc_column_text][vc_single_image image=&#8221;2355&#8243; img_size=&#8221;full&#8221; alignment=&#8221;center&#8221; onclick=&#8221;link_image&#8221;][vc_column_text]Das Gut beinhaltet ausser dem Schloss, den Park, den Blumengarten, ihre Ausstattungen (die Orangerie, das antike Glashaus mit seinen Zitrusfr\u00fcchten, und das Castellana, eine imposante Scheune) und die Lanwirtschaft, die heute noch von der Familie betrieben wird, um das Landschaftsbild herum [&hellip;]<\/p>\n","protected":false},"author":1,"featured_media":0,"parent":0,"menu_order":0,"comment_status":"closed","ping_status":"closed","template":"","meta":[],"tags":[],"yoast_head":"<!-- This site is optimized with the Yoast SEO plugin v16.1.1 - https:\/\/yoast.com\/wordpress\/plugins\/seo\/ -->\n<title>Das Anwesen der Pralormo - Castello di Pralormo<\/title>\n<link rel=\"canonical\" href=\"https:\/\/castellodipralormo.com\/de\/das-anwesen-der-pralormo\/\" \/>\n<meta property=\"og:locale\" content=\"de_DE\" \/>\n<meta property=\"og:type\" content=\"article\" \/>\n<meta property=\"og:title\" content=\"Das Anwesen der Pralormo - Castello di Pralormo\" \/>\n<meta property=\"og:description\" content=\"[vc_row wrap_container=&#8221;yes&#8221; css=&#8221;.vc_custom_1504021655198{margin-top: -10px !important;}&#8221;][vc_column width=&#8221;3\/4&#8243;][vc_column_text] Das Anwesen der Pralormo [\/vc_column_text][vc_single_image image=&#8221;2355&#8243; img_size=&#8221;full&#8221; alignment=&#8221;center&#8221; onclick=&#8221;link_image&#8221;][vc_column_text]Das Gut beinhaltet ausser dem Schloss, den Park, den Blumengarten, ihre Ausstattungen (die Orangerie, das antike Glashaus mit seinen Zitrusfr\u00fcchten, und das Castellana, eine imposante Scheune) und die Lanwirtschaft, die heute noch von der Familie betrieben wird, um das Landschaftsbild herum [&hellip;]\" \/>\n<meta property=\"og:url\" content=\"https:\/\/castellodipralormo.com\/de\/das-anwesen-der-pralormo\/\" \/>\n<meta property=\"og:site_name\" content=\"Castello di Pralormo\" \/>\n<meta property=\"article:modified_time\" content=\"2018-04-09T07:45:57+00:00\" \/>\n<meta name=\"twitter:card\" content=\"summary\" \/>\n<meta name=\"twitter:label1\" content=\"Gesch\u00e4tzte Lesezeit\">\n\t<meta name=\"twitter:data1\" content=\"1 Minute\">\n<script type=\"application\/ld+json\" class=\"yoast-schema-graph\">{\"@context\":\"https:\/\/schema.org\",\"@graph\":[{\"@type\":\"WebSite\",\"@id\":\"https:\/\/castellodipralormo.com\/#website\",\"url\":\"https:\/\/castellodipralormo.com\/\",\"name\":\"Castello di Pralormo\",\"description\":\"\",\"potentialAction\":[{\"@type\":\"SearchAction\",\"target\":\"https:\/\/castellodipralormo.com\/?s={search_term_string}\",\"query-input\":\"required name=search_term_string\"}],\"inLanguage\":\"de-DE\"},{\"@type\":\"WebPage\",\"@id\":\"https:\/\/castellodipralormo.com\/de\/das-anwesen-der-pralormo\/#webpage\",\"url\":\"https:\/\/castellodipralormo.com\/de\/das-anwesen-der-pralormo\/\",\"name\":\"Das Anwesen der Pralormo - Castello di Pralormo\",\"isPartOf\":{\"@id\":\"https:\/\/castellodipralormo.com\/#website\"},\"datePublished\":\"2018-04-04T09:06:46+00:00\",\"dateModified\":\"2018-04-09T07:45:57+00:00\",\"breadcrumb\":{\"@id\":\"https:\/\/castellodipralormo.com\/de\/das-anwesen-der-pralormo\/#breadcrumb\"},\"inLanguage\":\"de-DE\",\"potentialAction\":[{\"@type\":\"ReadAction\",\"target\":[\"https:\/\/castellodipralormo.com\/de\/das-anwesen-der-pralormo\/\"]}]},{\"@type\":\"BreadcrumbList\",\"@id\":\"https:\/\/castellodipralormo.com\/de\/das-anwesen-der-pralormo\/#breadcrumb\",\"itemListElement\":[{\"@type\":\"ListItem\",\"position\":1,\"item\":{\"@type\":\"WebPage\",\"@id\":\"https:\/\/castellodipralormo.com\/de\/\",\"url\":\"https:\/\/castellodipralormo.com\/de\/\",\"name\":\"Home\"}},{\"@type\":\"ListItem\",\"position\":2,\"item\":{\"@type\":\"WebPage\",\"@id\":\"https:\/\/castellodipralormo.com\/de\/das-anwesen-der-pralormo\/\",\"url\":\"https:\/\/castellodipralormo.com\/de\/das-anwesen-der-pralormo\/\",\"name\":\"Das Anwesen der Pralormo\"}}]}]}<\/script>\n<!-- \/ Yoast SEO plugin. -->","_links":{"self":[{"href":"https:\/\/castellodipralormo.com\/de\/wp-json\/wp\/v2\/pages\/4521"}],"collection":[{"href":"https:\/\/castellodipralormo.com\/de\/wp-json\/wp\/v2\/pages"}],"about":[{"href":"https:\/\/castellodipralormo.com\/de\/wp-json\/wp\/v2\/types\/page"}],"author":[{"embeddable":true,"href":"https:\/\/castellodipralormo.com\/de\/wp-json\/wp\/v2\/users\/1"}],"replies":[{"embeddable":true,"href":"https:\/\/castellodipralormo.com\/de\/wp-json\/wp\/v2\/comments?post=4521"}],"version-history":[{"count":4,"href":"https:\/\/castellodipralormo.com\/de\/wp-json\/wp\/v2\/pages\/4521\/revisions"}],"predecessor-version":[{"id":4633,"href":"https:\/\/castellodipralormo.com\/de\/wp-json\/wp\/v2\/pages\/4521\/revisions\/4633"}],"wp:attachment":[{"href":"https:\/\/castellodipralormo.com\/de\/wp-json\/wp\/v2\/media?parent=4521"}],"wp:term":[{"taxonomy":"post_tag","embeddable":true,"href":"https:\/\/castellodipralormo.com\/de\/wp-json\/wp\/v2\/tags?post=4521"}],"curies":[{"name":"wp","href":"https:\/\/api.w.org\/{rel}","templated":true}]}}