{"id":4525,"date":"2018-04-04T12:13:22","date_gmt":"2018-04-04T10:13:22","guid":{"rendered":"http:\/\/castellodipralormo.com\/vergangene-ausstellungen\/"},"modified":"2018-04-09T09:47:50","modified_gmt":"2018-04-09T07:47:50","slug":"vergangene-ausstellungen","status":"publish","type":"page","link":"https:\/\/castellodipralormo.com\/de\/vergangene-ausstellungen\/","title":{"rendered":"Vergangene ausstellungen"},"content":{"rendered":"<p>[vc_row wrap_container=&#8221;yes&#8221; css=&#8221;.vc_custom_1504021655198{margin-top: -10px !important;}&#8221;][vc_column width=&#8221;3\/4&#8243;][vc_column_text]<\/p>\n<h1>Vergangene ausstellungen<\/h1>\n<p>[\/vc_column_text][vc_column_text]<\/p>\n<h3>AUF DEM SCHLOSS<\/h3>\n<p>Seit \u00fcber 20 Jahren f\u00fchren die Besitzer Restaurierungen durch. Anfang der 90er Jahre sowohl zur Aufwertung des Parks als auch den Geb\u00e4uden in ihm . Mit zeitweiligen Ausstellungen, die es zuliesen, da\u00df weiterhin  Teile  f\u00fcr das \u00f6ffentliche Publikum offen blieben. Somit k\u00f6nnen der Park, die Orangerie, und das Cascina Castellana weiterhin benutzt werden<br \/>\nDas Schloss veranstaltet zahlreiche Kurse und Konferenzen, unter anderem des\u201d Die Best\u00e4ndigkeit des Vorhandenen\u201d, die  der Restaurierung und das Erhalten der H\u00e4user und historischen G\u00e4rten, gewidmet war.<br \/>\nAusserdem fandem im Park noch folgende Ausstellungen statt: 1994 \u201cAranci e Limoni\u201d (Orangen und Zitronen); 1994 \u201c L&#8217;arte di offrire il The\u201d; (Die Kunst Tee zu servieren); 1995 \u201cLa vie en Rose\u201d; 1996 \u201c Fragile  Fragilissimo\u201d (Zerbrechlich sehr Zerbrechlich); 1997 Maharaja, L&#8217;india al Castello di Pralormo\u201d (Indien auf schloss Pralormo); 1999 \u201cIl Viaggiator curioso\u201d (Der neugierige Reisende); 2001\u201d Hong Kong, l&#8217;isola dei nove draghi\u201d (Hong Kong, die Insel der neun Drachen).[\/vc_column_text][vc_gallery type=&#8221;image_grid&#8221; images=&#8221;2463,2460,2457&#8243; img_size=&#8221;medium&#8221;][vc_column_text]Seit dem Fr\u00fchjahr 2000 \u00f6ffnet der Schlosspark von Pralormo j\u00e4hrlich seine Pforten,  im Zusammenhang der Tulpenausstellung  \u201c Messer Tulipano\u201d auf der sich gew\u00f6hnlich \u00fcber 50 000 Besucher in wenigen Wochen einfinden. Nach einer langen Restaurierungsdauer gibt es  seit 2006 f\u00fcr den Besucher eine F\u00fchrung im Innern des Schlosses, indem die Familie heute noch wohnt. Jedes Jahr belebt eine neue Ausgestaltung den Rundgang.<\/p>\n<p>Im Herbst 2011:<\/p>\n<p>\u25ab Die  Ausstellung \u201cVita per la Patria in preparazione dell&#8217; Unita d&#8217;Italia\u201d (Leben f\u00fcr die Heimat in Vorbereitung der italienischen Einheit), mit Gegenst\u00e4nden und unver\u00f6ffentlichten Schrifst\u00fccken aus dem Familienarchiv,  der einen Einblick in das Ambiente geben m\u00f6chte, indem Cavour und seine engsten Mitarbeiter  t\u00e4tig waren.<\/p>\n<p>\u25ab \u201cDas leckeres  Schloss\u201d Einrichtungen f\u00fcr gesellige Momente mit Thema: zu Tisch des Ministers Carlo Beraudo di Pralormomo, gedeckt mit einem wunderbarem Wiener Porzellan Geschirr; die \u201cSchokolade der Gr\u00e4fin\u201d, der Tee der Damen\u201d mit einem gro\u00dfen\u201d Samowar\u201d ( russ., Wasserkocher) der Familie. Die zauberhaft kleinen Porzellan Geschirre f\u00fcr die Nachmiitagsvesper der Kinder; ; die \u201cReisepause \u201c des Botschafters, inmitten von Truhen, Reisesekret\u00e4ren und Gep\u00e4ck aus der Epoche.<\/p>\n<p>\u25ab \u201cKinder auf dem Schloss\u201d ein Wochenende ganz den  Kleinen gewidmet, mit Spiel, Animation und Vergn\u00fcgen, ein Tag erleben im Zauber des Parks. [\/vc_column_text][vc_gallery type=&#8221;image_grid&#8221; images=&#8221;2469,2466&#8243; img_size=&#8221;medium&#8221;][vc_column_text]Herbst 2012:<\/p>\n<p>\u25ab \u201c\u2026So spielten unsere Gro\u00dfeltern&#8230;\u201d eine lustige  Ausstellung die den Spielsachen gewidmet ist, die in den vergangenen vier Generationen der Kinder des Schlosses schon gro\u00dfes Vergn\u00fcgen bereitet hatte; Geschicklichkeitsspiele und des Gleichgewichts aber auch Modelleisenbahnen, Puppenhausm\u00f6bel, die Puppe der  K\u00f6nigin Elena&#8230;usw. Ausserdem gibt es eine Spielecke, mit Animationen, basteln, und Unterhaltung.<\/p>\n<p>Herbst 2013:<\/p>\n<p>\u25ab \u201cBricolady &#038; Bricobaby\u201d Eine Veranstaltung, die das 20j\u00e4hrige Bestehen der N\u00e4hschule Bandera, feiert. Mit einer Ausstellung antiker Piemontesicher Stickereien, Wiederherstellung einer Schneiderei, B\u00fcgelstube, die einer W\u00e4scherei und das Waschen der W\u00e4sche mit der Asche-\u201dlisciva\u201d. Ausserdem eine Kinderecke, und ein Bereich f\u00fcr den \u201cweissen Markt\u201d, mit Austellungen und Verkauf  der verschiedensten Handwerke und deren Produkte, und demonstrationen  der Handwerker und K\u00fcnstler wie sie hergestellt wurden. [\/vc_column_text][vc_single_image image=&#8221;2472&#8243; img_size=&#8221;full&#8221; alignment=&#8221;center&#8221; label=&#8221;&#8221;][vc_column_text]Herbst 2014:<\/p>\n<p>\u25ab \u201cDAS M\u00c4DCHEN, DAS FILME ERZ\u00c4HLT\u201d.  Zur  Schlie\u00dfung der 7. Edition des Festivals \u201cVerzauberung\u201d gew\u00e4hrte das Schloss Pralormo im Schlosspark kostenlos, mit seinem bereits aus dem 17.Jhd, bestehendem antiken Theater., die Auff\u00fchrung des Theaterst\u00fccks \u201c Das M\u00e4dchen, das Filme erz\u00e4hlt\u201d dargestellt vom Assemblea teatro.[\/vc_column_text][vc_single_image image=&#8221;2475&#8243; img_size=&#8221;full&#8221; alignment=&#8221;center&#8221; label=&#8221;&#8221;][vc_column_text]\u25ab \u201cDAS LECKERE SCHLOSS Geheimnisse und historische Men\u00fcs auf dem Schloss Pralormo\u201d. Ein Sprung in die Vergangenheit und die Entdeckung alter Unterlagen, antiken Rezepten und historischen Men\u00fcs. In Verbindung des letzten offenen Sonntags (vor der Winterschlie\u00dfung) gab es in der antiken Scheune, das grosse Cascina Castellana eine besondere Ausstellung mit dem Thema: die Kunst des Tisches und der K\u00fcche. Ausser einer Sammlung von historischen Men\u00fcs (1860-1930)  wurden wichtige Rezepte  aus der Schlossbibliothek ausgestellt. Zusammen mit aktuellen Rezepten die man frei durchbl\u00e4ttern konnte, waren ausserdem zwei Tische mit besonderem Porzellan Geschir von gestern und heute gedeckt. Ausgestattet mit kuriosen  Ger\u00e4tschaften und Tagelage aus der K\u00fcche von einst, Vorfahrer der heutigen Ger\u00e4te, die von den Chefs benutzt werden., dies Alles aus der antiken K\u00fcche des Schloses.[\/vc_column_text][vc_single_image image=&#8221;2478&#8243; img_size=&#8221;full&#8221; alignment=&#8221;center&#8221; label=&#8221;&#8221;][vc_empty_space][\/vc_column][vc_column width=&#8221;1\/4&#8243;]<div class=\"porto-block\"><style>.vc_custom_1504021655198{margin-top: -10px !important;}.vc_custom_1505485521375{padding-left: 30px !important;}<\/style>[vc_row wrap_container=\"yes\" css=\".vc_custom_1504021655198{margin-top: -10px !important;}\"][vc_column css=\".vc_custom_1505485521375{padding-left: 30px !important;}\"][vc_empty_space height=\"18px\"][vc_column_text]<a href=\"http:\/\/castellodipralormo.com\/de\/schlossbesichtigungen\/\"><img class=\"alignnone wp-image-3229 size-full\" src=\"http:\/\/castellodipralormo.com\/wp-content\/uploads\/2018\/04\/visite-al-castello-de.jpg\" alt=\"visite-al-castello-de\" width=\"430\" height=\"215\" \/><\/a>\r\n<a href=\"http:\/\/castellodipralormo.com\/de\/messer-tulpen\/\"><img class=\"alignnone wp-image-2001 size-full\" style=\"margin-top: 15px;\" src=\"http:\/\/castellodipralormo.com\/wp-content\/uploads\/2018\/04\/messer-tulipano-de.jpg\" alt=\"messer-tulipano-de\" width=\"430\" height=\"215\" \/><\/a>\r\n<a href=\"http:\/\/castellodipralormo.com\/de\/die-modelleisenbahnen-des-grafen\/\"><img class=\"alignnone wp-image-2010 size-full\" style=\"margin-top: 15px;\" src=\"http:\/\/castellodipralormo.com\/wp-content\/uploads\/2018\/04\/il-trenino-del-conte-de.jpg\" alt=\"il-trenino-del-conte-de\" width=\"430\" height=\"215\" \/><\/a>\r\n<a href=\"http:\/\/castellodipralormo.com\/de\/location-und-hochzeiten\/\"><img class=\"alignnone size-full wp-image-2007\" style=\"margin-top: 15px;\" src=\"http:\/\/castellodipralormo.com\/wp-content\/uploads\/2018\/04\/eventi-e-matrimoni-de.jpg\" alt=\"eventi-e-matrimoni-de\" width=\"430\" height=\"215\" \/><\/a>\r\n<a href=\"http:\/\/www.lecasedellagiardiniera.it\/de\/home\/\"><img class=\"alignnone size-full wp-image-2004\" style=\"margin-top: 15px;\" src=\"http:\/\/castellodipralormo.com\/wp-content\/uploads\/2018\/04\/ospitalita-de.jpg\" alt=\"le-case-della-giardiniera-de\" width=\"430\" height=\"215\" \/><\/a>[\/vc_column_text][\/vc_column][\/vc_row]<\/div>[\/vc_column][\/vc_row]<\/p>\n","protected":false},"excerpt":{"rendered":"<p>[vc_row wrap_container=&#8221;yes&#8221; css=&#8221;.vc_custom_1504021655198{margin-top: -10px !important;}&#8221;][vc_column width=&#8221;3\/4&#8243;][vc_column_text] Vergangene ausstellungen [\/vc_column_text][vc_column_text] AUF DEM SCHLOSS Seit \u00fcber 20 Jahren f\u00fchren die Besitzer Restaurierungen durch. Anfang der 90er Jahre sowohl zur Aufwertung des Parks als auch den Geb\u00e4uden in ihm . Mit zeitweiligen Ausstellungen, die es zuliesen, da\u00df weiterhin Teile f\u00fcr das \u00f6ffentliche Publikum offen blieben. Somit k\u00f6nnen der [&hellip;]<\/p>\n","protected":false},"author":1,"featured_media":0,"parent":0,"menu_order":0,"comment_status":"closed","ping_status":"closed","template":"","meta":[],"tags":[],"yoast_head":"<!-- This site is optimized with the Yoast SEO plugin v16.1.1 - https:\/\/yoast.com\/wordpress\/plugins\/seo\/ -->\n<title>Vergangene ausstellungen - Castello di Pralormo<\/title>\n<link rel=\"canonical\" href=\"https:\/\/castellodipralormo.com\/de\/vergangene-ausstellungen\/\" \/>\n<meta property=\"og:locale\" content=\"de_DE\" \/>\n<meta property=\"og:type\" content=\"article\" \/>\n<meta property=\"og:title\" content=\"Vergangene ausstellungen - Castello di Pralormo\" \/>\n<meta property=\"og:description\" content=\"[vc_row wrap_container=&#8221;yes&#8221; css=&#8221;.vc_custom_1504021655198{margin-top: -10px !important;}&#8221;][vc_column width=&#8221;3\/4&#8243;][vc_column_text] Vergangene ausstellungen [\/vc_column_text][vc_column_text] AUF DEM SCHLOSS Seit \u00fcber 20 Jahren f\u00fchren die Besitzer Restaurierungen durch. Anfang der 90er Jahre sowohl zur Aufwertung des Parks als auch den Geb\u00e4uden in ihm . Mit zeitweiligen Ausstellungen, die es zuliesen, da\u00df weiterhin Teile f\u00fcr das \u00f6ffentliche Publikum offen blieben. Somit k\u00f6nnen der [&hellip;]\" \/>\n<meta property=\"og:url\" content=\"https:\/\/castellodipralormo.com\/de\/vergangene-ausstellungen\/\" \/>\n<meta property=\"og:site_name\" content=\"Castello di Pralormo\" \/>\n<meta property=\"article:modified_time\" content=\"2018-04-09T07:47:50+00:00\" \/>\n<meta name=\"twitter:card\" content=\"summary\" \/>\n<meta name=\"twitter:label1\" content=\"Gesch\u00e4tzte Lesezeit\">\n\t<meta name=\"twitter:data1\" content=\"4 Minuten\">\n<script type=\"application\/ld+json\" class=\"yoast-schema-graph\">{\"@context\":\"https:\/\/schema.org\",\"@graph\":[{\"@type\":\"WebSite\",\"@id\":\"https:\/\/castellodipralormo.com\/#website\",\"url\":\"https:\/\/castellodipralormo.com\/\",\"name\":\"Castello di Pralormo\",\"description\":\"\",\"potentialAction\":[{\"@type\":\"SearchAction\",\"target\":\"https:\/\/castellodipralormo.com\/?s={search_term_string}\",\"query-input\":\"required name=search_term_string\"}],\"inLanguage\":\"de-DE\"},{\"@type\":\"WebPage\",\"@id\":\"https:\/\/castellodipralormo.com\/de\/vergangene-ausstellungen\/#webpage\",\"url\":\"https:\/\/castellodipralormo.com\/de\/vergangene-ausstellungen\/\",\"name\":\"Vergangene ausstellungen - Castello di Pralormo\",\"isPartOf\":{\"@id\":\"https:\/\/castellodipralormo.com\/#website\"},\"datePublished\":\"2018-04-04T10:13:22+00:00\",\"dateModified\":\"2018-04-09T07:47:50+00:00\",\"breadcrumb\":{\"@id\":\"https:\/\/castellodipralormo.com\/de\/vergangene-ausstellungen\/#breadcrumb\"},\"inLanguage\":\"de-DE\",\"potentialAction\":[{\"@type\":\"ReadAction\",\"target\":[\"https:\/\/castellodipralormo.com\/de\/vergangene-ausstellungen\/\"]}]},{\"@type\":\"BreadcrumbList\",\"@id\":\"https:\/\/castellodipralormo.com\/de\/vergangene-ausstellungen\/#breadcrumb\",\"itemListElement\":[{\"@type\":\"ListItem\",\"position\":1,\"item\":{\"@type\":\"WebPage\",\"@id\":\"https:\/\/castellodipralormo.com\/de\/\",\"url\":\"https:\/\/castellodipralormo.com\/de\/\",\"name\":\"Home\"}},{\"@type\":\"ListItem\",\"position\":2,\"item\":{\"@type\":\"WebPage\",\"@id\":\"https:\/\/castellodipralormo.com\/de\/vergangene-ausstellungen\/\",\"url\":\"https:\/\/castellodipralormo.com\/de\/vergangene-ausstellungen\/\",\"name\":\"Vergangene ausstellungen\"}}]}]}<\/script>\n<!-- \/ Yoast SEO plugin. -->","_links":{"self":[{"href":"https:\/\/castellodipralormo.com\/de\/wp-json\/wp\/v2\/pages\/4525"}],"collection":[{"href":"https:\/\/castellodipralormo.com\/de\/wp-json\/wp\/v2\/pages"}],"about":[{"href":"https:\/\/castellodipralormo.com\/de\/wp-json\/wp\/v2\/types\/page"}],"author":[{"embeddable":true,"href":"https:\/\/castellodipralormo.com\/de\/wp-json\/wp\/v2\/users\/1"}],"replies":[{"embeddable":true,"href":"https:\/\/castellodipralormo.com\/de\/wp-json\/wp\/v2\/comments?post=4525"}],"version-history":[{"count":6,"href":"https:\/\/castellodipralormo.com\/de\/wp-json\/wp\/v2\/pages\/4525\/revisions"}],"predecessor-version":[{"id":4531,"href":"https:\/\/castellodipralormo.com\/de\/wp-json\/wp\/v2\/pages\/4525\/revisions\/4531"}],"wp:attachment":[{"href":"https:\/\/castellodipralormo.com\/de\/wp-json\/wp\/v2\/media?parent=4525"}],"wp:term":[{"taxonomy":"post_tag","embeddable":true,"href":"https:\/\/castellodipralormo.com\/de\/wp-json\/wp\/v2\/tags?post=4525"}],"curies":[{"name":"wp","href":"https:\/\/api.w.org\/{rel}","templated":true}]}}