{"id":4532,"date":"2018-04-04T12:57:17","date_gmt":"2018-04-04T10:57:17","guid":{"rendered":"http:\/\/castellodipralormo.com\/home\/"},"modified":"2020-10-30T14:39:18","modified_gmt":"2020-10-30T13:39:18","slug":"home","status":"publish","type":"page","link":"https:\/\/castellodipralormo.com\/de\/","title":{"rendered":"Home"},"content":{"rendered":"<p>[vc_row css=&#8221;.vc_custom_1537284089301{background-color: #000000 !important;}&#8221;][vc_column width=&#8221;1\/12&#8243;][\/vc_column][vc_column width=&#8221;10\/12&#8243;][vc_raw_html]JTNDZGl2JTIwc3R5bGUlM0QlMjJwYWRkaW5nJTNBNTYuMjUlMjUlMjAwJTIwMCUyMDAlM0Jwb3NpdGlvbiUzQXJlbGF0aXZlJTNCJTIyJTNFJTNDaWZyYW1lJTIwc3JjJTNEJTIyaHR0cHMlM0ElMkYlMkZwbGF5ZXIudmltZW8uY29tJTJGdmlkZW8lMkYyNTAwNzg4ODMlM0ZhdXRvcGxheSUzRDElMjZsb29wJTNEMSUyNnRpdGxlJTNEMCUyNmJ5bGluZSUzRDAlMjZwb3J0cmFpdCUzRDAlMjIlMjBzdHlsZSUzRCUyMnBvc2l0aW9uJTNBYWJzb2x1dGUlM0J0b3AlM0EwJTNCbGVmdCUzQTAlM0J3aWR0aCUzQTEwMCUyNSUzQmhlaWdodCUzQTEwMCUyNSUzQiUyMiUyMGZyYW1lYm9yZGVyJTNEJTIyMCUyMiUyMHdlYmtpdGFsbG93ZnVsbHNjcmVlbiUyMG1vemFsbG93ZnVsbHNjcmVlbiUyMGFsbG93ZnVsbHNjcmVlbiUzRSUzQyUyRmlmcmFtZSUzRSUzQyUyRmRpdiUzRSUzQ3NjcmlwdCUyMHNyYyUzRCUyMmh0dHBzJTNBJTJGJTJGcGxheWVyLnZpbWVvLmNvbSUyRmFwaSUyRnBsYXllci5qcyUyMiUzRSUzQyUyRnNjcmlwdCUzRQ==[\/vc_raw_html][\/vc_column][vc_column width=&#8221;1\/12&#8243;][\/vc_column][\/vc_row][vc_row wrap_container=&#8221;yes&#8221;][vc_column][vc_empty_space height=&#8221;30px&#8221;][\/vc_column][\/vc_row][vc_row wrap_container=&#8221;yes&#8221; css=&#8221;.vc_custom_1504021655198{margin-top: -10px !important;}&#8221;][vc_column width=&#8221;6\/12&#8243;][vc_column_text]<\/p>\n<h1 style=\"text-align: center;\"><strong>\u00a0<\/strong>BESICHTIGUNG DES SCHLOSSES VON PRALORMO<\/h1>\n<p><strong>\u00d6ffnungszeiten:<\/strong><\/p>\n<p><em><strong>GARTEN UND SCHLOSS:<\/strong><\/em><br \/>\n<strong>Einla\u00df und\u00a0F\u00fcr Gruppen:<\/strong> jeden Tag im April bei der Veranstaltung Botaniker MESSER TULPEN<\/p>\n<p><strong><em>SCHLOSS:<\/em><\/strong><br \/>\n<strong>Einla\u00df:<\/strong><br \/>\nJeden Sonntag vom Mai bis November (ausgenommen August)<br \/>\n<strong>F\u00fcr Gruppen (mindestens 15 Personen):<\/strong><br \/>\nT\u00e4glich vom M\u00e4rz bis zum November (ausgenommen August)<\/p>\n<p><strong>\u00d6ffnunngszeiten: 10:00 &#8211; 18:00<\/strong><\/p>\n<p><img loading=\"lazy\" class=\"alignleft size-full wp-image-2383\" src=\"http:\/\/castellodipralormo.com\/wp-content\/uploads\/2017\/09\/visite-castello1-800x3941.jpg\" alt=\"visite-castello1-800x3941\" width=\"800\" height=\"394\" srcset=\"https:\/\/castellodipralormo.com\/wp-content\/uploads\/2017\/09\/visite-castello1-800x3941.jpg 800w, https:\/\/castellodipralormo.com\/wp-content\/uploads\/2017\/09\/visite-castello1-800x3941-768x378.jpg 768w\" sizes=\"(max-width: 800px) 100vw, 800px\" \/><\/p>\n<p>Es gibt zwei verschiedene faszinierende Rundg\u00e4nge, die durch das Schloss f\u00fchren:<\/p>\n<p>&#8211; <strong>die Hauptbereiche des Schlosses:<\/strong>\u00a0mit einem Rundgang, der hinter die Kulissen blicken l\u00e4\u00dft, in den Alltag, gelebt auf einem Schloss, seiner privaten Augenblicke und den Offizielen, seinen Empf\u00e4ngen und B\u00e4llen, mit all der Einrichtung und Ausstattung, Rezepten, Geschichten und Erz\u00e4hlungen.<\/p>\n<p>&#8211;\u00a0<strong>DIE MODELLEISENBAHN DES GRAFEN:<\/strong> ist ein Neuer Besichtigungsrundgang, und ist den Sammlern und Liebhabern der Eisenbahnen gewidmet. Sie zeigt dem Besucher eine bemerkenswerte und wunderbare antike Modelleisenbahnensammlung. Eine beindruckende Modelleisenbahnanlage auf der Lokomotiven durch in die Wand durchlaufenden Tunnel f\u00e4hrt, vorbei an Bahnh\u00f6fen und Landschaften.<\/p>\n<p>&nbsp;<\/p>\n<h3 style=\"text-align: center;\"><strong>Die Gastfreundschaft in den Nebengeb\u00e4uden des Schlosses ist immer ganzj\u00e4hrig ge\u00f6ffnet, jetzt mit einem<\/strong><\/h3>\n<h1 style=\"text-align: center;\"><strong>Au\u00dfergew\u00f6hnliches Angebot!<\/strong><\/h1>\n<p style=\"text-align: center;\"><strong>Ein 3-t\u00e4giger Aufenthalt in unseren Touristenh\u00e4usern Le Case della Giardiniera des Schlosses von Pralormo.<\/strong><\/p>\n<p style=\"text-align: left;\">Vom 1. November 2020 bis zum 31. Dezember 2021 ist es dank der VOUCHER VACANZE der Region Piemont m\u00f6glich, <strong>einen Aufenthalt von 3 N\u00e4chten zu nutzen, indem Sie NUR EINE NACHT ZAHLEN.<\/strong><\/p>\n<p><strong>Um Ihren Gutschein zu buchen, wenden Sie sich an das Incoming Experience Consortium (<a href=\"http:\/\/www.incomingexperience.it\/\"><em>www.incomingexperience.it<\/em><\/a>\u00a0\u2013\u00a0<em>booking@incomingexperience.it o support@incomingexperience.it \u2013 Tel. +39.011.6505309). <\/em><\/strong><\/p>\n<p>Das Schloss Pralormo bietet Ihnen seine Abh\u00e4ngigkeiten, die Teil seines eigenen Komplexes sind: 5 Apartments, die einst von den Arbeitern des Schlosses bewohnt wurden und heute in 5 &#8220;l\u00e4ndliche Suiten&#8221; umgewandelt wurden, in denen Sie in einer eindrucksvollen und sehr suggestiven Atmosph\u00e4re \u00fcbernachten k\u00f6nnen:<\/p>\n<ul>\n<li>DER HOLZF\u04d2LLER: f\u00fcr max. 3 Personen, im Erdgeschoss, 40 m\u00b2, Schlafzimmer mit Doppelbett und m\u00f6glichem 3. Bett, Bad, ausgestattete K\u00fcche, Preis 90,00 \u20ac<\/li>\n<li>DER KUTSCHER: f\u00fcr maximal 2 Personen, im ersten Stock, 35 Quadratmeter, Schlafzimmer mit Doppelbett, Bad, m\u00f6blierte K\u00fcchenzeile, Preis 90,00 \u20ac<\/li>\n<li>DER GEM\u00dcSEG\u04d2RTNER: f\u00fcr max. 3 Personen, im ersten Stock 40 Quadratmeter, Schlafzimmer mit Doppelbett und m\u00f6glichem 3. Bett, Bad, m\u00f6blierte K\u00fcche, Preis 90,00 \u20ac<\/li>\n<li>DER HEILPFLANZENVERK\u04d2UFER: f\u00fcr maximal 4 Personen, im Zwischengeschoss, 50 m\u00b2, Schlafzimmer mit Doppelbett, Wohnzimmer mit Doppelschlafsofa, Bad, m\u00f6blierte K\u00fcche, Preis 110,00 \u20ac<\/li>\n<li>DIE G\u04d2RTNERIN: f\u00fcr maximal 5 Personen, 90 Quadratmeter auf zwei Etagen, privater Innenhof mit mittelgro\u00dfem Zugang zum Auto, 2 Badezimmer, ein Schlafzimmer mit Doppelbett, ein Zweibettzimmer, ein Bett im Flur, Wohnzimmer, m\u00f6blierte K\u00fcche, Preis \u20ac 130,00.<\/li>\n<\/ul>\n<p>Alle Apartments verf\u00fcgen im Winter \u00fcber Heizk\u00f6rper, die Schlafzimmer sind auch im Sommer klimatisiert. Kostenlose (unbeaufsichtigte) Parkpl\u00e4tze auf dem Grundst\u00fcck der Unterkunft. W\u00e4hrend der \u00d6ffnungszeiten haben Sie freien Zugang zum Schlosspark und die M\u00f6glichkeit, die Innenr\u00e4ume mit einem F\u00fchrer zu besichtigen. Schlosses von Pralormo liegt 35 km von Turin und 29 km von Alba entfernt. Die Umgebung bietet einen magischen Blick von den wundersch\u00f6nen H\u00fcgeln von Barolo bis zur Stadt Alba und die Freuden der bekannten K\u00fcche und Weine. Von der Burg von Pralormo aus erreichen Sie schnell die H\u00fcgel der Langhe und Roero oder die Stadt Turin mit ihren pr\u00e4chtigen Museen.<\/p>\n<p><strong>Nutzen Sie dieses Angebot!<\/strong><\/p>\n<p style=\"text-align: center;\"><strong><em>F\u00fcr weitere Informationen <a href=\"http:\/\/www.lecasedellagiardiniera.it\">www.lecasedellagiardiniera.it<\/a>\u00a0<\/em><\/strong><\/p>\n<p>[\/vc_column_text][\/vc_column][vc_column width=&#8221;6\/12&#8243; animation_duration=&#8221;2000&#8243; animation_delay=&#8221;1000&#8243; animation_type=&#8221;fadeInLeft&#8221;][vc_row_inner][vc_column_inner width=&#8221;1\/2&#8243;][vc_single_image image=&#8221;4628&#8243; img_size=&#8221;full&#8221; alignment=&#8221;center&#8221; onclick=&#8221;custom_link&#8221; css_animation=&#8221;none&#8221; link=&#8221;http:\/\/castellodipralormo.com\/de\/schlossbesichtigungen\/&#8221;][vc_single_image image=&#8221;4619&#8243; img_size=&#8221;full&#8221; alignment=&#8221;right&#8221; onclick=&#8221;custom_link&#8221; css_animation=&#8221;none&#8221; link=&#8221;http:\/\/castellodipralormo.com\/de\/messer-tulpen\/&#8221;][vc_single_image image=&#8221;4613&#8243; img_size=&#8221;full&#8221; alignment=&#8221;right&#8221; onclick=&#8221;custom_link&#8221; css_animation=&#8221;none&#8221; link=&#8221;http:\/\/castellodipralormo.com\/de\/location-und-hochzeiten\/&#8221;][\/vc_column_inner][vc_column_inner width=&#8221;1\/2&#8243;][vc_single_image image=&#8221;4616&#8243; img_size=&#8221;full&#8221; alignment=&#8221;right&#8221; onclick=&#8221;custom_link&#8221; css_animation=&#8221;none&#8221; hover_effect=&#8221;yes&#8221; link=&#8221;http:\/\/castellodipralormo.com\/de\/die-modelleisenbahnen-des-grafen\/&#8221;][vc_single_image image=&#8221;4622&#8243; img_size=&#8221;full&#8221; alignment=&#8221;right&#8221; onclick=&#8221;custom_link&#8221; css_animation=&#8221;none&#8221; link=&#8221;http:\/\/www.lecasedellagiardiniera.it\/de\/home\/&#8221;][vc_single_image image=&#8221;4625&#8243; img_size=&#8221;full&#8221; alignment=&#8221;right&#8221; onclick=&#8221;custom_link&#8221; css_animation=&#8221;none&#8221; link=&#8221;http:\/\/castellodipralormo.com\/de\/fotogallerie\/&#8221;][\/vc_column_inner][\/vc_row_inner][\/vc_column][\/vc_row][vc_row wrap_container=&#8221;yes&#8221; css=&#8221;.vc_custom_1504021655198{margin-top: -10px !important;}&#8221;][vc_column width=&#8221;6\/12&#8243;][\/vc_column][vc_column width=&#8221;6\/12&#8243; css=&#8221;.vc_custom_1505486910247{margin-top: -80px !important;}&#8221;][vc_column_text]<\/p>\n<p style=\"text-align: center;\"><strong><em>DAS SCHLOSS IST TEIL:<\/em><\/strong><\/p>\n<p>[\/vc_column_text][vc_row_inner css=&#8221;.vc_custom_1505487006100{margin-top: -20px !important;}&#8221;][vc_column_inner width=&#8221;1\/2&#8243;][vc_empty_space height=&#8221;20px&#8221;][vc_single_image image=&#8221;2027&#8243; img_size=&#8221;200&#215;100&#8243; alignment=&#8221;center&#8221; onclick=&#8221;custom_link&#8221; css_animation=&#8221;rotateInDownRight&#8221; link=&#8221;http:\/\/castellodipralormo.com\/&#8221;][\/vc_column_inner][vc_column_inner width=&#8221;1\/2&#8243;][vc_single_image image=&#8221;2024&#8243; img_size=&#8221;full&#8221; alignment=&#8221;center&#8221; onclick=&#8221;custom_link&#8221; css_animation=&#8221;rotateInDownRight&#8221; link=&#8221;http:\/\/castellodipralormo.com\/&#8221;][\/vc_column_inner][\/vc_row_inner][\/vc_column][\/vc_row]<\/p>\n","protected":false},"excerpt":{"rendered":"<p>[vc_row css=&#8221;.vc_custom_1537284089301{background-color: #000000 !important;}&#8221;][vc_column width=&#8221;1\/12&#8243;][\/vc_column][vc_column width=&#8221;10\/12&#8243;][vc_raw_html]JTNDZGl2JTIwc3R5bGUlM0QlMjJwYWRkaW5nJTNBNTYuMjUlMjUlMjAwJTIwMCUyMDAlM0Jwb3NpdGlvbiUzQXJlbGF0aXZlJTNCJTIyJTNFJTNDaWZyYW1lJTIwc3JjJTNEJTIyaHR0cHMlM0ElMkYlMkZwbGF5ZXIudmltZW8uY29tJTJGdmlkZW8lMkYyNTAwNzg4ODMlM0ZhdXRvcGxheSUzRDElMjZsb29wJTNEMSUyNnRpdGxlJTNEMCUyNmJ5bGluZSUzRDAlMjZwb3J0cmFpdCUzRDAlMjIlMjBzdHlsZSUzRCUyMnBvc2l0aW9uJTNBYWJzb2x1dGUlM0J0b3AlM0EwJTNCbGVmdCUzQTAlM0J3aWR0aCUzQTEwMCUyNSUzQmhlaWdodCUzQTEwMCUyNSUzQiUyMiUyMGZyYW1lYm9yZGVyJTNEJTIyMCUyMiUyMHdlYmtpdGFsbG93ZnVsbHNjcmVlbiUyMG1vemFsbG93ZnVsbHNjcmVlbiUyMGFsbG93ZnVsbHNjcmVlbiUzRSUzQyUyRmlmcmFtZSUzRSUzQyUyRmRpdiUzRSUzQ3NjcmlwdCUyMHNyYyUzRCUyMmh0dHBzJTNBJTJGJTJGcGxheWVyLnZpbWVvLmNvbSUyRmFwaSUyRnBsYXllci5qcyUyMiUzRSUzQyUyRnNjcmlwdCUzRQ==[\/vc_raw_html][\/vc_column][vc_column width=&#8221;1\/12&#8243;][\/vc_column][\/vc_row][vc_row wrap_container=&#8221;yes&#8221;][vc_column][vc_empty_space height=&#8221;30px&#8221;][\/vc_column][\/vc_row][vc_row wrap_container=&#8221;yes&#8221; css=&#8221;.vc_custom_1504021655198{margin-top: -10px !important;}&#8221;][vc_column width=&#8221;6\/12&#8243;][vc_column_text] \u00a0BESICHTIGUNG DES SCHLOSSES VON PRALORMO \u00d6ffnungszeiten: GARTEN UND SCHLOSS: Einla\u00df und\u00a0F\u00fcr Gruppen: jeden Tag im April bei der Veranstaltung Botaniker MESSER TULPEN SCHLOSS: Einla\u00df: Jeden Sonntag vom Mai bis November (ausgenommen August) F\u00fcr Gruppen (mindestens 15 Personen): T\u00e4glich vom M\u00e4rz bis [&hellip;]<\/p>\n","protected":false},"author":1,"featured_media":0,"parent":0,"menu_order":0,"comment_status":"closed","ping_status":"closed","template":"","meta":[],"tags":[],"yoast_head":"<!-- This site is optimized with the Yoast SEO plugin v16.1.1 - https:\/\/yoast.com\/wordpress\/plugins\/seo\/ -->\n<title>Home - Castello di Pralormo<\/title>\n<link rel=\"canonical\" href=\"https:\/\/castellodipralormo.com\/de\/\" \/>\n<meta property=\"og:locale\" content=\"de_DE\" \/>\n<meta property=\"og:type\" content=\"article\" \/>\n<meta property=\"og:title\" content=\"Home - Castello di Pralormo\" \/>\n<meta property=\"og:description\" content=\"[vc_row css=&#8221;.vc_custom_1537284089301{background-color: #000000 !important;}&#8221;][vc_column width=&#8221;1\/12&#8243;][\/vc_column][vc_column width=&#8221;10\/12&#8243;][vc_raw_html]JTNDZGl2JTIwc3R5bGUlM0QlMjJwYWRkaW5nJTNBNTYuMjUlMjUlMjAwJTIwMCUyMDAlM0Jwb3NpdGlvbiUzQXJlbGF0aXZlJTNCJTIyJTNFJTNDaWZyYW1lJTIwc3JjJTNEJTIyaHR0cHMlM0ElMkYlMkZwbGF5ZXIudmltZW8uY29tJTJGdmlkZW8lMkYyNTAwNzg4ODMlM0ZhdXRvcGxheSUzRDElMjZsb29wJTNEMSUyNnRpdGxlJTNEMCUyNmJ5bGluZSUzRDAlMjZwb3J0cmFpdCUzRDAlMjIlMjBzdHlsZSUzRCUyMnBvc2l0aW9uJTNBYWJzb2x1dGUlM0J0b3AlM0EwJTNCbGVmdCUzQTAlM0J3aWR0aCUzQTEwMCUyNSUzQmhlaWdodCUzQTEwMCUyNSUzQiUyMiUyMGZyYW1lYm9yZGVyJTNEJTIyMCUyMiUyMHdlYmtpdGFsbG93ZnVsbHNjcmVlbiUyMG1vemFsbG93ZnVsbHNjcmVlbiUyMGFsbG93ZnVsbHNjcmVlbiUzRSUzQyUyRmlmcmFtZSUzRSUzQyUyRmRpdiUzRSUzQ3NjcmlwdCUyMHNyYyUzRCUyMmh0dHBzJTNBJTJGJTJGcGxheWVyLnZpbWVvLmNvbSUyRmFwaSUyRnBsYXllci5qcyUyMiUzRSUzQyUyRnNjcmlwdCUzRQ==[\/vc_raw_html][\/vc_column][vc_column width=&#8221;1\/12&#8243;][\/vc_column][\/vc_row][vc_row wrap_container=&#8221;yes&#8221;][vc_column][vc_empty_space height=&#8221;30px&#8221;][\/vc_column][\/vc_row][vc_row wrap_container=&#8221;yes&#8221; css=&#8221;.vc_custom_1504021655198{margin-top: -10px !important;}&#8221;][vc_column width=&#8221;6\/12&#8243;][vc_column_text] \u00a0BESICHTIGUNG DES SCHLOSSES VON PRALORMO \u00d6ffnungszeiten: GARTEN UND SCHLOSS: Einla\u00df und\u00a0F\u00fcr Gruppen: jeden Tag im April bei der Veranstaltung Botaniker MESSER TULPEN SCHLOSS: Einla\u00df: Jeden Sonntag vom Mai bis November (ausgenommen August) F\u00fcr Gruppen (mindestens 15 Personen): T\u00e4glich vom M\u00e4rz bis [&hellip;]\" \/>\n<meta property=\"og:url\" content=\"https:\/\/castellodipralormo.com\/de\/\" \/>\n<meta property=\"og:site_name\" content=\"Castello di Pralormo\" \/>\n<meta property=\"article:modified_time\" content=\"2020-10-30T13:39:18+00:00\" \/>\n<meta property=\"og:image\" content=\"http:\/\/castellodipralormo.com\/wp-content\/uploads\/2017\/09\/visite-castello1-800x3941.jpg\" \/>\n<meta name=\"twitter:card\" content=\"summary\" \/>\n<meta name=\"twitter:label1\" content=\"Gesch\u00e4tzte Lesezeit\">\n\t<meta name=\"twitter:data1\" content=\"5 Minuten\">\n<script type=\"application\/ld+json\" class=\"yoast-schema-graph\">{\"@context\":\"https:\/\/schema.org\",\"@graph\":[{\"@type\":\"WebSite\",\"@id\":\"https:\/\/castellodipralormo.com\/#website\",\"url\":\"https:\/\/castellodipralormo.com\/\",\"name\":\"Castello di Pralormo\",\"description\":\"\",\"potentialAction\":[{\"@type\":\"SearchAction\",\"target\":\"https:\/\/castellodipralormo.com\/?s={search_term_string}\",\"query-input\":\"required name=search_term_string\"}],\"inLanguage\":\"de-DE\"},{\"@type\":\"ImageObject\",\"@id\":\"https:\/\/castellodipralormo.com\/de\/#primaryimage\",\"inLanguage\":\"de-DE\",\"url\":\"http:\/\/castellodipralormo.com\/wp-content\/uploads\/2017\/09\/visite-castello1-800x3941.jpg\",\"contentUrl\":\"http:\/\/castellodipralormo.com\/wp-content\/uploads\/2017\/09\/visite-castello1-800x3941.jpg\"},{\"@type\":\"WebPage\",\"@id\":\"https:\/\/castellodipralormo.com\/de\/#webpage\",\"url\":\"https:\/\/castellodipralormo.com\/de\/\",\"name\":\"Home - Castello di Pralormo\",\"isPartOf\":{\"@id\":\"https:\/\/castellodipralormo.com\/#website\"},\"primaryImageOfPage\":{\"@id\":\"https:\/\/castellodipralormo.com\/de\/#primaryimage\"},\"datePublished\":\"2018-04-04T10:57:17+00:00\",\"dateModified\":\"2020-10-30T13:39:18+00:00\",\"breadcrumb\":{\"@id\":\"https:\/\/castellodipralormo.com\/de\/#breadcrumb\"},\"inLanguage\":\"de-DE\",\"potentialAction\":[{\"@type\":\"ReadAction\",\"target\":[\"https:\/\/castellodipralormo.com\/de\/\"]}]},{\"@type\":\"BreadcrumbList\",\"@id\":\"https:\/\/castellodipralormo.com\/de\/#breadcrumb\",\"itemListElement\":[{\"@type\":\"ListItem\",\"position\":1,\"item\":{\"@type\":\"WebPage\",\"@id\":\"https:\/\/castellodipralormo.com\/de\/\",\"url\":\"https:\/\/castellodipralormo.com\/de\/\",\"name\":\"Home\"}},{\"@type\":\"ListItem\",\"position\":2,\"item\":{\"@type\":\"WebPage\",\"@id\":\"https:\/\/castellodipralormo.com\/de\/\",\"url\":\"https:\/\/castellodipralormo.com\/de\/\",\"name\":\"Home\"}}]}]}<\/script>\n<!-- \/ Yoast SEO plugin. -->","_links":{"self":[{"href":"https:\/\/castellodipralormo.com\/de\/wp-json\/wp\/v2\/pages\/4532"}],"collection":[{"href":"https:\/\/castellodipralormo.com\/de\/wp-json\/wp\/v2\/pages"}],"about":[{"href":"https:\/\/castellodipralormo.com\/de\/wp-json\/wp\/v2\/types\/page"}],"author":[{"embeddable":true,"href":"https:\/\/castellodipralormo.com\/de\/wp-json\/wp\/v2\/users\/1"}],"replies":[{"embeddable":true,"href":"https:\/\/castellodipralormo.com\/de\/wp-json\/wp\/v2\/comments?post=4532"}],"version-history":[{"count":18,"href":"https:\/\/castellodipralormo.com\/de\/wp-json\/wp\/v2\/pages\/4532\/revisions"}],"predecessor-version":[{"id":6568,"href":"https:\/\/castellodipralormo.com\/de\/wp-json\/wp\/v2\/pages\/4532\/revisions\/6568"}],"wp:attachment":[{"href":"https:\/\/castellodipralormo.com\/de\/wp-json\/wp\/v2\/media?parent=4532"}],"wp:term":[{"taxonomy":"post_tag","embeddable":true,"href":"https:\/\/castellodipralormo.com\/de\/wp-json\/wp\/v2\/tags?post=4532"}],"curies":[{"name":"wp","href":"https:\/\/api.w.org\/{rel}","templated":true}]}}