{"id":4553,"date":"2018-04-04T15:53:06","date_gmt":"2018-04-04T13:53:06","guid":{"rendered":"http:\/\/castellodipralormo.com\/schlossbesichtigungen\/"},"modified":"2018-11-26T10:10:13","modified_gmt":"2018-11-26T09:10:13","slug":"schlossbesichtigungen","status":"publish","type":"page","link":"https:\/\/castellodipralormo.com\/de\/schlossbesichtigungen\/","title":{"rendered":"Schlo\u00dfbesuche"},"content":{"rendered":"<p>[vc_row wrap_container=&#8221;yes&#8221; css=&#8221;.vc_custom_1504021655198{margin-top: -10px !important;}&#8221;][vc_column width=&#8221;3\/4&#8243;][vc_column_text]<\/p>\n<h1>Schlo\u00dfbesuche<\/h1>\n<p>[\/vc_column_text][vc_column_text]<\/p>\n<h3>\u00d6ffnungszeiten:<\/h3>\n<p><strong>Einla\u00df:<\/strong><br \/>\nT\u00e4glich\u00a0im April (Gleichzeitig mit der Messer Tulpen Ausstellung im Park)<br \/>\nJeden Sonntag vom Mai bis zum November (ausgenommen August)<br \/>\n<strong>F\u00fcr Gruppen ( mindestens 15 Personen):<\/strong><br \/>\nT\u00e4glich vom\u00a0April bis einschl. November (ausgenommen August)<\/p>\n<h3>Eintritt: von 10 bis 18 Uhr<\/h3>\n<h3><\/h3>\n<p>F\u00fcr weitere Informationen und f\u00fcr Resevierungen von Gruppenf\u00fchrungen:<br \/>\ntel 011\/884870 \u2013 011\/8140981 e-mail\u00a0<a href=\"mailto:pralormo.design@libero.it\">pralormo.design@libero.it<\/a><\/p>\n<p style=\"text-align: center;\">\u00a0<em>&#8230;.erleben wir gemeinsam die Geheimnisse des Schlosses,n\u00e4mlich bei der allt\u00e4glichen rituelen Bew\u00e4ltigung die dem Betrieb eines grossen Hauses gewidmet waren&#8230;das Feuer, das Wasser, das Licht, die Nahrung;die Zimmer gef\u00fcllt mit Traditionen und Geschichten von illustren Pers\u00f6nlichkeiten ; das Wohnzimmer, dem das Zusammentreffen der Familie gewidmet war, das Spielzimmer, und Handarbeitszimmer f\u00fcr \u201c weibliche Zerstreung\u201d; zu guter letzt, der prachtvolle Saal, der, Musik, Tanz und Tafeln heraufbeschw\u00f6rt und in dem unsere Familie seit \u00fcber 300 Jahren lebt. Es ist f\u00fcr unsere Familie zum Lebensinhalt geworden dieses Gut mit Hingabe zu erhalten und zu bewahren, und auch um Sie bei uns herzlich willkommen zu hei\u00dfen.<\/em><\/p>\n<p align=\"right\"><em>Filippo and Consolata Beraudo di Pralormo<\/em><\/p>\n<p>[\/vc_column_text][vc_single_image image=&#8221;2383&#8243; img_size=&#8221;full&#8221; alignment=&#8221;center&#8221;][vc_column_text]Die Schlossf\u00fchrung m\u00f6chte den Besuchern einen Einblick in die verschieden Hauptberreiche des Schlosses geben, und ihnen veranschaulichen wie die Menschen in der Zeit zwischen 1850 und Anfang des 20.Jahrhunderts dort gearbeitet und gelebt haben.<\/p>\n<p>Der Rundgang f\u00fchrt durch die verschiedenen Einrichtungen, und durch die privaten Gem\u00e4cher des Wohnsitzes. <strong>La Cantina<\/strong>,(Keller) der der Weinlese und Weinherstellung ausgestattet und gewidmet ist. <strong>L&#8217;Office<\/strong>, in der das Geschirr aus Porzellan und Keramik, sowie aus Kristall und Silber aufbewahrt werden. <strong>Der Dienstraum<\/strong>, indem die Dienerschaft des Schlosses seinen eigenen E\u00dftisch besa\u00df, ihre eigenen Schr\u00e4nke und den besonderen Ofen f\u00fcr die B\u00fcgeleisen. <strong>La Cucina<\/strong>, mit ihren Kupferpfannen, Steinm\u00fchlen, Kaffe&#8217; toaster, dem \u201cEisschrank\u201d, die Backformen, und zahlreiche andere Ger\u00e4te, die den K\u00f6chen und B\u00e4ckern beim zubereiten ihrer K\u00f6stlichkeiten zunnutze waren. <strong>Das Badezimmer<\/strong>, die bunte Fayence, mit einem beeindruckenden und eleganten Holzofen. Der Ehrensaal, der auf gro\u00dfartige Weise die Wandlung von einer Festung zu einem Herrschaflichen Sitz Mitte des 1800 Jahrhundert bezeugt: der Boden gehalten im venezianischen Mosaik , zeigt die gleichen Farben, wie im Inneren der Fassaden, w\u00e4hrend ein pr\u00e4chtiger Kerzen-Kronleuchter an vergangene B\u00e4lle erinnert.<\/p>\n<p>Zu guter letzt, der Speisesaal im Neoklassischen Stil indem stets ein Tisch f\u00fcr einen aussergew\u00f6hnlichen Anla\u00df gedeckt steht; Das Arbeitszimmer des Ministers Carlo Beraudo di Pralormo (1784- 1855), Botschafter in Wien und Paris, im pompeanischen Stil eingerichtet und reich an Geschichtlichen Informationen; <strong>der blaue Saal<\/strong>, mit dem der Rundgang endet, indem ein Scheinbild komplett die W\u00e4nde und die gew\u00f6lbte Decke mit Vorh\u00e4ngen al Motiv bemalt sind, geben ihm eine intime Atmosph\u00e4re und erinnern an Nachmittage in Gessellschaft mit Freundinnen. Mit ihnen zusammen pflegte man die Bandero Stickerei, eine antike barocke piemontesische Tradition, zur Einrichtung der H\u00e4user. [\/vc_column_text][vc_empty_space][\/vc_column][vc_column width=&#8221;1\/4&#8243;]<div class=\"porto-block\"><style>.vc_custom_1504021655198{margin-top: -10px !important;}.vc_custom_1505485521375{padding-left: 30px !important;}<\/style>[vc_row wrap_container=\"yes\" css=\".vc_custom_1504021655198{margin-top: -10px !important;}\"][vc_column css=\".vc_custom_1505485521375{padding-left: 30px !important;}\"][vc_empty_space height=\"18px\"][vc_column_text]<a href=\"http:\/\/castellodipralormo.com\/de\/schlossbesichtigungen\/\"><img class=\"alignnone wp-image-3229 size-full\" src=\"http:\/\/castellodipralormo.com\/wp-content\/uploads\/2018\/04\/visite-al-castello-de.jpg\" alt=\"visite-al-castello-de\" width=\"430\" height=\"215\" \/><\/a>\r\n<a href=\"http:\/\/castellodipralormo.com\/de\/messer-tulpen\/\"><img class=\"alignnone wp-image-2001 size-full\" style=\"margin-top: 15px;\" src=\"http:\/\/castellodipralormo.com\/wp-content\/uploads\/2018\/04\/messer-tulipano-de.jpg\" alt=\"messer-tulipano-de\" width=\"430\" height=\"215\" \/><\/a>\r\n<a href=\"http:\/\/castellodipralormo.com\/de\/die-modelleisenbahnen-des-grafen\/\"><img class=\"alignnone wp-image-2010 size-full\" style=\"margin-top: 15px;\" src=\"http:\/\/castellodipralormo.com\/wp-content\/uploads\/2018\/04\/il-trenino-del-conte-de.jpg\" alt=\"il-trenino-del-conte-de\" width=\"430\" height=\"215\" \/><\/a>\r\n<a href=\"http:\/\/castellodipralormo.com\/de\/location-und-hochzeiten\/\"><img class=\"alignnone size-full wp-image-2007\" style=\"margin-top: 15px;\" src=\"http:\/\/castellodipralormo.com\/wp-content\/uploads\/2018\/04\/eventi-e-matrimoni-de.jpg\" alt=\"eventi-e-matrimoni-de\" width=\"430\" height=\"215\" \/><\/a>\r\n<a href=\"http:\/\/www.lecasedellagiardiniera.it\/de\/home\/\"><img class=\"alignnone size-full wp-image-2004\" style=\"margin-top: 15px;\" src=\"http:\/\/castellodipralormo.com\/wp-content\/uploads\/2018\/04\/ospitalita-de.jpg\" alt=\"le-case-della-giardiniera-de\" width=\"430\" height=\"215\" \/><\/a>[\/vc_column_text][\/vc_column][\/vc_row]<\/div>[\/vc_column][\/vc_row][vc_row][vc_column][vc_column_text]<\/p>\n<h1>Schlossbesichtigungen<\/h1>\n<p>[\/vc_column_text][\/vc_column][\/vc_row][vc_row][vc_column][vc_gallery type=&#8221;image_grid&#8221; images=&#8221;2443,2446,2440,2437,2434,2431,2428,2425,2422,2419,2416,2413,2410,2407,2404,2401,2398,2395,2392,2389&#8243;][\/vc_column][\/vc_row][vc_row][vc_column][vc_empty_space][vc_column_text]<\/p>\n<p style=\"text-align: center;\"><strong>Copyright: www.castellodipralormo.com ALLE RECHTE VORBEHALTEN!<\/strong><\/p>\n<p>[\/vc_column_text][\/vc_column][\/vc_row]<\/p>\n","protected":false},"excerpt":{"rendered":"<p>[vc_row wrap_container=&#8221;yes&#8221; css=&#8221;.vc_custom_1504021655198{margin-top: -10px !important;}&#8221;][vc_column width=&#8221;3\/4&#8243;][vc_column_text] Schlo\u00dfbesuche [\/vc_column_text][vc_column_text] \u00d6ffnungszeiten: Einla\u00df: T\u00e4glich\u00a0im April (Gleichzeitig mit der Messer Tulpen Ausstellung im Park) Jeden Sonntag vom Mai bis zum November (ausgenommen August) F\u00fcr Gruppen ( mindestens 15 Personen): T\u00e4glich vom\u00a0April bis einschl. November (ausgenommen August) Eintritt: von 10 bis 18 Uhr F\u00fcr weitere Informationen und f\u00fcr Resevierungen von [&hellip;]<\/p>\n","protected":false},"author":1,"featured_media":0,"parent":0,"menu_order":0,"comment_status":"closed","ping_status":"closed","template":"","meta":[],"tags":[],"yoast_head":"<!-- This site is optimized with the Yoast SEO plugin v16.1.1 - https:\/\/yoast.com\/wordpress\/plugins\/seo\/ -->\n<title>Schlo\u00dfbesuche - Castello di Pralormo<\/title>\n<link rel=\"canonical\" href=\"https:\/\/castellodipralormo.com\/de\/schlossbesichtigungen\/\" \/>\n<meta property=\"og:locale\" content=\"de_DE\" \/>\n<meta property=\"og:type\" content=\"article\" \/>\n<meta property=\"og:title\" content=\"Schlo\u00dfbesuche - Castello di Pralormo\" \/>\n<meta property=\"og:description\" content=\"[vc_row wrap_container=&#8221;yes&#8221; css=&#8221;.vc_custom_1504021655198{margin-top: -10px !important;}&#8221;][vc_column width=&#8221;3\/4&#8243;][vc_column_text] Schlo\u00dfbesuche [\/vc_column_text][vc_column_text] \u00d6ffnungszeiten: Einla\u00df: T\u00e4glich\u00a0im April (Gleichzeitig mit der Messer Tulpen Ausstellung im Park) Jeden Sonntag vom Mai bis zum November (ausgenommen August) F\u00fcr Gruppen ( mindestens 15 Personen): T\u00e4glich vom\u00a0April bis einschl. November (ausgenommen August) Eintritt: von 10 bis 18 Uhr F\u00fcr weitere Informationen und f\u00fcr Resevierungen von [&hellip;]\" \/>\n<meta property=\"og:url\" content=\"https:\/\/castellodipralormo.com\/de\/schlossbesichtigungen\/\" \/>\n<meta property=\"og:site_name\" content=\"Castello di Pralormo\" \/>\n<meta property=\"article:modified_time\" content=\"2018-11-26T09:10:13+00:00\" \/>\n<meta name=\"twitter:card\" content=\"summary\" \/>\n<meta name=\"twitter:label1\" content=\"Gesch\u00e4tzte Lesezeit\">\n\t<meta name=\"twitter:data1\" content=\"3 Minuten\">\n<script type=\"application\/ld+json\" class=\"yoast-schema-graph\">{\"@context\":\"https:\/\/schema.org\",\"@graph\":[{\"@type\":\"WebSite\",\"@id\":\"https:\/\/castellodipralormo.com\/#website\",\"url\":\"https:\/\/castellodipralormo.com\/\",\"name\":\"Castello di Pralormo\",\"description\":\"\",\"potentialAction\":[{\"@type\":\"SearchAction\",\"target\":\"https:\/\/castellodipralormo.com\/?s={search_term_string}\",\"query-input\":\"required name=search_term_string\"}],\"inLanguage\":\"de-DE\"},{\"@type\":\"WebPage\",\"@id\":\"https:\/\/castellodipralormo.com\/de\/schlossbesichtigungen\/#webpage\",\"url\":\"https:\/\/castellodipralormo.com\/de\/schlossbesichtigungen\/\",\"name\":\"Schlo\\u00dfbesuche - Castello di Pralormo\",\"isPartOf\":{\"@id\":\"https:\/\/castellodipralormo.com\/#website\"},\"datePublished\":\"2018-04-04T13:53:06+00:00\",\"dateModified\":\"2018-11-26T09:10:13+00:00\",\"breadcrumb\":{\"@id\":\"https:\/\/castellodipralormo.com\/de\/schlossbesichtigungen\/#breadcrumb\"},\"inLanguage\":\"de-DE\",\"potentialAction\":[{\"@type\":\"ReadAction\",\"target\":[\"https:\/\/castellodipralormo.com\/de\/schlossbesichtigungen\/\"]}]},{\"@type\":\"BreadcrumbList\",\"@id\":\"https:\/\/castellodipralormo.com\/de\/schlossbesichtigungen\/#breadcrumb\",\"itemListElement\":[{\"@type\":\"ListItem\",\"position\":1,\"item\":{\"@type\":\"WebPage\",\"@id\":\"https:\/\/castellodipralormo.com\/de\/\",\"url\":\"https:\/\/castellodipralormo.com\/de\/\",\"name\":\"Home\"}},{\"@type\":\"ListItem\",\"position\":2,\"item\":{\"@type\":\"WebPage\",\"@id\":\"https:\/\/castellodipralormo.com\/de\/schlossbesichtigungen\/\",\"url\":\"https:\/\/castellodipralormo.com\/de\/schlossbesichtigungen\/\",\"name\":\"Schlo\\u00dfbesuche\"}}]}]}<\/script>\n<!-- \/ Yoast SEO plugin. -->","_links":{"self":[{"href":"https:\/\/castellodipralormo.com\/de\/wp-json\/wp\/v2\/pages\/4553"}],"collection":[{"href":"https:\/\/castellodipralormo.com\/de\/wp-json\/wp\/v2\/pages"}],"about":[{"href":"https:\/\/castellodipralormo.com\/de\/wp-json\/wp\/v2\/types\/page"}],"author":[{"embeddable":true,"href":"https:\/\/castellodipralormo.com\/de\/wp-json\/wp\/v2\/users\/1"}],"replies":[{"embeddable":true,"href":"https:\/\/castellodipralormo.com\/de\/wp-json\/wp\/v2\/comments?post=4553"}],"version-history":[{"count":10,"href":"https:\/\/castellodipralormo.com\/de\/wp-json\/wp\/v2\/pages\/4553\/revisions"}],"predecessor-version":[{"id":5149,"href":"https:\/\/castellodipralormo.com\/de\/wp-json\/wp\/v2\/pages\/4553\/revisions\/5149"}],"wp:attachment":[{"href":"https:\/\/castellodipralormo.com\/de\/wp-json\/wp\/v2\/media?parent=4553"}],"wp:term":[{"taxonomy":"post_tag","embeddable":true,"href":"https:\/\/castellodipralormo.com\/de\/wp-json\/wp\/v2\/tags?post=4553"}],"curies":[{"name":"wp","href":"https:\/\/api.w.org\/{rel}","templated":true}]}}