{"id":4569,"date":"2018-04-04T16:20:06","date_gmt":"2018-04-04T14:20:06","guid":{"rendered":"http:\/\/castellodipralormo.com\/besuch-messer-tulpen\/"},"modified":"2018-04-09T09:45:50","modified_gmt":"2018-04-09T07:45:50","slug":"besuch-messer-tulpen","status":"publish","type":"page","link":"https:\/\/castellodipralormo.com\/de\/besuch-messer-tulpen\/","title":{"rendered":"Besuch Messer Tulpen"},"content":{"rendered":"<p><strong>ER\u00d6FFNUNG<\/strong>\u00a0T\u00e4glich vom 31. M\u00e4rz bis zum 01.Mai 2018<\/p>\n<p><strong>\u00d6FFNUNGSZEITEN<\/strong>\u00a0Montag-Freitag 10:00- 18:00 Uhr Samstag\/Sonntg\/Feiertage 10:00-19:00 Uhr<\/p>\n<p><strong>Eintritt<\/strong> \u20ac 8,00 f\u00fcr resevierte Gruppen und Vereinbarungen  \u20ac6,50 f\u00fcr resevierte Gruppen unter der Woche \u20ac 5,50 Kinder ab 4 bis 12 Jahren \u20ac 4,00 Kinder unter 4 Jahren Freier Eintritt <\/p>\n<p><strong>Wie zu besuchen:<\/strong> Der Park und die Einrichtungen des Schlosses, wo die Messer Tulipano Veranstaltung stattfindet, k\u00f6nnen frei besucht werden, sobald das Ticket an der Kasse am Eingang des Parks gekauft wurde.<br \/>\nReservierungen sind f\u00fcr Gruppen von mindestens 15 Personen erforderlich (Sekret\u00e4rin: tel. 011 884870 &#8211; 8140891 &#8211; pralormo.design@libero.it)<\/p>\n<p>&nbsp;<\/p>\n<p><a href=\"http:\/\/castellodipralormo.com\/wp-content\/uploads\/2018\/03\/MT2018_mappa-parco.jpg\"><img loading=\"lazy\" class=\"aligncenter size-large wp-image-3991\" src=\"http:\/\/castellodipralormo.com\/wp-content\/uploads\/2018\/03\/MT2018_mappa-parco-1024x495.jpg\" alt=\"MT2018_mappa parco\" width=\"900\" height=\"435\" \/><\/a>Im Rahmen der MESSER TULPEN beginnt auch die Neue Saison der \u00d6ffnung an das breite Publikum der Schlossbesichtigungen, und bietet zwei verschiedene Schlossrouten an, die sich jeweils beide dem Alltagsleben in einem antiken Wohnsitz widmen. Zwischen Kellern, K\u00fcchen und E\u00dfzimmern, Rezepten, Ger\u00e4tschaften und Anekdoten oder aber einer Modelleisenbahnanlage aus dem 19.Jhd.,auf dem die Modellz\u00fczge jener Zeit Tunnel, die durch die Wandmauern gehen, Bahnh\u00f6fe, Landschaften und G\u00fcterterminals durchqueren. <\/p>\n<p style=\"text-align: center;\"><em>F\u00fcr info: 011 884870 \u2013 8140981 \u2013 pralormo.design@libero.it<\/em><\/p>\n","protected":false},"excerpt":{"rendered":"<p>ER\u00d6FFNUNG\u00a0T\u00e4glich vom 31. M\u00e4rz bis zum 01.Mai 2018 \u00d6FFNUNGSZEITEN\u00a0Montag-Freitag 10:00- 18:00 Uhr Samstag\/Sonntg\/Feiertage 10:00-19:00 Uhr Eintritt \u20ac 8,00 f\u00fcr resevierte Gruppen und Vereinbarungen \u20ac6,50 f\u00fcr resevierte Gruppen unter der Woche \u20ac 5,50 Kinder ab 4 bis 12 Jahren \u20ac 4,00 Kinder unter 4 Jahren Freier Eintritt Wie zu besuchen: Der Park und die Einrichtungen des [&hellip;]<\/p>\n","protected":false},"author":58,"featured_media":0,"parent":0,"menu_order":0,"comment_status":"closed","ping_status":"closed","template":"","meta":[],"tags":[],"yoast_head":"<!-- This site is optimized with the Yoast SEO plugin v16.1.1 - https:\/\/yoast.com\/wordpress\/plugins\/seo\/ -->\n<title>Besuch Messer Tulpen - Castello di Pralormo<\/title>\n<link rel=\"canonical\" href=\"https:\/\/castellodipralormo.com\/de\/besuch-messer-tulpen\/\" \/>\n<meta property=\"og:locale\" content=\"de_DE\" \/>\n<meta property=\"og:type\" content=\"article\" \/>\n<meta property=\"og:title\" content=\"Besuch Messer Tulpen - Castello di Pralormo\" \/>\n<meta property=\"og:description\" content=\"ER\u00d6FFNUNG\u00a0T\u00e4glich vom 31. M\u00e4rz bis zum 01.Mai 2018 \u00d6FFNUNGSZEITEN\u00a0Montag-Freitag 10:00- 18:00 Uhr Samstag\/Sonntg\/Feiertage 10:00-19:00 Uhr Eintritt \u20ac 8,00 f\u00fcr resevierte Gruppen und Vereinbarungen \u20ac6,50 f\u00fcr resevierte Gruppen unter der Woche \u20ac 5,50 Kinder ab 4 bis 12 Jahren \u20ac 4,00 Kinder unter 4 Jahren Freier Eintritt Wie zu besuchen: Der Park und die Einrichtungen des [&hellip;]\" \/>\n<meta property=\"og:url\" content=\"https:\/\/castellodipralormo.com\/de\/besuch-messer-tulpen\/\" \/>\n<meta property=\"og:site_name\" content=\"Castello di Pralormo\" \/>\n<meta property=\"article:modified_time\" content=\"2018-04-09T07:45:50+00:00\" \/>\n<meta property=\"og:image\" content=\"http:\/\/castellodipralormo.com\/wp-content\/uploads\/2018\/03\/MT2018_mappa-parco-1024x495.jpg\" \/>\n<meta name=\"twitter:card\" content=\"summary\" \/>\n<meta name=\"twitter:label1\" content=\"Gesch\u00e4tzte Lesezeit\">\n\t<meta name=\"twitter:data1\" content=\"1 Minute\">\n<script type=\"application\/ld+json\" class=\"yoast-schema-graph\">{\"@context\":\"https:\/\/schema.org\",\"@graph\":[{\"@type\":\"WebSite\",\"@id\":\"https:\/\/castellodipralormo.com\/#website\",\"url\":\"https:\/\/castellodipralormo.com\/\",\"name\":\"Castello di Pralormo\",\"description\":\"\",\"potentialAction\":[{\"@type\":\"SearchAction\",\"target\":\"https:\/\/castellodipralormo.com\/?s={search_term_string}\",\"query-input\":\"required name=search_term_string\"}],\"inLanguage\":\"de-DE\"},{\"@type\":\"ImageObject\",\"@id\":\"https:\/\/castellodipralormo.com\/de\/besuch-messer-tulpen\/#primaryimage\",\"inLanguage\":\"de-DE\",\"url\":\"http:\/\/castellodipralormo.com\/wp-content\/uploads\/2018\/03\/MT2018_mappa-parco-1024x495.jpg\",\"contentUrl\":\"http:\/\/castellodipralormo.com\/wp-content\/uploads\/2018\/03\/MT2018_mappa-parco-1024x495.jpg\"},{\"@type\":\"WebPage\",\"@id\":\"https:\/\/castellodipralormo.com\/de\/besuch-messer-tulpen\/#webpage\",\"url\":\"https:\/\/castellodipralormo.com\/de\/besuch-messer-tulpen\/\",\"name\":\"Besuch Messer Tulpen - Castello di Pralormo\",\"isPartOf\":{\"@id\":\"https:\/\/castellodipralormo.com\/#website\"},\"primaryImageOfPage\":{\"@id\":\"https:\/\/castellodipralormo.com\/de\/besuch-messer-tulpen\/#primaryimage\"},\"datePublished\":\"2018-04-04T14:20:06+00:00\",\"dateModified\":\"2018-04-09T07:45:50+00:00\",\"breadcrumb\":{\"@id\":\"https:\/\/castellodipralormo.com\/de\/besuch-messer-tulpen\/#breadcrumb\"},\"inLanguage\":\"de-DE\",\"potentialAction\":[{\"@type\":\"ReadAction\",\"target\":[\"https:\/\/castellodipralormo.com\/de\/besuch-messer-tulpen\/\"]}]},{\"@type\":\"BreadcrumbList\",\"@id\":\"https:\/\/castellodipralormo.com\/de\/besuch-messer-tulpen\/#breadcrumb\",\"itemListElement\":[{\"@type\":\"ListItem\",\"position\":1,\"item\":{\"@type\":\"WebPage\",\"@id\":\"https:\/\/castellodipralormo.com\/de\/\",\"url\":\"https:\/\/castellodipralormo.com\/de\/\",\"name\":\"Home\"}},{\"@type\":\"ListItem\",\"position\":2,\"item\":{\"@type\":\"WebPage\",\"@id\":\"https:\/\/castellodipralormo.com\/de\/besuch-messer-tulpen\/\",\"url\":\"https:\/\/castellodipralormo.com\/de\/besuch-messer-tulpen\/\",\"name\":\"Besuch Messer Tulpen\"}}]}]}<\/script>\n<!-- \/ Yoast SEO plugin. -->","_links":{"self":[{"href":"https:\/\/castellodipralormo.com\/de\/wp-json\/wp\/v2\/pages\/4569"}],"collection":[{"href":"https:\/\/castellodipralormo.com\/de\/wp-json\/wp\/v2\/pages"}],"about":[{"href":"https:\/\/castellodipralormo.com\/de\/wp-json\/wp\/v2\/types\/page"}],"author":[{"embeddable":true,"href":"https:\/\/castellodipralormo.com\/de\/wp-json\/wp\/v2\/users\/58"}],"replies":[{"embeddable":true,"href":"https:\/\/castellodipralormo.com\/de\/wp-json\/wp\/v2\/comments?post=4569"}],"version-history":[{"count":1,"href":"https:\/\/castellodipralormo.com\/de\/wp-json\/wp\/v2\/pages\/4569\/revisions"}],"predecessor-version":[{"id":4632,"href":"https:\/\/castellodipralormo.com\/de\/wp-json\/wp\/v2\/pages\/4569\/revisions\/4632"}],"wp:attachment":[{"href":"https:\/\/castellodipralormo.com\/de\/wp-json\/wp\/v2\/media?parent=4569"}],"wp:term":[{"taxonomy":"post_tag","embeddable":true,"href":"https:\/\/castellodipralormo.com\/de\/wp-json\/wp\/v2\/tags?post=4569"}],"curies":[{"name":"wp","href":"https:\/\/api.w.org\/{rel}","templated":true}]}}